{"id":1013,"date":"2013-04-23T22:38:06","date_gmt":"2013-04-23T22:38:06","guid":{"rendered":"http:\/\/www2.unifap.br\/midias\/?page_id=1013"},"modified":"2013-07-02T13:24:23","modified_gmt":"2013-07-02T13:24:23","slug":"proftutor-clarice-costa-da-silva","status":"publish","type":"page","link":"http:\/\/www2.unifap.br\/midias\/equipe\/corpo-docente-2\/proftutor-clarice-costa-da-silva\/","title":{"rendered":"Prof.\u00aa\/Tutor Clarice Costa"},"content":{"rendered":"<p><img decoding=\"async\" class=\"alignleft\" src=\"http:\/\/servicosweb.cnpq.br\/wspessoa\/servletrecuperafoto?tipo=1&amp;id=K4245882J9\" alt=\"Clarice Costa\" width=\"110\" height=\"135\" \/><\/p>\n<p>&nbsp;<\/p>\n<p>&nbsp;<\/p>\n<p>&nbsp;<\/p>\n<p>&nbsp;<\/p>\n<p>&nbsp;<\/p>\n<h3><em><strong>Clarice Costa da Silva<\/strong><\/em><\/h3>\n<p style=\"text-align: justify\">Possui gradua\u00e7\u00e3o em Comunica\u00e7\u00e3o Social pela Faculdade Seama (2004) e gradua\u00e7\u00e3o em Pedagogia pela Universidade Federal do Amap\u00e1 (2008). Atualmente \u00e9 professora da Escola Estadual Professora Raimunda dos Passos e professora da Escola Estadual Coelho Neto. Tem experi\u00eancia na \u00e1rea de Educa\u00e7\u00e3o, com \u00eanfase em Educa\u00e7\u00e3o<\/p>\n","protected":false},"excerpt":{"rendered":"<p>&nbsp; &nbsp; &nbsp; &nbsp; &nbsp; Clarice Costa da Silva Possui gradua\u00e7\u00e3o em Comunica\u00e7\u00e3o Social pela Faculdade Seama (2004) e gradua\u00e7\u00e3o em Pedagogia pela Universidade Federal do Amap\u00e1 (2008). Atualmente \u00e9 professora da Escola Estadual Professora Raimunda dos Passos e professora&hellip; <\/p>\n<p><a href=\"http:\/\/www2.unifap.br\/midias\/equipe\/corpo-docente-2\/proftutor-clarice-costa-da-silva\/\" class=\"readmore-button\">Continue Reading<\/a><\/p>\n","protected":false},"author":169,"featured_media":0,"parent":42,"menu_order":0,"comment_status":"open","ping_status":"closed","template":"template-twocolumns-left.php","meta":{"inline_featured_image":false,"ngg_post_thumbnail":0,"footnotes":""},"class_list":["post-1013","page","type-page","status-publish","hentry"],"_links":{"self":[{"href":"http:\/\/www2.unifap.br\/midias\/wp-json\/wp\/v2\/pages\/1013","targetHints":{"allow":["GET"]}}],"collection":[{"href":"http:\/\/www2.unifap.br\/midias\/wp-json\/wp\/v2\/pages"}],"about":[{"href":"http:\/\/www2.unifap.br\/midias\/wp-json\/wp\/v2\/types\/page"}],"author":[{"embeddable":true,"href":"http:\/\/www2.unifap.br\/midias\/wp-json\/wp\/v2\/users\/169"}],"replies":[{"embeddable":true,"href":"http:\/\/www2.unifap.br\/midias\/wp-json\/wp\/v2\/comments?post=1013"}],"version-history":[{"count":11,"href":"http:\/\/www2.unifap.br\/midias\/wp-json\/wp\/v2\/pages\/1013\/revisions"}],"predecessor-version":[{"id":1196,"href":"http:\/\/www2.unifap.br\/midias\/wp-json\/wp\/v2\/pages\/1013\/revisions\/1196"}],"up":[{"embeddable":true,"href":"http:\/\/www2.unifap.br\/midias\/wp-json\/wp\/v2\/pages\/42"}],"wp:attachment":[{"href":"http:\/\/www2.unifap.br\/midias\/wp-json\/wp\/v2\/media?parent=1013"}],"curies":[{"name":"wp","href":"https:\/\/api.w.org\/{rel}","templated":true}]}}