{"id":1019,"date":"2013-04-23T22:51:11","date_gmt":"2013-04-23T22:51:11","guid":{"rendered":"http:\/\/www2.unifap.br\/midias\/?page_id=1019"},"modified":"2013-07-02T13:24:23","modified_gmt":"2013-07-02T13:24:23","slug":"proftutor-fernando-castro-amoras","status":"publish","type":"page","link":"http:\/\/www2.unifap.br\/midias\/equipe\/corpo-docente-2\/proftutor-fernando-castro-amoras\/","title":{"rendered":"Prof.\u00ba\/Tutor Fernando Castro"},"content":{"rendered":"<p><img decoding=\"async\" class=\"alignnone\" src=\"http:\/\/servicosweb.cnpq.br\/wspessoa\/servletrecuperafoto?tipo=1&amp;id=K4238160Y1\" alt=\"Foto\" width=\"110\" height=\"166\" \/><\/p>\n<h2><em><strong>Fernando Castro Amoras<\/strong><\/em><\/h2>\n<p>Graduado em Ci\u00eancias Sociais (2008), Especialista em Gest\u00e3o P\u00fablica (2010) e Mestre em Desenvolvimento Regional (2011), todos na Universidade Federal do Amap\u00e1, onde trabalha como T\u00e9cnico em Assuntos Educacionais. Tem experi\u00eancia na \u00e1rea de Administra\u00e7\u00e3o P\u00fablica e em ensino de Sociologia, Filosofia e Metodologia Cient\u00edfica. \u00c9 Editor-Chefe da revista Esta\u00e7\u00e3o Cient\u00edfica (UNIFAP).<em><strong><br \/>\n<\/strong><\/em><\/p>\n","protected":false},"excerpt":{"rendered":"<p>Fernando Castro Amoras Graduado em Ci\u00eancias Sociais (2008), Especialista em Gest\u00e3o P\u00fablica (2010) e Mestre em Desenvolvimento Regional (2011), todos na Universidade Federal do Amap\u00e1, onde trabalha como T\u00e9cnico em Assuntos Educacionais. Tem experi\u00eancia na \u00e1rea de Administra\u00e7\u00e3o P\u00fablica e&hellip; <\/p>\n<p><a href=\"http:\/\/www2.unifap.br\/midias\/equipe\/corpo-docente-2\/proftutor-fernando-castro-amoras\/\" class=\"readmore-button\">Continue Reading<\/a><\/p>\n","protected":false},"author":169,"featured_media":0,"parent":42,"menu_order":0,"comment_status":"open","ping_status":"closed","template":"template-twocolumns-left.php","meta":{"inline_featured_image":false,"ngg_post_thumbnail":0,"footnotes":""},"class_list":["post-1019","page","type-page","status-publish","hentry"],"_links":{"self":[{"href":"http:\/\/www2.unifap.br\/midias\/wp-json\/wp\/v2\/pages\/1019","targetHints":{"allow":["GET"]}}],"collection":[{"href":"http:\/\/www2.unifap.br\/midias\/wp-json\/wp\/v2\/pages"}],"about":[{"href":"http:\/\/www2.unifap.br\/midias\/wp-json\/wp\/v2\/types\/page"}],"author":[{"embeddable":true,"href":"http:\/\/www2.unifap.br\/midias\/wp-json\/wp\/v2\/users\/169"}],"replies":[{"embeddable":true,"href":"http:\/\/www2.unifap.br\/midias\/wp-json\/wp\/v2\/comments?post=1019"}],"version-history":[{"count":5,"href":"http:\/\/www2.unifap.br\/midias\/wp-json\/wp\/v2\/pages\/1019\/revisions"}],"predecessor-version":[{"id":1202,"href":"http:\/\/www2.unifap.br\/midias\/wp-json\/wp\/v2\/pages\/1019\/revisions\/1202"}],"up":[{"embeddable":true,"href":"http:\/\/www2.unifap.br\/midias\/wp-json\/wp\/v2\/pages\/42"}],"wp:attachment":[{"href":"http:\/\/www2.unifap.br\/midias\/wp-json\/wp\/v2\/media?parent=1019"}],"curies":[{"name":"wp","href":"https:\/\/api.w.org\/{rel}","templated":true}]}}