{"id":1024,"date":"2013-04-23T23:07:32","date_gmt":"2013-04-23T23:07:32","guid":{"rendered":"http:\/\/www2.unifap.br\/midias\/?page_id=1024"},"modified":"2013-07-02T13:24:23","modified_gmt":"2013-07-02T13:24:23","slug":"proftutor-jefferson-saar","status":"publish","type":"page","link":"http:\/\/www2.unifap.br\/midias\/equipe\/corpo-docente-2\/proftutor-jefferson-saar\/","title":{"rendered":"Prof.\u00ba\/Tutor Jefferson Saar"},"content":{"rendered":"<p><img decoding=\"async\" src=\"http:\/\/servicosweb.cnpq.br\/wspessoa\/servletrecuperafoto?tipo=1&amp;id=K4420341A0\" alt=\"Foto\" width=\"159\" height=\"154\" \/><\/p>\n<p>&nbsp;<\/p>\n<h2><em><strong>Jefferson Ferreira Saar<\/strong><\/em><\/h2>\n<p style=\"text-align: justify\">Bacharel em Comunica\u00e7\u00e3o Social com Habilita\u00e7\u00e3o em Publicidade e Propaganda pela Funda\u00e7\u00e3o Armando \u00c1lvares Penteado FAAP (2002). Especialista em Planejamento Estrat\u00e9gico em Comunica\u00e7\u00e3o pela Universidade Metodista de S\u00e3o Paulo UMESP (2005). Mestre em Comunica\u00e7\u00e3o Social pela Universidade Metodista de S\u00e3o Paulo UMESP (2009). Coordenador dos cursos de Comunica\u00e7\u00e3o Social da Faculdade SEAMA (Jornalismo, Publicidade e Propaganda e Rela\u00e7\u00f5es P\u00fablicas). Professor do curso de Publicidade e Propaganda da Faculdade SEAMA. Tem experi\u00eancia nas \u00e1reas de comunica\u00e7\u00e3o e marketing, comunica\u00e7\u00e3o organizacional e institucional, marketing esportivo, publicidade e propaganda e novas m\u00eddias.<\/p>\n<p style=\"text-align: justify\"><em><strong><br \/>\n<\/strong><\/em><\/p>\n<p>&nbsp;<\/p>\n","protected":false},"excerpt":{"rendered":"<p>&nbsp; Jefferson Ferreira Saar Bacharel em Comunica\u00e7\u00e3o Social com Habilita\u00e7\u00e3o em Publicidade e Propaganda pela Funda\u00e7\u00e3o Armando \u00c1lvares Penteado FAAP (2002). Especialista em Planejamento Estrat\u00e9gico em Comunica\u00e7\u00e3o pela Universidade Metodista de S\u00e3o Paulo UMESP (2005). Mestre em Comunica\u00e7\u00e3o Social pela&hellip; <\/p>\n<p><a href=\"http:\/\/www2.unifap.br\/midias\/equipe\/corpo-docente-2\/proftutor-jefferson-saar\/\" class=\"readmore-button\">Continue Reading<\/a><\/p>\n","protected":false},"author":169,"featured_media":0,"parent":42,"menu_order":0,"comment_status":"open","ping_status":"closed","template":"template-twocolumns-left.php","meta":{"inline_featured_image":false,"ngg_post_thumbnail":0,"footnotes":""},"class_list":["post-1024","page","type-page","status-publish","hentry"],"_links":{"self":[{"href":"http:\/\/www2.unifap.br\/midias\/wp-json\/wp\/v2\/pages\/1024","targetHints":{"allow":["GET"]}}],"collection":[{"href":"http:\/\/www2.unifap.br\/midias\/wp-json\/wp\/v2\/pages"}],"about":[{"href":"http:\/\/www2.unifap.br\/midias\/wp-json\/wp\/v2\/types\/page"}],"author":[{"embeddable":true,"href":"http:\/\/www2.unifap.br\/midias\/wp-json\/wp\/v2\/users\/169"}],"replies":[{"embeddable":true,"href":"http:\/\/www2.unifap.br\/midias\/wp-json\/wp\/v2\/comments?post=1024"}],"version-history":[{"count":7,"href":"http:\/\/www2.unifap.br\/midias\/wp-json\/wp\/v2\/pages\/1024\/revisions"}],"predecessor-version":[{"id":1203,"href":"http:\/\/www2.unifap.br\/midias\/wp-json\/wp\/v2\/pages\/1024\/revisions\/1203"}],"up":[{"embeddable":true,"href":"http:\/\/www2.unifap.br\/midias\/wp-json\/wp\/v2\/pages\/42"}],"wp:attachment":[{"href":"http:\/\/www2.unifap.br\/midias\/wp-json\/wp\/v2\/media?parent=1024"}],"curies":[{"name":"wp","href":"https:\/\/api.w.org\/{rel}","templated":true}]}}