{"id":1028,"date":"2013-04-23T23:20:04","date_gmt":"2013-04-23T23:20:04","guid":{"rendered":"http:\/\/www2.unifap.br\/midias\/?page_id=1028"},"modified":"2013-07-02T13:24:23","modified_gmt":"2013-07-02T13:24:23","slug":"proftutor-lourrene-mafra","status":"publish","type":"page","link":"http:\/\/www2.unifap.br\/midias\/equipe\/corpo-docente-2\/proftutor-lourrene-mafra\/","title":{"rendered":"Prof.\u00aa\/Tutor Lourrene Mafra"},"content":{"rendered":"<p><img decoding=\"async\" src=\"http:\/\/servicosweb.cnpq.br\/wspessoa\/servletrecuperafoto?tipo=1&amp;id=K4283279D5\" alt=\"Foto\" width=\"158\" height=\"199\" \/><\/p>\n<h2><em><strong>Lourrene de Cassia Alexandre Mafra<\/strong><\/em><\/h2>\n<p style=\"text-align: justify\">Possui mestrado em Integra\u00e7\u00e3o da Am\u00e9rica Latina &#8211; PROLAM pela Universidade de S\u00e3o Paulo-USP e gradua\u00e7\u00e3o em Rela\u00e7\u00f5es Internacionais pela Universidade Estadual Paulista &#8211; Unesp Franca. Atualmente \u00e9 professor assistente do curso de Rela\u00e7\u00f5es Internacionais da Universidade Federal do Amap\u00e1. Tem experi\u00eancia na \u00e1rea de Comunidades Epist\u00eamicas, Coopera\u00e7\u00e3o Internacional para o Combate \u00e0 Corrup\u00e7\u00e3o, Organismos Internacionais,Teoria das Rela\u00e7\u00f5es internacionais, Com\u00e9rcio Exterior e Log\u00edstica Internacional. Possui interesse pelas \u00e1reas de Teoria das Rela\u00e7\u00f5es Internacionais, Pol\u00edtica Internacional, Pol\u00edticas P\u00fablicas, Coopera\u00e7\u00e3o Internacional, Governan\u00e7a, Amaz\u00f4nia e Pr\u00e1ticas de Com\u00e9rcio Exterior.<strong><\/strong><em><strong><br \/>\n<\/strong><\/em><\/p>\n","protected":false},"excerpt":{"rendered":"<p>Lourrene de Cassia Alexandre Mafra Possui mestrado em Integra\u00e7\u00e3o da Am\u00e9rica Latina &#8211; PROLAM pela Universidade de S\u00e3o Paulo-USP e gradua\u00e7\u00e3o em Rela\u00e7\u00f5es Internacionais pela Universidade Estadual Paulista &#8211; Unesp Franca. Atualmente \u00e9 professor assistente do curso de Rela\u00e7\u00f5es Internacionais&hellip; <\/p>\n<p><a href=\"http:\/\/www2.unifap.br\/midias\/equipe\/corpo-docente-2\/proftutor-lourrene-mafra\/\" class=\"readmore-button\">Continue Reading<\/a><\/p>\n","protected":false},"author":169,"featured_media":0,"parent":42,"menu_order":0,"comment_status":"open","ping_status":"closed","template":"template-twocolumns-left.php","meta":{"inline_featured_image":false,"ngg_post_thumbnail":0,"footnotes":""},"class_list":["post-1028","page","type-page","status-publish","hentry"],"_links":{"self":[{"href":"http:\/\/www2.unifap.br\/midias\/wp-json\/wp\/v2\/pages\/1028","targetHints":{"allow":["GET"]}}],"collection":[{"href":"http:\/\/www2.unifap.br\/midias\/wp-json\/wp\/v2\/pages"}],"about":[{"href":"http:\/\/www2.unifap.br\/midias\/wp-json\/wp\/v2\/types\/page"}],"author":[{"embeddable":true,"href":"http:\/\/www2.unifap.br\/midias\/wp-json\/wp\/v2\/users\/169"}],"replies":[{"embeddable":true,"href":"http:\/\/www2.unifap.br\/midias\/wp-json\/wp\/v2\/comments?post=1028"}],"version-history":[{"count":5,"href":"http:\/\/www2.unifap.br\/midias\/wp-json\/wp\/v2\/pages\/1028\/revisions"}],"predecessor-version":[{"id":1199,"href":"http:\/\/www2.unifap.br\/midias\/wp-json\/wp\/v2\/pages\/1028\/revisions\/1199"}],"up":[{"embeddable":true,"href":"http:\/\/www2.unifap.br\/midias\/wp-json\/wp\/v2\/pages\/42"}],"wp:attachment":[{"href":"http:\/\/www2.unifap.br\/midias\/wp-json\/wp\/v2\/media?parent=1028"}],"curies":[{"name":"wp","href":"https:\/\/api.w.org\/{rel}","templated":true}]}}