{"id":1030,"date":"2013-04-23T23:23:44","date_gmt":"2013-04-23T23:23:44","guid":{"rendered":"http:\/\/www2.unifap.br\/midias\/?page_id=1030"},"modified":"2013-07-02T13:24:23","modified_gmt":"2013-07-02T13:24:23","slug":"proftutor-miriam-maia-de-araujo-pereira","status":"publish","type":"page","link":"http:\/\/www2.unifap.br\/midias\/equipe\/corpo-docente-2\/proftutor-miriam-maia-de-araujo-pereira\/","title":{"rendered":"Prof.\u00aa\/Tutor Miriam Maia"},"content":{"rendered":"<p><img decoding=\"async\" src=\"http:\/\/servicosweb.cnpq.br\/wspessoa\/servletrecuperafoto?tipo=1&amp;id=K4440706T0\" alt=\"Foto\" width=\"146\" height=\"190\" \/><\/p>\n<h2><em><strong>Miriam Maia de Araujo Pereira<\/strong><\/em><\/h2>\n<p style=\"text-align: justify\">Mestrado em Lingu\u00edstica pela Universidade Federal de Santa Catarina &#8211; UFSC (2012). Especializa\u00e7\u00e3o no Ensino da L\u00edngua Portuguesa pela Universidade Estadual do Centro-Oeste &#8211; UNICENTRO (1998) em Guarapuava &#8211; PR. Licenciatura Plena em Letras pela Universidade Federal do Amap\u00e1 &#8211; UNIFAP(1995). Com experi\u00eancia em doc\u00eancia no Ensino M\u00e9dio e Educa\u00e7\u00e3o Superior. Tem experi\u00eancia na \u00e1rea de Educa\u00e7\u00e3o e Letras\/Lingu\u00edstica.<\/p>\n","protected":false},"excerpt":{"rendered":"<p>Miriam Maia de Araujo Pereira Mestrado em Lingu\u00edstica pela Universidade Federal de Santa Catarina &#8211; UFSC (2012). Especializa\u00e7\u00e3o no Ensino da L\u00edngua Portuguesa pela Universidade Estadual do Centro-Oeste &#8211; UNICENTRO (1998) em Guarapuava &#8211; PR. Licenciatura Plena em Letras pela&hellip; <\/p>\n<p><a href=\"http:\/\/www2.unifap.br\/midias\/equipe\/corpo-docente-2\/proftutor-miriam-maia-de-araujo-pereira\/\" class=\"readmore-button\">Continue Reading<\/a><\/p>\n","protected":false},"author":169,"featured_media":0,"parent":42,"menu_order":0,"comment_status":"open","ping_status":"closed","template":"template-twocolumns-left.php","meta":{"inline_featured_image":false,"ngg_post_thumbnail":0,"footnotes":""},"class_list":["post-1030","page","type-page","status-publish","hentry"],"_links":{"self":[{"href":"http:\/\/www2.unifap.br\/midias\/wp-json\/wp\/v2\/pages\/1030","targetHints":{"allow":["GET"]}}],"collection":[{"href":"http:\/\/www2.unifap.br\/midias\/wp-json\/wp\/v2\/pages"}],"about":[{"href":"http:\/\/www2.unifap.br\/midias\/wp-json\/wp\/v2\/types\/page"}],"author":[{"embeddable":true,"href":"http:\/\/www2.unifap.br\/midias\/wp-json\/wp\/v2\/users\/169"}],"replies":[{"embeddable":true,"href":"http:\/\/www2.unifap.br\/midias\/wp-json\/wp\/v2\/comments?post=1030"}],"version-history":[{"count":9,"href":"http:\/\/www2.unifap.br\/midias\/wp-json\/wp\/v2\/pages\/1030\/revisions"}],"predecessor-version":[{"id":1033,"href":"http:\/\/www2.unifap.br\/midias\/wp-json\/wp\/v2\/pages\/1030\/revisions\/1033"}],"up":[{"embeddable":true,"href":"http:\/\/www2.unifap.br\/midias\/wp-json\/wp\/v2\/pages\/42"}],"wp:attachment":[{"href":"http:\/\/www2.unifap.br\/midias\/wp-json\/wp\/v2\/media?parent=1030"}],"curies":[{"name":"wp","href":"https:\/\/api.w.org\/{rel}","templated":true}]}}