{"id":1035,"date":"2013-04-23T23:36:31","date_gmt":"2013-04-23T23:36:31","guid":{"rendered":"http:\/\/www2.unifap.br\/midias\/?page_id=1035"},"modified":"2013-07-02T13:24:23","modified_gmt":"2013-07-02T13:24:23","slug":"proftutor-raphaelle-sousa-borges","status":"publish","type":"page","link":"http:\/\/www2.unifap.br\/midias\/equipe\/corpo-docente-2\/proftutor-raphaelle-sousa-borges\/","title":{"rendered":"Prof.\u00aa\/Tutor Raphaelle Borges"},"content":{"rendered":"<p><em><strong>Raphaelle Sousa Borges<\/strong><\/em><\/p>\n<p style=\"text-align: justify\">Possui gradua\u00e7\u00e3o em Biomedicina &#8211; An\u00e1lises Cl\u00ednicas pela Faculdade Seama (2008). \u00c9 p\u00f3s-graduada em Doc\u00eancia do Ensino Superior Lato Sensu pela Faculdade Meta (2010) e est\u00e1 cursando o Mestrado em Ci\u00eancias Farmac\u00eauticas na Universidade Federal do Amap\u00e1 &#8211; UNIFAP.<strong><\/strong><em><strong><br \/>\n<\/strong><\/em><\/p>\n","protected":false},"excerpt":{"rendered":"<p>Raphaelle Sousa Borges Possui gradua\u00e7\u00e3o em Biomedicina &#8211; An\u00e1lises Cl\u00ednicas pela Faculdade Seama (2008). \u00c9 p\u00f3s-graduada em Doc\u00eancia do Ensino Superior Lato Sensu pela Faculdade Meta (2010) e est\u00e1 cursando o Mestrado em Ci\u00eancias Farmac\u00eauticas na Universidade Federal do Amap\u00e1&hellip; <\/p>\n<p><a href=\"http:\/\/www2.unifap.br\/midias\/equipe\/corpo-docente-2\/proftutor-raphaelle-sousa-borges\/\" class=\"readmore-button\">Continue Reading<\/a><\/p>\n","protected":false},"author":169,"featured_media":0,"parent":42,"menu_order":0,"comment_status":"open","ping_status":"closed","template":"template-twocolumns-left.php","meta":{"inline_featured_image":false,"ngg_post_thumbnail":0,"footnotes":""},"class_list":["post-1035","page","type-page","status-publish","hentry"],"_links":{"self":[{"href":"http:\/\/www2.unifap.br\/midias\/wp-json\/wp\/v2\/pages\/1035","targetHints":{"allow":["GET"]}}],"collection":[{"href":"http:\/\/www2.unifap.br\/midias\/wp-json\/wp\/v2\/pages"}],"about":[{"href":"http:\/\/www2.unifap.br\/midias\/wp-json\/wp\/v2\/types\/page"}],"author":[{"embeddable":true,"href":"http:\/\/www2.unifap.br\/midias\/wp-json\/wp\/v2\/users\/169"}],"replies":[{"embeddable":true,"href":"http:\/\/www2.unifap.br\/midias\/wp-json\/wp\/v2\/comments?post=1035"}],"version-history":[{"count":6,"href":"http:\/\/www2.unifap.br\/midias\/wp-json\/wp\/v2\/pages\/1035\/revisions"}],"predecessor-version":[{"id":1201,"href":"http:\/\/www2.unifap.br\/midias\/wp-json\/wp\/v2\/pages\/1035\/revisions\/1201"}],"up":[{"embeddable":true,"href":"http:\/\/www2.unifap.br\/midias\/wp-json\/wp\/v2\/pages\/42"}],"wp:attachment":[{"href":"http:\/\/www2.unifap.br\/midias\/wp-json\/wp\/v2\/media?parent=1035"}],"curies":[{"name":"wp","href":"https:\/\/api.w.org\/{rel}","templated":true}]}}