{"id":1037,"date":"2013-04-23T23:38:12","date_gmt":"2013-04-23T23:38:12","guid":{"rendered":"http:\/\/www2.unifap.br\/midias\/?page_id=1037"},"modified":"2016-04-08T00:12:49","modified_gmt":"2016-04-08T00:12:49","slug":"curso-de-especializacao","status":"publish","type":"page","link":"http:\/\/www2.unifap.br\/midias\/curso-de-especializacao\/","title":{"rendered":"Especializa\u00e7\u00e3o"},"content":{"rendered":"<p style=\"text-align: center\"><img fetchpriority=\"high\" decoding=\"async\" alt=\"\" src=\"http:\/\/www2.unifap.br\/midias\/files\/2013\/04\/M\u00eddias.png\" width=\"296\" height=\"238\" \/><\/p>\n<p style=\"text-align: center\"><strong>CURSO DE ESPECIALIZA\u00c7\u00c3O EM M\u00cdDIAS NA EDUCA\u00c7\u00c3O<\/strong><\/p>\n<p>&nbsp;<\/p>\n<p style=\"text-align: justify\">A Secretaria de Educa\u00e7\u00e3o a Dist\u00e2ncia, do Minist\u00e9rio da Educa\u00e7\u00e3o, busca, como um dos seus principais objetivos, garantir aos educadores e educandos das escolas p\u00fablicas a democratiza\u00e7\u00e3o do acesso e o dom\u00ednio das linguagens de informa\u00e7\u00e3o e comunica\u00e7\u00e3o, bem como difundir o uso das Tecnologias de Informa\u00e7\u00e3o e Comunica\u00e7\u00e3o (TICs) no ensino p\u00fablico e incentivar a educa\u00e7\u00e3o a dist\u00e2ncia (EAD). Programas como TV Escola, R\u00e1dio Escola, Proforma\u00e7\u00e3o e ProInfo foram cuidadosamente planejados, implementados e avaliados com a clara inten\u00e7\u00e3o de alcan\u00e7ar esses objetivos.<\/p>\n<hr \/>\n<div class=\"entry-content\">\n<p>&nbsp;<\/p>\n<p><a href=\"http:\/\/moodle2.unifap.br\"><img decoding=\"async\" alt=\"\" src=\"http:\/\/www2.unifap.br\/midias\/files\/2013\/04\/logos_moodle.gif\" width=\"50\" height=\"40\" \/> <em><strong>Plataforma Moodle<\/strong><\/em><\/a><\/p>\n<p><a title=\"Corpo Docente\" href=\"http:\/\/www2.unifap.br\/midias\/curso-de-especializacao\/corpo-docente-2\/\"><img decoding=\"async\" alt=\"\" src=\"http:\/\/www2.unifap.br\/midias\/files\/2013\/04\/images-150x150.jpg\" width=\"50\" height=\"40\" \/> <em><strong>Corpo Docente<\/strong><\/em><\/a><\/p>\n<p><em><strong>Turmas 2013<\/strong><\/em><\/p>\n<p><strong><em><a title=\"Cronograma dos M\u00f3dulos\" href=\"http:\/\/www2.unifap.br\/midias\/curso-de-especializacao\/cronograma-dos-modulos\/\">Cronograma e\u00a0Matriz curricular<\/a><\/em><\/strong><\/p>\n<p><strong><em><br \/>\n<\/em><\/strong><\/p>\n<hr \/>\n<p style=\"text-align: justify\"><strong>P\u00fablico-Alvo: <\/strong><span style=\"font-size: 13px;line-height: 19px\">Docentes da rede p\u00fablica de ensino portadores de n\u00edvel superior completo e que j\u00e1 participaram com aprova\u00e7\u00e3o dos ciclos b\u00e1sico e\/ou intermedi\u00e1rio do programa de forma\u00e7\u00e3o continuada em m\u00eddias na educa\u00e7\u00e3o.<\/span><\/p>\n<p><strong>Objetivos do curso:<\/strong><\/p>\n<p><strong>Geral:<\/strong><\/p>\n<ul>\n<li>Capacitar em n\u00edvel de p\u00f3s-gradua\u00e7\u00e3o lato sensu (especializa\u00e7\u00e3o) os professores da educa\u00e7\u00e3o b\u00e1sica da rede p\u00fablica de ensino, como forma direta de contribuir para a melhoria da qualidade da educa\u00e7\u00e3o brasileira, considerando como fator decisivo o uso integrado das m\u00eddias no processo educativo.<\/li>\n<\/ul>\n<p><strong>Espec\u00edficos:<\/strong><\/p>\n<ul>\n<li>Proporcionar uma vis\u00e3o geral das m\u00eddias, caracterizando-as e fundamentando pr\u00e1ticas pedag\u00f3gicas de utiliza\u00e7\u00e3o em sala de aula;<\/li>\n<li>Discutir conceitos, potenciais e implica\u00e7\u00f5es do uso das m\u00eddias na educa\u00e7\u00e3o;<\/li>\n<li>Trabalhar as m\u00eddias apresentadas de maneira que o car\u00e1ter te\u00f3rico-pr\u00e1tico das atividades busque facilitar o processo de conhecimento e intera\u00e7\u00e3o entre educadores e educandos por meio da utiliza\u00e7\u00e3o da tecnologia;<\/li>\n<li>Possibilitar aos professores e alunos uma din\u00e2mica de trabalho interativa em que diferentes formas de comunica\u00e7\u00e3o possam ser estabelecidas tanto de forma s\u00edncrona como ass\u00edncrona;<\/li>\n<li>Explorar o potencial dos Programas da UAB\/MEC (TV Escola, Proinfo, R\u00e1dio Escola, Rived) e os desenvolvidos por IES ou Secretarias Estaduais e Municipais de Educa\u00e7\u00e3o, no Projeto Pol\u00edtico Pedag\u00f3gico da escola, sua gest\u00e3o no cotidiano escolar e sua disponibilidade \u00e0 comunidade;<\/li>\n<li>Elaborar propostas concretas para utiliza\u00e7\u00e3o dos acervos tecnol\u00f3gicos disponibilizados \u00e0 escola no desenvolvimento de atividades curriculares nas diferentes \u00e1reas do conhecimento;<\/li>\n<li>Desenvolver estrat\u00e9gias de utiliza\u00e7\u00e3o autoral das m\u00eddias dispon\u00edveis e de forma\u00e7\u00e3o do leitor cr\u00edtico;<\/li>\n<li>Elaborar projeto de uso integrado das m\u00eddias dispon\u00edveis.<\/li>\n<\/ul>\n<p><strong>Carga hor\u00e1ria do Curso:<\/strong> 360 horas<\/p>\n<p><strong>Forma de Ingresso: <\/strong>Processo Seletivo<\/p>\n<p><strong>N\u00famero de Vagas:<\/strong> 100<span style=\"font-size: 16px\"> vagas<\/span><\/p>\n<p><span style=\"font-size: 16px\"><strong>Previs\u00e3o para in\u00edcio das atividades:<\/strong> 2\u00ba semestre de 2016.<\/span><\/p>\n<p><strong>T\u00edtulo Conferido: <\/strong>Especialista em M\u00eddias na Educa\u00e7\u00e3o.<\/p>\n<p><strong>Coordenador do Curso:<\/strong> Prof\u00ba Rafael Pontes Lima \u2013 Portaria n\u00b0 140\/2011 \u2013 UNIFAP<\/p>\n<p>&nbsp;<\/p>\n<\/div>\n<hr \/>\n<p>&nbsp;<\/p>\n","protected":false},"excerpt":{"rendered":"<p>CURSO DE ESPECIALIZA\u00c7\u00c3O EM M\u00cdDIAS NA EDUCA\u00c7\u00c3O &nbsp; A Secretaria de Educa\u00e7\u00e3o a Dist\u00e2ncia, do Minist\u00e9rio da Educa\u00e7\u00e3o, busca, como um dos seus principais objetivos, garantir aos educadores e educandos das escolas p\u00fablicas a democratiza\u00e7\u00e3o do acesso e o dom\u00ednio&hellip; <\/p>\n<p><a href=\"http:\/\/www2.unifap.br\/midias\/curso-de-especializacao\/\" class=\"readmore-button\">Continue Reading<\/a><\/p>\n","protected":false},"author":169,"featured_media":0,"parent":0,"menu_order":1,"comment_status":"open","ping_status":"closed","template":"","meta":{"inline_featured_image":false,"ngg_post_thumbnail":0,"footnotes":""},"class_list":["post-1037","page","type-page","status-publish","hentry"],"_links":{"self":[{"href":"http:\/\/www2.unifap.br\/midias\/wp-json\/wp\/v2\/pages\/1037","targetHints":{"allow":["GET"]}}],"collection":[{"href":"http:\/\/www2.unifap.br\/midias\/wp-json\/wp\/v2\/pages"}],"about":[{"href":"http:\/\/www2.unifap.br\/midias\/wp-json\/wp\/v2\/types\/page"}],"author":[{"embeddable":true,"href":"http:\/\/www2.unifap.br\/midias\/wp-json\/wp\/v2\/users\/169"}],"replies":[{"embeddable":true,"href":"http:\/\/www2.unifap.br\/midias\/wp-json\/wp\/v2\/comments?post=1037"}],"version-history":[{"count":27,"href":"http:\/\/www2.unifap.br\/midias\/wp-json\/wp\/v2\/pages\/1037\/revisions"}],"predecessor-version":[{"id":3234,"href":"http:\/\/www2.unifap.br\/midias\/wp-json\/wp\/v2\/pages\/1037\/revisions\/3234"}],"wp:attachment":[{"href":"http:\/\/www2.unifap.br\/midias\/wp-json\/wp\/v2\/media?parent=1037"}],"curies":[{"name":"wp","href":"https:\/\/api.w.org\/{rel}","templated":true}]}}