{"id":116,"date":"2012-03-01T23:33:28","date_gmt":"2012-03-01T23:33:28","guid":{"rendered":"http:\/\/www2.unifap.br\/midias\/?page_id=116"},"modified":"2013-07-02T13:24:23","modified_gmt":"2013-07-02T13:24:23","slug":"professortutor-eusebia-de-fatima-santa-rosa-de-sousa","status":"publish","type":"page","link":"http:\/\/www2.unifap.br\/midias\/equipe\/corpo-docente-2\/professortutor-eusebia-de-fatima-santa-rosa-de-sousa\/","title":{"rendered":"Prof.\u00aa\/Tutor Eus\u00e9bia de F\u00e1tima"},"content":{"rendered":"<div><a href=\"http:\/\/www2.unifap.br\/midias\/files\/2012\/03\/eusebia.jpg\"><img decoding=\"async\" class=\"alignnone size-full wp-image-185\" src=\"http:\/\/www2.unifap.br\/midias\/files\/2012\/03\/eusebia.jpg\" alt=\"\" width=\"124\" height=\"93\" \/><\/a><\/div>\n<div><\/div>\n<div><strong>Eus\u00e9bia de F\u00e1tima Santa Rosa de Sousa<\/strong><\/div>\n<div>Docente ensino M\u00e9dio e Superior<\/div>\n<div>Atua\u00e7\u00e3o: Escola E. Prof. Gabriel Almeida Caf\u00e9 (Ensino m\u00e9dio inovador) UEAP \/ UNIFAP\/ UVA<\/div>\n<div>Forma\u00e7\u00e3o: Licenciatura em Letras &#8211; UFPA (2000)<\/div>\n<div>Especialista: L\u00edngua Portuguesa e An\u00e1lise Liter\u00e1ria &#8211; UEPA (2005)<\/div>\n<div>Mestranda:\u00a0\u00a0Informa\u00e7\u00e3o, Comunica\u00e7\u00e3o e Novas M\u00eddias<span style=\"color: #2a2a2a;font-family: 'Segoe UI',Tahoma,Verdana,Arial,sans-serif\"> &#8211; Universidade de Coimbra &#8211; Portugal<\/span><\/div>\n<div>Contato: santarosa@hotmail.com<\/div>\n<div>(96) 81289449<\/div>\n","protected":false},"excerpt":{"rendered":"<p>Eus\u00e9bia de F\u00e1tima Santa Rosa de Sousa Docente ensino M\u00e9dio e Superior Atua\u00e7\u00e3o: Escola E. Prof. Gabriel Almeida Caf\u00e9 (Ensino m\u00e9dio inovador) UEAP \/ UNIFAP\/ UVA Forma\u00e7\u00e3o: Licenciatura em Letras &#8211; UFPA (2000) Especialista: L\u00edngua Portuguesa e An\u00e1lise Liter\u00e1ria &#8211;&hellip; <\/p>\n<p><a href=\"http:\/\/www2.unifap.br\/midias\/equipe\/corpo-docente-2\/professortutor-eusebia-de-fatima-santa-rosa-de-sousa\/\" class=\"readmore-button\">Continue Reading<\/a><\/p>\n","protected":false},"author":98,"featured_media":0,"parent":42,"menu_order":0,"comment_status":"open","ping_status":"closed","template":"template-twocolumns-left.php","meta":{"inline_featured_image":false,"ngg_post_thumbnail":0,"footnotes":""},"class_list":["post-116","page","type-page","status-publish","hentry"],"_links":{"self":[{"href":"http:\/\/www2.unifap.br\/midias\/wp-json\/wp\/v2\/pages\/116","targetHints":{"allow":["GET"]}}],"collection":[{"href":"http:\/\/www2.unifap.br\/midias\/wp-json\/wp\/v2\/pages"}],"about":[{"href":"http:\/\/www2.unifap.br\/midias\/wp-json\/wp\/v2\/types\/page"}],"author":[{"embeddable":true,"href":"http:\/\/www2.unifap.br\/midias\/wp-json\/wp\/v2\/users\/98"}],"replies":[{"embeddable":true,"href":"http:\/\/www2.unifap.br\/midias\/wp-json\/wp\/v2\/comments?post=116"}],"version-history":[{"count":11,"href":"http:\/\/www2.unifap.br\/midias\/wp-json\/wp\/v2\/pages\/116\/revisions"}],"predecessor-version":[{"id":1198,"href":"http:\/\/www2.unifap.br\/midias\/wp-json\/wp\/v2\/pages\/116\/revisions\/1198"}],"up":[{"embeddable":true,"href":"http:\/\/www2.unifap.br\/midias\/wp-json\/wp\/v2\/pages\/42"}],"wp:attachment":[{"href":"http:\/\/www2.unifap.br\/midias\/wp-json\/wp\/v2\/media?parent=116"}],"curies":[{"name":"wp","href":"https:\/\/api.w.org\/{rel}","templated":true}]}}