{"id":1317,"date":"2013-09-23T16:22:19","date_gmt":"2013-09-23T16:22:19","guid":{"rendered":"http:\/\/www2.unifap.br\/midias\/?page_id=1317"},"modified":"2016-04-07T23:03:40","modified_gmt":"2016-04-07T23:03:40","slug":"projeto-politico-pedagogico-do-curso-de-especializacao-em-midias-na-educacao","status":"publish","type":"page","link":"http:\/\/www2.unifap.br\/midias\/curso-de-especializacao\/projeto-politico-pedagogico-do-curso-de-especializacao-em-midias-na-educacao\/","title":{"rendered":"PPP do Curso de Especializa\u00e7\u00e3o em M\u00eddias na Educa\u00e7\u00e3o"},"content":{"rendered":"<p><a href=\"http:\/\/www2.unifap.br\/midias\/files\/2013\/09\/PPPMidiasnaEduca\u00e7\u00e3o1.pdf\">PROJETO POL\u00cdTICO PEDAG\u00d3GICO DO CURS DE MIDIAS NA EDUCA\u00c7\u00c3O &#8211; PPP<\/a><\/p>\n","protected":false},"excerpt":{"rendered":"<p>PROJETO POL\u00cdTICO PEDAG\u00d3GICO DO CURS DE MIDIAS NA EDUCA\u00c7\u00c3O &#8211; PPP<\/p>\n","protected":false},"author":14,"featured_media":0,"parent":1037,"menu_order":1,"comment_status":"open","ping_status":"open","template":"","meta":{"inline_featured_image":false,"ngg_post_thumbnail":0,"footnotes":""},"class_list":["post-1317","page","type-page","status-publish","hentry"],"_links":{"self":[{"href":"http:\/\/www2.unifap.br\/midias\/wp-json\/wp\/v2\/pages\/1317","targetHints":{"allow":["GET"]}}],"collection":[{"href":"http:\/\/www2.unifap.br\/midias\/wp-json\/wp\/v2\/pages"}],"about":[{"href":"http:\/\/www2.unifap.br\/midias\/wp-json\/wp\/v2\/types\/page"}],"author":[{"embeddable":true,"href":"http:\/\/www2.unifap.br\/midias\/wp-json\/wp\/v2\/users\/14"}],"replies":[{"embeddable":true,"href":"http:\/\/www2.unifap.br\/midias\/wp-json\/wp\/v2\/comments?post=1317"}],"version-history":[{"count":16,"href":"http:\/\/www2.unifap.br\/midias\/wp-json\/wp\/v2\/pages\/1317\/revisions"}],"predecessor-version":[{"id":1331,"href":"http:\/\/www2.unifap.br\/midias\/wp-json\/wp\/v2\/pages\/1317\/revisions\/1331"}],"up":[{"embeddable":true,"href":"http:\/\/www2.unifap.br\/midias\/wp-json\/wp\/v2\/pages\/1037"}],"wp:attachment":[{"href":"http:\/\/www2.unifap.br\/midias\/wp-json\/wp\/v2\/media?parent=1317"}],"curies":[{"name":"wp","href":"https:\/\/api.w.org\/{rel}","templated":true}]}}