{"id":1364,"date":"2013-09-26T13:39:42","date_gmt":"2013-09-26T13:39:42","guid":{"rendered":"http:\/\/www2.unifap.br\/midias\/?page_id=1364"},"modified":"2016-04-07T23:29:43","modified_gmt":"2016-04-07T23:29:43","slug":"disciplina-ii-projeto-e-producao-de-material-educacional-digital","status":"publish","type":"page","link":"http:\/\/www2.unifap.br\/midias\/curso-de-especializacao\/disciplinas\/disciplina-ii-projeto-e-producao-de-material-educacional-digital\/","title":{"rendered":"Disciplina II &#8211; Projeto e produ\u00e7\u00e3o de material educacional digital"},"content":{"rendered":"<table border=\"1\" cellspacing=\"0\" cellpadding=\"0\" width=\"607\">\n<tbody>\n<tr>\n<td width=\"85\" valign=\"top\">[mantra-button-dark url=&#8221;#&#8221;]C\u00f3digo[\/mantra-button-dark]<\/td>\n<td width=\"462\" valign=\"top\">[mantra-button-dark url=&#8221;#&#8221;]Nome da Disciplina[\/mantra-button-dark]<\/td>\n<td width=\"60\" valign=\"top\">[mantra-button-dark url=&#8221;#&#8221;]CH[\/mantra-button-dark]<\/td>\n<\/tr>\n<tr>\n<td width=\"85\" valign=\"top\">[mantra-button-color url=&#8221;#&#8221; color=&#8221;#47AFFF&#8221;]ME02[\/mantra-button-color]<\/td>\n<td width=\"462\" valign=\"top\">\n<h3><a href=\"http:\/\/penta3.ufrgs.br\/MidiasEducCicloAvancado2\/producaoTextos.html\">Projeto e   produ\u00e7\u00e3o de material educacional digital<\/a><\/h3>\n<\/td>\n<td width=\"60\" valign=\"top\">[mantra-button-color url=&#8221;#&#8221; color=&#8221;#47AFFF&#8221;]45[\/mantra-button-color]<\/td>\n<\/tr>\n<tr>\n<td colspan=\"3\" width=\"607\" valign=\"top\">\n<p style=\"text-align: justify\"><strong>Ementa:<\/strong> Promover concep\u00e7\u00e3o,   elabora\u00e7\u00e3o e produ\u00e7\u00e3o de textos did\u00e1ticos escritos, da m\u00eddia impressa \u00e0   digital, discutindo suas possibilidades e fun\u00e7\u00f5es.<\/p>\n<\/td>\n<\/tr>\n<tr>\n<td colspan=\"3\" width=\"607\" valign=\"top\">\n<p style=\"text-align: justify\"><strong>Bibliografia:<\/strong><\/p>\n<p style=\"text-align: justify\">BAKHTIN, Mikhail.   Est\u00e9tica da cria\u00e7\u00e3o verbal. S\u00e3o Paulo: Martins Fontes, 1997.<\/p>\n<p style=\"text-align: justify\">CARNEIRO, M. L.   F. Videoconfer\u00eancia: ambiente para educa\u00e7\u00e3o \u00e0 dist\u00e2ncia. Dispon\u00edvel na   Internet: &lt;http:\/\/penta.ufrgs.br\/pgie\/workshop\/mara.htm&gt;. Acesso em 20   mar 2006.<\/p>\n<p style=\"text-align: justify\">FREIRE, Paulo.   Comunica\u00e7\u00e3o ou extens\u00e3o? Trad. De Rosisca Darcy de Oliveira. 4\u00aa ed., Rio de   Janeiro: Paz e Terra, 1979.<\/p>\n<p style=\"text-align: justify\">GARCEZ, Luc\u00edlia   Helena do Carmo. A escrita e o outro: os modos de participa\u00e7\u00e3o na constru\u00e7\u00e3o   do texto. Bras\u00edlia: Editora Universidade de Bras\u00edlia, 1998.<\/p>\n<p style=\"text-align: justify\">L\u00c9VY, Pierre. A   intelig\u00eancia coletiva : por uma antropologia do ciberespa\u00e7o. S\u00e3o Paulo:   Loyola, 1993<\/p>\n<p style=\"text-align: justify\">MARCUSCHI, L.A.   G\u00eaneros textuais e ensino de l\u00edngua. Recife: Depto. de Letras do Centro de Comunica\u00e7\u00e3o   e Artes da UFPE, 2002.<\/p>\n<p style=\"text-align: justify\">MORAN, Jos\u00e9   Manuel. Como utilizar a Internet na Educa\u00e7\u00e3o. Revista Ci\u00eancia da Informa\u00e7\u00e3o,   v.26, n.2, mai-ago 1997<\/p>\n<p style=\"text-align: justify\">PIMENTEL, M.G.,   FUKS, H., LUCENA, C.J.P. Avalia\u00e7\u00e3o, da Participa\u00e7\u00e3o dos Aprendizes em Debates   S\u00edncronos. XIV Simp\u00f3sio Brasileiro de Inform\u00e1tica na Educa\u00e7\u00e3o \u2013 SBIE, 2003,   12 a 14 de Novembro de 2003, NCE-UFRJ, Rio de Janeiro.<\/p>\n<p style=\"text-align: justify\">SARTORI, Ademilde   Silveira e ROESLER, Jucimara. Narrativa e dialogicidade nas comunidades   virtuais de aprendizagem. Revista da Associa\u00e7\u00e3o Nacional dos Programas de   P\u00f3s-Gradua\u00e7\u00e3o em Comunica\u00e7\u00e3o, abril, 2005. Acesse o texto pelo link:\u00a0   &lt;www.compos.com.br\/e-compos&gt;<\/p>\n<p style=\"text-align: justify\">VYGOTSKY, Lev. S.   Pensamento e linguagem. S\u00e3o Paulo: Martins Fontes, 1989.<\/p>\n<p style=\"text-align: justify\"><strong>Bibliografia   Complementar:<\/strong><\/p>\n<p style=\"text-align: justify\">A ser selecionada pelo professor.<\/p>\n<\/td>\n<\/tr>\n<\/tbody>\n<\/table>\n","protected":false},"excerpt":{"rendered":"<p>[mantra-button-dark url=&#8221;#&#8221;]C\u00f3digo[\/mantra-button-dark] [mantra-button-dark url=&#8221;#&#8221;]Nome da Disciplina[\/mantra-button-dark] [mantra-button-dark url=&#8221;#&#8221;]CH[\/mantra-button-dark] [mantra-button-color url=&#8221;#&#8221; color=&#8221;#47AFFF&#8221;]ME02[\/mantra-button-color] Projeto e produ\u00e7\u00e3o de material educacional digital [mantra-button-color url=&#8221;#&#8221; color=&#8221;#47AFFF&#8221;]45[\/mantra-button-color] Ementa: Promover concep\u00e7\u00e3o, elabora\u00e7\u00e3o e produ\u00e7\u00e3o de textos did\u00e1ticos escritos, da m\u00eddia impressa \u00e0 digital, discutindo suas possibilidades e&hellip; <\/p>\n<p><a href=\"http:\/\/www2.unifap.br\/midias\/curso-de-especializacao\/disciplinas\/disciplina-ii-projeto-e-producao-de-material-educacional-digital\/\" class=\"readmore-button\">Continue Reading<\/a><\/p>\n","protected":false},"author":14,"featured_media":0,"parent":3124,"menu_order":3,"comment_status":"open","ping_status":"open","template":"template-page-with-intro.php","meta":{"inline_featured_image":false,"ngg_post_thumbnail":0,"footnotes":""},"class_list":["post-1364","page","type-page","status-publish","hentry"],"_links":{"self":[{"href":"http:\/\/www2.unifap.br\/midias\/wp-json\/wp\/v2\/pages\/1364","targetHints":{"allow":["GET"]}}],"collection":[{"href":"http:\/\/www2.unifap.br\/midias\/wp-json\/wp\/v2\/pages"}],"about":[{"href":"http:\/\/www2.unifap.br\/midias\/wp-json\/wp\/v2\/types\/page"}],"author":[{"embeddable":true,"href":"http:\/\/www2.unifap.br\/midias\/wp-json\/wp\/v2\/users\/14"}],"replies":[{"embeddable":true,"href":"http:\/\/www2.unifap.br\/midias\/wp-json\/wp\/v2\/comments?post=1364"}],"version-history":[{"count":2,"href":"http:\/\/www2.unifap.br\/midias\/wp-json\/wp\/v2\/pages\/1364\/revisions"}],"predecessor-version":[{"id":1366,"href":"http:\/\/www2.unifap.br\/midias\/wp-json\/wp\/v2\/pages\/1364\/revisions\/1366"}],"up":[{"embeddable":true,"href":"http:\/\/www2.unifap.br\/midias\/wp-json\/wp\/v2\/pages\/3124"}],"wp:attachment":[{"href":"http:\/\/www2.unifap.br\/midias\/wp-json\/wp\/v2\/media?parent=1364"}],"curies":[{"name":"wp","href":"https:\/\/api.w.org\/{rel}","templated":true}]}}