{"id":1375,"date":"2013-09-26T13:54:33","date_gmt":"2013-09-26T13:54:33","guid":{"rendered":"http:\/\/www2.unifap.br\/midias\/?page_id=1375"},"modified":"2016-04-07T23:29:43","modified_gmt":"2016-04-07T23:29:43","slug":"disciplina-v-uso-do-radio-e-tv-na-educacao","status":"publish","type":"page","link":"http:\/\/www2.unifap.br\/midias\/curso-de-especializacao\/disciplinas\/disciplina-v-uso-do-radio-e-tv-na-educacao\/","title":{"rendered":"Disciplina V &#8211;  Uso do R\u00e1dio e Tv na Educa\u00e7\u00e3o"},"content":{"rendered":"<table border=\"1\" cellspacing=\"0\" cellpadding=\"0\" width=\"607\">\n<tbody>\n<tr>\n<td width=\"85\" valign=\"top\">[mantra-button-dark url=&#8221;#&#8221;]C\u00f3digo[\/mantra-button-dark]<\/td>\n<td width=\"462\" valign=\"top\">[mantra-button-dark url=&#8221;#&#8221;]Nome da Disciplina[\/mantra-button-dark]<\/td>\n<td width=\"60\" valign=\"top\">[mantra-button-dark url=&#8221;#&#8221;]CH[\/mantra-button-dark]<\/td>\n<\/tr>\n<tr>\n<td width=\"85\" valign=\"top\">[mantra-button-color url=&#8221;#&#8221; color=&#8221;#47AFFF&#8221;]ME05[\/mantra-button-color]<\/td>\n<td width=\"462\" valign=\"top\">\n<h3>[mantra-button-color url=&#8221;#&#8221; color=&#8221;#47AFFF&#8221;]Uso do R\u00e1dio e Tv na Educa\u00e7\u00e3o[\/mantra-button-color]<\/h3>\n<\/td>\n<td width=\"60\" valign=\"top\">[mantra-button-color url=&#8221;#&#8221; color=&#8221;#47AFFF&#8221;]60[\/mantra-button-color]<\/td>\n<\/tr>\n<tr>\n<td colspan=\"3\" width=\"607\" valign=\"top\">\n<p style=\"text-align: justify\"><strong>Ementa: <\/strong>capacitar\u00a0 para o uso do\u00a0 r\u00e1dio e da tv como   m\u00eddias educativas destacando as diferentes possibilidades oferecidas pela   m\u00eddia eletr\u00f4nica. Considera tamb\u00e9m a import\u00e2ncia\u00a0 da constru\u00e7\u00e3o do texto   radiof\u00f4nico e da imagem de tv como fatores de inser\u00e7\u00e3o<strong> <\/strong>social.<\/p>\n<\/td>\n<\/tr>\n<tr>\n<td colspan=\"3\" width=\"607\" valign=\"top\">\n<p style=\"text-align: justify\"><strong>Bibliografia:<\/strong><\/p>\n<p style=\"text-align: justify\">BARBOSA FILHO, Andr\u00e9. G\u00eaneros\u00a0   radiof\u00f4nicos.Paulinas:S\u00e3o Paulo, 2003.<\/p>\n<p style=\"text-align: justify\">BARBOSA, Moacir. Dicion\u00e1rio de   r\u00e1dio e som. Id\u00e9ia:Jo\u00e3o Pessoa, 1992.<\/p>\n<p style=\"text-align: justify\">CESAR, Cyro. R\u00e1dio \u2013 inspira\u00e7\u00e3o,   transpira\u00e7\u00e3o e emo\u00e7\u00e3o. Ibrasa:S\u00e3o Paulo, 1996.<\/p>\n<p style=\"text-align: justify\">CESAR, Cyro. Como falar no r\u00e1dio-   pr\u00e1tica de locu\u00e7\u00e3o AM e FM. Ibrasa:S\u00e3o Paulo, 1989.<\/p>\n<p style=\"text-align: justify\">LEAL FILHO, Laurindo. Atr\u00e1s das   C\u00e2meras &#8211; Rela\u00e7\u00f5es entre Cultura Estado e Televis\u00e3o. S\u00e3o Paulo, Summus   editorial, 1988.<\/p>\n<p style=\"text-align: justify\">__________________A Melhor TV do   Mundo. S\u00e3o Paulo, Summus editorial, 1997.<\/p>\n<p style=\"text-align: justify\">KUNSCH, M. M. K. (Org.).   Comunica\u00e7\u00e3o e Educa\u00e7\u00e3o &#8211; Caminhos Cruzados. S\u00e3o Paulo, Edi\u00e7\u00f5es Loyola, e   Associa\u00e7\u00e3o das Escolas de Comunica\u00e7\u00e3o do Brasil, 1986.<\/p>\n<p style=\"text-align: justify\">ORJUELA, Guillermo Maur\u00edcio. 15   Motivos para &#8220;ficar de olho&#8221; na televis\u00e3o. Campinas, Editora   Al\u00ednea, 1999.<\/p>\n<p style=\"text-align: justify\">SILVA, J\u00falia L\u00facia de Oliveira.   R\u00e1dio: oralidade mediatizada. AnnaBlume:S\u00e3o Paulo,\u00a0 1999.<\/p>\n<p style=\"text-align: justify\"><strong>Bibliografia   Complementar:<\/strong><\/p>\n<p style=\"text-align: justify\">A ser selecionada pelo professor.<\/p>\n<\/td>\n<\/tr>\n<\/tbody>\n<\/table>\n","protected":false},"excerpt":{"rendered":"<p>[mantra-button-dark url=&#8221;#&#8221;]C\u00f3digo[\/mantra-button-dark] [mantra-button-dark url=&#8221;#&#8221;]Nome da Disciplina[\/mantra-button-dark] [mantra-button-dark url=&#8221;#&#8221;]CH[\/mantra-button-dark] [mantra-button-color url=&#8221;#&#8221; color=&#8221;#47AFFF&#8221;]ME05[\/mantra-button-color] [mantra-button-color url=&#8221;#&#8221; color=&#8221;#47AFFF&#8221;]Uso do R\u00e1dio e Tv na Educa\u00e7\u00e3o[\/mantra-button-color] [mantra-button-color url=&#8221;#&#8221; color=&#8221;#47AFFF&#8221;]60[\/mantra-button-color] Ementa: capacitar\u00a0 para o uso do\u00a0 r\u00e1dio e da tv como m\u00eddias educativas destacando as diferentes possibilidades&hellip; <\/p>\n<p><a href=\"http:\/\/www2.unifap.br\/midias\/curso-de-especializacao\/disciplinas\/disciplina-v-uso-do-radio-e-tv-na-educacao\/\" class=\"readmore-button\">Continue Reading<\/a><\/p>\n","protected":false},"author":14,"featured_media":0,"parent":3124,"menu_order":6,"comment_status":"open","ping_status":"open","template":"template-page-with-intro.php","meta":{"inline_featured_image":false,"ngg_post_thumbnail":0,"footnotes":""},"class_list":["post-1375","page","type-page","status-publish","hentry"],"_links":{"self":[{"href":"http:\/\/www2.unifap.br\/midias\/wp-json\/wp\/v2\/pages\/1375","targetHints":{"allow":["GET"]}}],"collection":[{"href":"http:\/\/www2.unifap.br\/midias\/wp-json\/wp\/v2\/pages"}],"about":[{"href":"http:\/\/www2.unifap.br\/midias\/wp-json\/wp\/v2\/types\/page"}],"author":[{"embeddable":true,"href":"http:\/\/www2.unifap.br\/midias\/wp-json\/wp\/v2\/users\/14"}],"replies":[{"embeddable":true,"href":"http:\/\/www2.unifap.br\/midias\/wp-json\/wp\/v2\/comments?post=1375"}],"version-history":[{"count":3,"href":"http:\/\/www2.unifap.br\/midias\/wp-json\/wp\/v2\/pages\/1375\/revisions"}],"predecessor-version":[{"id":1377,"href":"http:\/\/www2.unifap.br\/midias\/wp-json\/wp\/v2\/pages\/1375\/revisions\/1377"}],"up":[{"embeddable":true,"href":"http:\/\/www2.unifap.br\/midias\/wp-json\/wp\/v2\/pages\/3124"}],"wp:attachment":[{"href":"http:\/\/www2.unifap.br\/midias\/wp-json\/wp\/v2\/media?parent=1375"}],"curies":[{"name":"wp","href":"https:\/\/api.w.org\/{rel}","templated":true}]}}