{"id":1382,"date":"2013-09-26T14:00:16","date_gmt":"2013-09-26T14:00:16","guid":{"rendered":"http:\/\/www2.unifap.br\/midias\/?page_id=1382"},"modified":"2016-04-07T23:29:43","modified_gmt":"2016-04-07T23:29:43","slug":"disciplina-vii-metodologia-de-pesquisa","status":"publish","type":"page","link":"http:\/\/www2.unifap.br\/midias\/curso-de-especializacao\/disciplinas\/disciplina-vii-metodologia-de-pesquisa\/","title":{"rendered":"Disciplina VI &#8211; Metodologia de Pesquisa"},"content":{"rendered":"<table border=\"1\" cellspacing=\"0\" cellpadding=\"0\" width=\"607\">\n<tbody>\n<tr>\n<td width=\"85\" valign=\"top\">[mantra-button-dark url=&#8221;#&#8221;]C\u00f3digo[\/mantra-button-dark]<\/td>\n<td width=\"462\" valign=\"top\">[mantra-button-dark url=&#8221;#&#8221;]Nome da Disciplina[\/mantra-button-dark]<\/td>\n<td width=\"60\" valign=\"top\">[mantra-button-dark url=&#8221;#&#8221;]CH[\/mantra-button-dark]<\/td>\n<\/tr>\n<tr>\n<td width=\"85\" valign=\"top\">[mantra-button-color url=&#8221;#&#8221; color=&#8221;#47AFFF&#8221;]ME06[\/mantra-button-color]<\/td>\n<td width=\"462\" valign=\"top\">\n<h3>[mantra-button-color url=&#8221;#&#8221; color=&#8221;#47AFFF&#8221;]Metodologia de Pesquisa[\/mantra-button-color]<\/h3>\n<\/td>\n<td width=\"60\" valign=\"top\">[mantra-button-color url=&#8221;#&#8221; color=&#8221;#47AFFF&#8221;]30[\/mantra-button-color]<\/td>\n<\/tr>\n<tr>\n<td colspan=\"3\" width=\"607\" valign=\"top\">\n<p style=\"text-align: justify\"><strong>Ementa:<\/strong> M\u00e9todo cient\u00edfico e sua aplicabilidade   na pesquisa pedag\u00f3gica. Projeto e abordagens gerais de pesquisa. Elabora\u00e7\u00e3o   do projeto, t\u00e9cnicas de coleta e an\u00e1lise dos dados. Elabora\u00e7\u00e3o do relat\u00f3rio   de pesquisa.<\/p>\n<\/td>\n<\/tr>\n<tr>\n<td colspan=\"3\" width=\"607\" valign=\"top\">\n<p style=\"text-align: justify\"><strong>Bibliografia:<\/strong><\/p>\n<p style=\"text-align: justify\">BICUDO, M. A V.; ESP\u00d3SITO, V. H. C. Pesquisa   Qualitativa em Educa\u00e7\u00e3o: um enfoque fenomenol\u00f3gico. S\u00e3o Paulo: Editora   Unimep, 1997.<\/p>\n<p>CERVO, AL. L BERVIAN, P. A\u00a0 Metodologia Cient\u00edfica.\u00a0 S\u00e3o Paulo:   McGraw-Hill, 1983.<\/p>\n<p>FAZENDA, I. (org)\u00a0 Metodologia da Pesquisa. S\u00e3o Paulo: Cortez, 1997.<\/p>\n<p>CRESWELL, J. W.\u00a0 Projeto de Pesquisa &#8211; M\u00e9todos qualitativo, quantitativo   e misto. Porto Alegre: ARTMED, 2004.<\/p>\n<p>L\u00dcDKE, M. Pesquisa em Educa\u00e7\u00e3o: Abordagens Qualitativas. S\u00e3o Paulo: EPU,   1986.<\/p>\n<p>MACIEIRA, S e VENTURA, M. Como Elaborar Monografia e Artigo Cient\u00edfico.Rio de   Janeiro: Freitas Bastos, 2006<\/p>\n<p>YIN, R. K. Estudo de Caso- planejamento e m\u00e9todo. Porto Alegre: Artmed, 2005.<\/p>\n<p style=\"text-align: justify\"><strong>Bibliografia   Complementar:<\/strong><\/p>\n<p style=\"text-align: justify\">A ser selecionada pelo professor.<\/p>\n<\/td>\n<\/tr>\n<\/tbody>\n<\/table>\n","protected":false},"excerpt":{"rendered":"<p>[mantra-button-dark url=&#8221;#&#8221;]C\u00f3digo[\/mantra-button-dark] [mantra-button-dark url=&#8221;#&#8221;]Nome da Disciplina[\/mantra-button-dark] [mantra-button-dark url=&#8221;#&#8221;]CH[\/mantra-button-dark] [mantra-button-color url=&#8221;#&#8221; color=&#8221;#47AFFF&#8221;]ME06[\/mantra-button-color] [mantra-button-color url=&#8221;#&#8221; color=&#8221;#47AFFF&#8221;]Metodologia de Pesquisa[\/mantra-button-color] [mantra-button-color url=&#8221;#&#8221; color=&#8221;#47AFFF&#8221;]30[\/mantra-button-color] Ementa: M\u00e9todo cient\u00edfico e sua aplicabilidade na pesquisa pedag\u00f3gica. Projeto e abordagens gerais de pesquisa. Elabora\u00e7\u00e3o do projeto, t\u00e9cnicas de coleta&hellip; <\/p>\n<p><a href=\"http:\/\/www2.unifap.br\/midias\/curso-de-especializacao\/disciplinas\/disciplina-vii-metodologia-de-pesquisa\/\" class=\"readmore-button\">Continue Reading<\/a><\/p>\n","protected":false},"author":14,"featured_media":0,"parent":3124,"menu_order":8,"comment_status":"open","ping_status":"open","template":"template-page-with-intro.php","meta":{"inline_featured_image":false,"ngg_post_thumbnail":0,"footnotes":""},"class_list":["post-1382","page","type-page","status-publish","hentry"],"_links":{"self":[{"href":"http:\/\/www2.unifap.br\/midias\/wp-json\/wp\/v2\/pages\/1382","targetHints":{"allow":["GET"]}}],"collection":[{"href":"http:\/\/www2.unifap.br\/midias\/wp-json\/wp\/v2\/pages"}],"about":[{"href":"http:\/\/www2.unifap.br\/midias\/wp-json\/wp\/v2\/types\/page"}],"author":[{"embeddable":true,"href":"http:\/\/www2.unifap.br\/midias\/wp-json\/wp\/v2\/users\/14"}],"replies":[{"embeddable":true,"href":"http:\/\/www2.unifap.br\/midias\/wp-json\/wp\/v2\/comments?post=1382"}],"version-history":[{"count":5,"href":"http:\/\/www2.unifap.br\/midias\/wp-json\/wp\/v2\/pages\/1382\/revisions"}],"predecessor-version":[{"id":1385,"href":"http:\/\/www2.unifap.br\/midias\/wp-json\/wp\/v2\/pages\/1382\/revisions\/1385"}],"up":[{"embeddable":true,"href":"http:\/\/www2.unifap.br\/midias\/wp-json\/wp\/v2\/pages\/3124"}],"wp:attachment":[{"href":"http:\/\/www2.unifap.br\/midias\/wp-json\/wp\/v2\/media?parent=1382"}],"curies":[{"name":"wp","href":"https:\/\/api.w.org\/{rel}","templated":true}]}}