{"id":1391,"date":"2013-09-26T15:04:30","date_gmt":"2013-09-26T15:04:30","guid":{"rendered":"http:\/\/www2.unifap.br\/midias\/?page_id=1391"},"modified":"2013-09-26T15:04:30","modified_gmt":"2013-09-26T15:04:30","slug":"curso-de-especializacao-em-midias-2013","status":"publish","type":"page","link":"http:\/\/www2.unifap.br\/midias\/gaaleria\/eventos\/curso-de-especializacao-em-midias-2013\/","title":{"rendered":"Curso de Especializa\u00e7\u00e3o em M\u00eddias 2013"},"content":{"rendered":"<h2><span style=\"color: #003300\">Aula Inaugural &#8211; mar\/2013<\/span><\/h2>\n\n\t\t<style type=\"text\/css\">\n\t\t\t#gallery-1 {\n\t\t\t\tmargin: auto;\n\t\t\t}\n\t\t\t#gallery-1 .gallery-item {\n\t\t\t\tfloat: left;\n\t\t\t\tmargin-top: 10px;\n\t\t\t\ttext-align: center;\n\t\t\t\twidth: 25%;\n\t\t\t}\n\t\t\t#gallery-1 img {\n\t\t\t\tborder: 2px solid #cfcfcf;\n\t\t\t}\n\t\t\t#gallery-1 .gallery-caption {\n\t\t\t\tmargin-left: 0;\n\t\t\t}\n\t\t\t\/* see gallery_shortcode() in wp-includes\/media.php *\/\n\t\t<\/style>\n\t\t<div id='gallery-1' class='gallery galleryid-1391 gallery-columns-4 gallery-size-thumbnail'><dl class='gallery-item'>\n\t\t\t<dt class='gallery-icon landscape'>\n\t\t\t\t<a href='http:\/\/www2.unifap.br\/midias\/files\/2013\/09\/tutores.jpg'><img decoding=\"async\" width=\"150\" height=\"112\" src=\"http:\/\/www2.unifap.br\/midias\/files\/2013\/09\/tutores-e1380207525616-150x112.jpg\" class=\"attachment-thumbnail size-thumbnail\" alt=\"\" \/><\/a>\n\t\t\t<\/dt><\/dl><dl class='gallery-item'>\n\t\t\t<dt class='gallery-icon landscape'>\n\t\t\t\t<a href='http:\/\/www2.unifap.br\/midias\/files\/2013\/09\/alunos.jpg'><img decoding=\"async\" width=\"150\" height=\"150\" src=\"http:\/\/www2.unifap.br\/midias\/files\/2013\/09\/alunos-150x150.jpg\" class=\"attachment-thumbnail size-thumbnail\" alt=\"\" \/><\/a>\n\t\t\t<\/dt><\/dl>\n\t\t\t<br style='clear: both' \/>\n\t\t<\/div>\n\n","protected":false},"excerpt":{"rendered":"<p>Aula Inaugural &#8211; mar\/2013<\/p>\n","protected":false},"author":14,"featured_media":0,"parent":158,"menu_order":1,"comment_status":"open","ping_status":"open","template":"template-page-with-intro.php","meta":{"inline_featured_image":false,"ngg_post_thumbnail":0,"footnotes":""},"class_list":["post-1391","page","type-page","status-publish","hentry"],"_links":{"self":[{"href":"http:\/\/www2.unifap.br\/midias\/wp-json\/wp\/v2\/pages\/1391","targetHints":{"allow":["GET"]}}],"collection":[{"href":"http:\/\/www2.unifap.br\/midias\/wp-json\/wp\/v2\/pages"}],"about":[{"href":"http:\/\/www2.unifap.br\/midias\/wp-json\/wp\/v2\/types\/page"}],"author":[{"embeddable":true,"href":"http:\/\/www2.unifap.br\/midias\/wp-json\/wp\/v2\/users\/14"}],"replies":[{"embeddable":true,"href":"http:\/\/www2.unifap.br\/midias\/wp-json\/wp\/v2\/comments?post=1391"}],"version-history":[{"count":7,"href":"http:\/\/www2.unifap.br\/midias\/wp-json\/wp\/v2\/pages\/1391\/revisions"}],"predecessor-version":[{"id":1402,"href":"http:\/\/www2.unifap.br\/midias\/wp-json\/wp\/v2\/pages\/1391\/revisions\/1402"}],"up":[{"embeddable":true,"href":"http:\/\/www2.unifap.br\/midias\/wp-json\/wp\/v2\/pages\/158"}],"wp:attachment":[{"href":"http:\/\/www2.unifap.br\/midias\/wp-json\/wp\/v2\/media?parent=1391"}],"curies":[{"name":"wp","href":"https:\/\/api.w.org\/{rel}","templated":true}]}}