{"id":3102,"date":"2016-04-07T22:42:15","date_gmt":"2016-04-07T22:42:15","guid":{"rendered":"http:\/\/www2.unifap.br\/midias\/?page_id=3102"},"modified":"2016-06-28T20:21:47","modified_gmt":"2016-06-28T20:21:47","slug":"processo-seletivo","status":"publish","type":"page","link":"http:\/\/www2.unifap.br\/midias\/processo-seletivo\/","title":{"rendered":"Processo Seletivo"},"content":{"rendered":"<h4 style=\"text-align: justify\">Os processos seletivos para alunos do curso de Especializa\u00e7\u00e3o em M\u00eddias na Educa\u00e7\u00e3o visam selecionar professores ou t\u00e9cnicos\u00a0da rede p\u00fablica e rede privada que estejam atuando em uma institui\u00e7\u00e3o de ensino. Al\u00e9m de possuir gradua\u00e7\u00e3o em qualquer \u00e1rea do conhecimento; ter disponibilidade de hor\u00e1rio para realizar os estudos durante 10 horas por semana;\u00a0Participar dos encontros presenciais no respectivo Polo Municipal;\u00a0Desenvolver atividades encaminhadas pelos Tutores;\u00a0Possuir familiaridade com o uso de computadores e Internet.<\/h4>\n","protected":false},"excerpt":{"rendered":"<p>Os processos seletivos para alunos do curso de Especializa\u00e7\u00e3o em M\u00eddias na Educa\u00e7\u00e3o visam selecionar professores ou t\u00e9cnicos\u00a0da rede p\u00fablica e rede privada que estejam atuando em uma institui\u00e7\u00e3o de ensino. Al\u00e9m de possuir gradua\u00e7\u00e3o em qualquer \u00e1rea do conhecimento;&hellip; <\/p>\n<p><a href=\"http:\/\/www2.unifap.br\/midias\/processo-seletivo\/\" class=\"readmore-button\">Continue Reading<\/a><\/p>\n","protected":false},"author":14,"featured_media":0,"parent":0,"menu_order":4,"comment_status":"open","ping_status":"open","template":"","meta":{"inline_featured_image":false,"ngg_post_thumbnail":0,"footnotes":""},"class_list":["post-3102","page","type-page","status-publish","hentry"],"_links":{"self":[{"href":"http:\/\/www2.unifap.br\/midias\/wp-json\/wp\/v2\/pages\/3102","targetHints":{"allow":["GET"]}}],"collection":[{"href":"http:\/\/www2.unifap.br\/midias\/wp-json\/wp\/v2\/pages"}],"about":[{"href":"http:\/\/www2.unifap.br\/midias\/wp-json\/wp\/v2\/types\/page"}],"author":[{"embeddable":true,"href":"http:\/\/www2.unifap.br\/midias\/wp-json\/wp\/v2\/users\/14"}],"replies":[{"embeddable":true,"href":"http:\/\/www2.unifap.br\/midias\/wp-json\/wp\/v2\/comments?post=3102"}],"version-history":[{"count":5,"href":"http:\/\/www2.unifap.br\/midias\/wp-json\/wp\/v2\/pages\/3102\/revisions"}],"predecessor-version":[{"id":3397,"href":"http:\/\/www2.unifap.br\/midias\/wp-json\/wp\/v2\/pages\/3102\/revisions\/3397"}],"wp:attachment":[{"href":"http:\/\/www2.unifap.br\/midias\/wp-json\/wp\/v2\/media?parent=3102"}],"curies":[{"name":"wp","href":"https:\/\/api.w.org\/{rel}","templated":true}]}}