{"id":3107,"date":"2016-04-07T22:41:21","date_gmt":"2016-04-07T22:41:21","guid":{"rendered":"http:\/\/www2.unifap.br\/midias\/?page_id=3107"},"modified":"2016-06-28T18:48:06","modified_gmt":"2016-06-28T18:48:06","slug":"aluno","status":"publish","type":"page","link":"http:\/\/www2.unifap.br\/midias\/aluno\/","title":{"rendered":"Aluno"},"content":{"rendered":"<p style=\"text-align: justify\"><span style=\"line-height: 1.5em\">O aluno(a) do curso de Especializa\u00e7\u00e3o em M\u00eddias deve estar ciente de que o curso tem\u00a0<\/span><span style=\"line-height: 1.5em\">o prazo de vig\u00eancia \u00e9 de 18 (dezoito) meses, per\u00edodo de dura\u00e7\u00e3o do curso. \u00a0<\/span><\/p>\n<p style=\"text-align: justify\"><span style=\"line-height: 1.5em\">Nosso(a)\u00a0aluno(a)\u00a0tamb\u00e9m deve conhecer, concordar e acatar as disposi\u00e7\u00f5es contidas no Regulamento do curso e nos documentos normativos relacionados, cumprindo integralmente com as suas determina\u00e7\u00f5es, bem como com as eventuais altera\u00e7\u00f5es e normas complementares que venham a ser baixadas, estando ciente de que se encontra dispon\u00edvel no s\u00edtio eletr\u00f4nico do curso e\/ou no Departamento de Educa\u00e7\u00e3o \u00e0 Dist\u00e2ncia, bem como a Pr\u00f3-Reitoria de Pesquisa e P\u00f3s Gradua\u00e7\u00e3o &#8211; PROPESPG, \u00a0todos os documentos normativos e orientativos, contendo regulamentos, crit\u00e9rios, requisitos, procedimentos para obten\u00e7\u00e3o e manuten\u00e7\u00e3o do presente curso.<\/span><\/p>\n<p style=\"text-align: justify\"><span style=\"line-height: 1.5em\">O(A) aluno(a) dever\u00e1 assinar a lista de frequ\u00eancia padronizada do Curso de Especializa\u00e7\u00e3o em M\u00eddias na Educa\u00e7\u00e3o de todas as aulas (presenciais) ou eventos de que vier a participar como atividade do curso, dentro ou fora da Universidade. Deve mostrar assiduidade no acesso \u00e0 plataforma de ensino <a title=\"Moodle\" href=\"http:\/\/salavirtual.unifap.br\/login\/index.php\" target=\"_blank\">Moodle<\/a>, comprometendo-se a realizar todas as atividades diariamente conforme o per\u00edodo dispon\u00edvel para a leitura e resolu\u00e7\u00e3o das mesmas.<\/span><\/p>\n<p style=\"text-align: justify\"><span style=\"line-height: 1.5em\">\u00a0A frequ\u00eancia do Curso de Especializa\u00e7\u00e3o em M\u00eddias na Educa\u00e7\u00e3o ser\u00e1 calculada em rela\u00e7\u00e3o \u00e0 carga hor\u00e1ria total ministrada, sendo necess\u00e1rio o m\u00ednimo de 70% de participa\u00e7\u00e3o para obten\u00e7\u00e3o do certificado de curso. 3.4. Ao ser constatada 6 (seis) faltas e aus\u00eancia consecutiva no acesso \u00e0 plataforma virtual de ensino, ser\u00e1 subentendido como desist\u00eancia.\u00a0<\/span><\/p>\n<p style=\"text-align: justify\"><span style=\"line-height: 1.5em\">O aluno dever\u00e1 entregar a monografia, referente \u00e0 conclus\u00e3o do curso, durante os 18 (dezoito) meses de realiza\u00e7\u00e3o do curso.\u00a0<\/span><span style=\"line-height: 1.5em\">No caso de produ\u00e7\u00e3o de material audiovisual, escrito ou digitalizado como resultado do Curso de Especializa\u00e7\u00e3o em M\u00eddias na Educa\u00e7\u00e3o, o(a) aluno(a) autoriza a sua exibi\u00e7\u00e3o, publica\u00e7\u00e3o ou demonstra\u00e7\u00e3o com os devidos cr\u00e9ditos, e providenciar\u00e1 uma c\u00f3pia digital e\/ou escrita a ser disponibilizada no acervo de produ\u00e7\u00e3o intelectual da UNIFAP.<\/span><\/p>\n","protected":false},"excerpt":{"rendered":"<p>O aluno(a) do curso de Especializa\u00e7\u00e3o em M\u00eddias deve estar ciente de que o curso tem\u00a0o prazo de vig\u00eancia \u00e9 de 18 (dezoito) meses, per\u00edodo de dura\u00e7\u00e3o do curso. \u00a0 Nosso(a)\u00a0aluno(a)\u00a0tamb\u00e9m deve conhecer, concordar e acatar as disposi\u00e7\u00f5es contidas no&hellip; <\/p>\n<p><a href=\"http:\/\/www2.unifap.br\/midias\/aluno\/\" class=\"readmore-button\">Continue Reading<\/a><\/p>\n","protected":false},"author":14,"featured_media":0,"parent":0,"menu_order":3,"comment_status":"open","ping_status":"closed","template":"","meta":{"inline_featured_image":false,"ngg_post_thumbnail":0,"footnotes":""},"class_list":["post-3107","page","type-page","status-publish","hentry"],"_links":{"self":[{"href":"http:\/\/www2.unifap.br\/midias\/wp-json\/wp\/v2\/pages\/3107","targetHints":{"allow":["GET"]}}],"collection":[{"href":"http:\/\/www2.unifap.br\/midias\/wp-json\/wp\/v2\/pages"}],"about":[{"href":"http:\/\/www2.unifap.br\/midias\/wp-json\/wp\/v2\/types\/page"}],"author":[{"embeddable":true,"href":"http:\/\/www2.unifap.br\/midias\/wp-json\/wp\/v2\/users\/14"}],"replies":[{"embeddable":true,"href":"http:\/\/www2.unifap.br\/midias\/wp-json\/wp\/v2\/comments?post=3107"}],"version-history":[{"count":3,"href":"http:\/\/www2.unifap.br\/midias\/wp-json\/wp\/v2\/pages\/3107\/revisions"}],"predecessor-version":[{"id":3220,"href":"http:\/\/www2.unifap.br\/midias\/wp-json\/wp\/v2\/pages\/3107\/revisions\/3220"}],"wp:attachment":[{"href":"http:\/\/www2.unifap.br\/midias\/wp-json\/wp\/v2\/media?parent=3107"}],"curies":[{"name":"wp","href":"https:\/\/api.w.org\/{rel}","templated":true}]}}