{"id":3114,"date":"2016-04-07T22:48:55","date_gmt":"2016-04-07T22:48:55","guid":{"rendered":"http:\/\/www2.unifap.br\/midias\/?page_id=3114"},"modified":"2016-06-21T18:43:35","modified_gmt":"2016-06-21T18:43:35","slug":"contatos","status":"publish","type":"page","link":"http:\/\/www2.unifap.br\/midias\/contatos\/","title":{"rendered":"Contatos"},"content":{"rendered":"<p>Tel.: 3312-1700<\/p>\n<p>Ramal: 1747<\/p>\n<p>E-mail: midiasunifap@gmail.com<\/p>\n<p>Facebook: M\u00eddias na Educa\u00e7\u00e3o<\/p>\n<p>Setor da UNIFAP: Pr\u00f3-Reitoria de Extens\u00e3o &#8211; PROEAC<\/p>\n","protected":false},"excerpt":{"rendered":"<p>Tel.: 3312-1700 Ramal: 1747 E-mail: midiasunifap@gmail.com Facebook: M\u00eddias na Educa\u00e7\u00e3o Setor da UNIFAP: Pr\u00f3-Reitoria de Extens\u00e3o &#8211; PROEAC<\/p>\n","protected":false},"author":14,"featured_media":0,"parent":0,"menu_order":7,"comment_status":"open","ping_status":"open","template":"","meta":{"inline_featured_image":false,"ngg_post_thumbnail":0,"footnotes":""},"class_list":["post-3114","page","type-page","status-publish","hentry"],"_links":{"self":[{"href":"http:\/\/www2.unifap.br\/midias\/wp-json\/wp\/v2\/pages\/3114","targetHints":{"allow":["GET"]}}],"collection":[{"href":"http:\/\/www2.unifap.br\/midias\/wp-json\/wp\/v2\/pages"}],"about":[{"href":"http:\/\/www2.unifap.br\/midias\/wp-json\/wp\/v2\/types\/page"}],"author":[{"embeddable":true,"href":"http:\/\/www2.unifap.br\/midias\/wp-json\/wp\/v2\/users\/14"}],"replies":[{"embeddable":true,"href":"http:\/\/www2.unifap.br\/midias\/wp-json\/wp\/v2\/comments?post=3114"}],"version-history":[{"count":5,"href":"http:\/\/www2.unifap.br\/midias\/wp-json\/wp\/v2\/pages\/3114\/revisions"}],"predecessor-version":[{"id":3207,"href":"http:\/\/www2.unifap.br\/midias\/wp-json\/wp\/v2\/pages\/3114\/revisions\/3207"}],"wp:attachment":[{"href":"http:\/\/www2.unifap.br\/midias\/wp-json\/wp\/v2\/media?parent=3114"}],"curies":[{"name":"wp","href":"https:\/\/api.w.org\/{rel}","templated":true}]}}