{"id":3127,"date":"2016-04-09T03:03:36","date_gmt":"2016-04-09T03:03:36","guid":{"rendered":"http:\/\/www2.unifap.br\/midias\/?page_id=3127"},"modified":"2016-06-29T20:57:11","modified_gmt":"2016-06-29T20:57:11","slug":"processo-seletivo-2016","status":"publish","type":"page","link":"http:\/\/www2.unifap.br\/midias\/processo-seletivo\/processo-seletivo-2016\/","title":{"rendered":"EDITAL N\u00b0 08\/2016-PROPESPG &#8211; SELE\u00c7\u00c3O DE ALUNOS PARA O CURSO DE ESPECIALIZA\u00c7\u00c3O (LATO SENSU) EM M\u00cdDIAS NA EDUCA\u00c7\u00c3O 2016"},"content":{"rendered":"<h3 style=\"text-align: justify\"><a href=\"http:\/\/www2.unifap.br\/midias\/files\/2016\/04\/picasion.com_65dd0a4da9c4cd7365d78caeaf8c3ed0.gif\"><img decoding=\"async\" class=\"alignleft  wp-image-3140\" alt=\"picasion.com_65dd0a4da9c4cd7365d78caeaf8c3ed0\" src=\"http:\/\/www2.unifap.br\/midias\/files\/2016\/04\/picasion.com_65dd0a4da9c4cd7365d78caeaf8c3ed0.gif\" width=\"117\" height=\"131\" \/><\/a>Est\u00e3o abertas as inscri\u00e7\u00f5es para o curso de Especializa\u00e7\u00e3o em M\u00eddias na Educa\u00e7\u00e3o na modalidade \u00e0 dist\u00e2ncia para o ano letivo de 2016 &#8211; 2\u00ba semestre, pela Universidade Federal do Amap\u00e1 &#8211; UNIFAP. O curso disponibiliza 100 vagas para professores da rede p\u00fablica, professores e t\u00e9cnicos da UNIFAP, que estejam atuando no servi\u00e7o p\u00fablico.<\/h3>\n<h3 style=\"text-align: justify\"><a href=\"http:\/\/www2.unifap.br\/midias\/files\/2016\/04\/cronograma-de-matr\u00edcula.gif\"><img fetchpriority=\"high\" decoding=\"async\" class=\"size-full wp-image-3133 aligncenter\" alt=\"cronograma de matr\u00edcula\" src=\"http:\/\/www2.unifap.br\/midias\/files\/2016\/04\/cronograma-de-matr\u00edcula.gif\" width=\"690\" height=\"218\" \/><\/a><\/h3>\n<h3 style=\"text-align: justify\"><\/h3>\n<h3><span style=\"color: #000000\"><a href=\"http:\/\/www2.unifap.br\/midias\/files\/2016\/04\/Edital1.pdf\"><span style=\"color: #000000\">Edital em PDF<\/span><\/a><\/span><\/h3>\n<h3><span style=\"color: #000000\"><a href=\"https:\/\/form.jotformz.com\/60973707934668\"><span style=\"color: #000000\">Formul\u00e1rio de Inscri\u00e7\u00e3o<\/span><\/a><\/span><\/h3>\n<h3><span style=\"color: #000000\"><a href=\"http:\/\/www2.unifap.br\/midias\/files\/2016\/04\/Termo-de-Compromisso_Midias.pdf\"><span style=\"color: #000000\">Termo de Compromisso<\/span><\/a><\/span><\/h3>\n<p><span style=\"color: #000000\"><strong><a href=\"http:\/\/www2.unifap.br\/midias\/files\/2016\/04\/resultadopreliminar_edital01.pdf\"><span style=\"color: #000000\">RESULTADO PRELIMINAR<\/span><\/a><\/strong><\/span><\/p>\n<h3><span style=\"color: #ff0000\"><strong><a href=\"http:\/\/www2.unifap.br\/midias\/files\/2016\/04\/resultadofinal_edital01.pdf\"><span style=\"color: #ff0000\">RESULTADO FINAL<\/span><\/a><\/strong><br \/>\n<\/span><\/h3>\n<p>&nbsp;<\/p>\n<p>&nbsp;<\/p>\n","protected":false},"excerpt":{"rendered":"<p>Est\u00e3o abertas as inscri\u00e7\u00f5es para o curso de Especializa\u00e7\u00e3o em M\u00eddias na Educa\u00e7\u00e3o na modalidade \u00e0 dist\u00e2ncia para o ano letivo de 2016 &#8211; 2\u00ba semestre, pela Universidade Federal do Amap\u00e1 &#8211; UNIFAP. O curso disponibiliza 100 vagas para professores&hellip; <\/p>\n<p><a href=\"http:\/\/www2.unifap.br\/midias\/processo-seletivo\/processo-seletivo-2016\/\" class=\"readmore-button\">Continue Reading<\/a><\/p>\n","protected":false},"author":98,"featured_media":0,"parent":3102,"menu_order":2,"comment_status":"open","ping_status":"closed","template":"","meta":{"inline_featured_image":false,"ngg_post_thumbnail":0,"footnotes":""},"class_list":["post-3127","page","type-page","status-publish","hentry"],"_links":{"self":[{"href":"http:\/\/www2.unifap.br\/midias\/wp-json\/wp\/v2\/pages\/3127","targetHints":{"allow":["GET"]}}],"collection":[{"href":"http:\/\/www2.unifap.br\/midias\/wp-json\/wp\/v2\/pages"}],"about":[{"href":"http:\/\/www2.unifap.br\/midias\/wp-json\/wp\/v2\/types\/page"}],"author":[{"embeddable":true,"href":"http:\/\/www2.unifap.br\/midias\/wp-json\/wp\/v2\/users\/98"}],"replies":[{"embeddable":true,"href":"http:\/\/www2.unifap.br\/midias\/wp-json\/wp\/v2\/comments?post=3127"}],"version-history":[{"count":17,"href":"http:\/\/www2.unifap.br\/midias\/wp-json\/wp\/v2\/pages\/3127\/revisions"}],"predecessor-version":[{"id":3181,"href":"http:\/\/www2.unifap.br\/midias\/wp-json\/wp\/v2\/pages\/3127\/revisions\/3181"}],"up":[{"embeddable":true,"href":"http:\/\/www2.unifap.br\/midias\/wp-json\/wp\/v2\/pages\/3102"}],"wp:attachment":[{"href":"http:\/\/www2.unifap.br\/midias\/wp-json\/wp\/v2\/media?parent=3127"}],"curies":[{"name":"wp","href":"https:\/\/api.w.org\/{rel}","templated":true}]}}