{"id":3165,"date":"2016-05-10T21:08:08","date_gmt":"2016-05-10T21:08:08","guid":{"rendered":"http:\/\/www2.unifap.br\/midias\/?page_id=3165"},"modified":"2016-05-10T21:08:30","modified_gmt":"2016-05-10T21:08:30","slug":"credito-de-disciplinas","status":"publish","type":"page","link":"http:\/\/www2.unifap.br\/midias\/aluno\/credito-de-disciplinas\/","title":{"rendered":"Cr\u00e9dito de disciplinas"},"content":{"rendered":"<p style=\"text-align: justify\">Caros alunos,<\/p>\n<p>informamos que para creditar as disciplinas j\u00e1 cursadas \u00e9 necess\u00e1rio fazer um requerimento junto ao Protocolo Geral da UNIFAP e encaminhar \u00e0 coordena\u00e7\u00e3o do curso. Ap\u00f3s isto a coordena\u00e7\u00e3o avaliar\u00e1 o pedido do aluno deferindo ou indeferindo o processo de cr\u00e9ditos.<\/p>\n<p>&nbsp;<\/p>\n","protected":false},"excerpt":{"rendered":"<p>Caros alunos, informamos que para creditar as disciplinas j\u00e1 cursadas \u00e9 necess\u00e1rio fazer um requerimento junto ao Protocolo Geral da UNIFAP e encaminhar \u00e0 coordena\u00e7\u00e3o do curso. Ap\u00f3s isto a coordena\u00e7\u00e3o avaliar\u00e1 o pedido do aluno deferindo ou indeferindo o&hellip; <\/p>\n<p><a href=\"http:\/\/www2.unifap.br\/midias\/aluno\/credito-de-disciplinas\/\" class=\"readmore-button\">Continue Reading<\/a><\/p>\n","protected":false},"author":14,"featured_media":0,"parent":3107,"menu_order":1,"comment_status":"open","ping_status":"open","template":"","meta":{"inline_featured_image":false,"ngg_post_thumbnail":0,"footnotes":""},"class_list":["post-3165","page","type-page","status-publish","hentry"],"_links":{"self":[{"href":"http:\/\/www2.unifap.br\/midias\/wp-json\/wp\/v2\/pages\/3165","targetHints":{"allow":["GET"]}}],"collection":[{"href":"http:\/\/www2.unifap.br\/midias\/wp-json\/wp\/v2\/pages"}],"about":[{"href":"http:\/\/www2.unifap.br\/midias\/wp-json\/wp\/v2\/types\/page"}],"author":[{"embeddable":true,"href":"http:\/\/www2.unifap.br\/midias\/wp-json\/wp\/v2\/users\/14"}],"replies":[{"embeddable":true,"href":"http:\/\/www2.unifap.br\/midias\/wp-json\/wp\/v2\/comments?post=3165"}],"version-history":[{"count":2,"href":"http:\/\/www2.unifap.br\/midias\/wp-json\/wp\/v2\/pages\/3165\/revisions"}],"predecessor-version":[{"id":3167,"href":"http:\/\/www2.unifap.br\/midias\/wp-json\/wp\/v2\/pages\/3165\/revisions\/3167"}],"up":[{"embeddable":true,"href":"http:\/\/www2.unifap.br\/midias\/wp-json\/wp\/v2\/pages\/3107"}],"wp:attachment":[{"href":"http:\/\/www2.unifap.br\/midias\/wp-json\/wp\/v2\/media?parent=3165"}],"curies":[{"name":"wp","href":"https:\/\/api.w.org\/{rel}","templated":true}]}}