{"id":3191,"date":"2016-06-06T18:19:19","date_gmt":"2016-06-06T18:19:19","guid":{"rendered":"http:\/\/www2.unifap.br\/midias\/?page_id=3191"},"modified":"2016-07-04T19:55:28","modified_gmt":"2016-07-04T19:55:28","slug":"edital-n-122016-propespg-selecao-de-alunos-para-o-curso-de-especializacao-lato-sensu-em-midias-na-educacao-2016","status":"publish","type":"page","link":"http:\/\/www2.unifap.br\/midias\/processo-seletivo\/edital-n-122016-propespg-selecao-de-alunos-para-o-curso-de-especializacao-lato-sensu-em-midias-na-educacao-2016\/","title":{"rendered":"EDITAL N\u00b0 12\/2016 &#8211; PROPESPG &#8211; SELE\u00c7\u00c3O DE ALUNOS PARA O CURSO DE ESPECIALIZA\u00c7\u00c3O (LATO SENSU) EM M\u00cdDIAS NA EDUCA\u00c7\u00c3O 2016"},"content":{"rendered":"<p>A Pr\u00f3-Reitoria de Pesquisa e P\u00f3s-Gradua\u00e7\u00e3o da UNIFAP, no uso de suas atribui\u00e7\u00f5es legais e estatut\u00e1rias, torna p\u00fablico, pelo presente Edital, as normas do PROCESSO SELETIVO DE INGRESSO DE ALUNOS \u00e0s vagas disponibilizadas ao Curso de Especializa\u00e7\u00e3o em M\u00eddias na Educa\u00e7\u00e3o na modalidade \u00e0 dist\u00e2ncia para o ano letivo de 2016, pela Universidade Federal do Amap\u00e1 &#8211; UNIFAP.<\/p>\n<address>Quesitos:<\/address>\n<address>Ser professor ou t\u00e9cnico de escola p\u00fablica ou privada;<\/address>\n<address>Possuir gradua\u00e7\u00e3o em qualquer \u00e1rea do conhecimento;<\/address>\n<address>Ter disponibilidade de hor\u00e1rio para realizar os estudos durante 10 horas por semana;<\/address>\n<address>Participar dos encontros presenciais no respectivo Polo Municipal;<\/address>\n<address>Desenvolver atividades encaminhadas pelos Tutores;<\/address>\n<address>Possuir familiaridade com o uso de computadores e Internet.<\/address>\n<address>\u00a0<\/address>\n<p>Cronograma:<\/p>\n<h4><a href=\"http:\/\/www2.unifap.br\/midias\/files\/2016\/06\/cronograma.gif\"><img fetchpriority=\"high\" decoding=\"async\" alt=\"cronograma\" src=\"http:\/\/www2.unifap.br\/midias\/files\/2016\/06\/cronograma.gif\" width=\"1080\" height=\"258\" \/><\/a><span style=\"color: #000000\"><a href=\"http:\/\/www2.unifap.br\/midias\/files\/2016\/06\/Edital3.pdf\"><span style=\"color: #000000\">Edital em PDF<\/span><\/a><\/span><\/h4>\n<h4>Inscri\u00e7\u00f5es encerradas<\/h4>\n<h4><strong style=\"color: #800000;font-size: 1.5em;line-height: 1.5em\"><span><a href=\"http:\/\/www2.unifap.br\/midias\/files\/2016\/06\/RESULTADO_FINAL.pdf\">RESULTADO FINAL<\/a><\/span><\/strong><\/h4>\n","protected":false},"excerpt":{"rendered":"<p>A Pr\u00f3-Reitoria de Pesquisa e P\u00f3s-Gradua\u00e7\u00e3o da UNIFAP, no uso de suas atribui\u00e7\u00f5es legais e estatut\u00e1rias, torna p\u00fablico, pelo presente Edital, as normas do PROCESSO SELETIVO DE INGRESSO DE ALUNOS \u00e0s vagas disponibilizadas ao Curso de Especializa\u00e7\u00e3o em M\u00eddias na&hellip; <\/p>\n<p><a href=\"http:\/\/www2.unifap.br\/midias\/processo-seletivo\/edital-n-122016-propespg-selecao-de-alunos-para-o-curso-de-especializacao-lato-sensu-em-midias-na-educacao-2016\/\" class=\"readmore-button\">Continue Reading<\/a><\/p>\n","protected":false},"author":98,"featured_media":0,"parent":3102,"menu_order":1,"comment_status":"open","ping_status":"closed","template":"","meta":{"inline_featured_image":false,"ngg_post_thumbnail":0,"footnotes":""},"class_list":["post-3191","page","type-page","status-publish","hentry"],"_links":{"self":[{"href":"http:\/\/www2.unifap.br\/midias\/wp-json\/wp\/v2\/pages\/3191","targetHints":{"allow":["GET"]}}],"collection":[{"href":"http:\/\/www2.unifap.br\/midias\/wp-json\/wp\/v2\/pages"}],"about":[{"href":"http:\/\/www2.unifap.br\/midias\/wp-json\/wp\/v2\/types\/page"}],"author":[{"embeddable":true,"href":"http:\/\/www2.unifap.br\/midias\/wp-json\/wp\/v2\/users\/98"}],"replies":[{"embeddable":true,"href":"http:\/\/www2.unifap.br\/midias\/wp-json\/wp\/v2\/comments?post=3191"}],"version-history":[{"count":7,"href":"http:\/\/www2.unifap.br\/midias\/wp-json\/wp\/v2\/pages\/3191\/revisions"}],"predecessor-version":[{"id":3403,"href":"http:\/\/www2.unifap.br\/midias\/wp-json\/wp\/v2\/pages\/3191\/revisions\/3403"}],"up":[{"embeddable":true,"href":"http:\/\/www2.unifap.br\/midias\/wp-json\/wp\/v2\/pages\/3102"}],"wp:attachment":[{"href":"http:\/\/www2.unifap.br\/midias\/wp-json\/wp\/v2\/media?parent=3191"}],"curies":[{"name":"wp","href":"https:\/\/api.w.org\/{rel}","templated":true}]}}