{"id":3314,"date":"2016-07-13T20:28:34","date_gmt":"2016-07-13T20:28:34","guid":{"rendered":"http:\/\/www2.unifap.br\/midias\/?page_id=3314"},"modified":"2016-07-13T20:30:53","modified_gmt":"2016-07-13T20:30:53","slug":"monografias-2","status":"publish","type":"page","link":"http:\/\/www2.unifap.br\/midias\/producoes\/monografias-2\/","title":{"rendered":"Monografias"},"content":{"rendered":"<p><img fetchpriority=\"high\" decoding=\"async\" class=\"size-full wp-image-3319 aligncenter\" alt=\"f48954_4c1794ed9b0d40b4861d9f2c9b85456f-mv2_d_5000_3439_s_4_2\" src=\"http:\/\/www2.unifap.br\/midias\/files\/2016\/07\/f48954_4c1794ed9b0d40b4861d9f2c9b85456f-mv2_d_5000_3439_s_4_2.jpg\" width=\"281\" height=\"204\" \/><\/p>\n<ol>\n<li><strong style=\"font-family: Consolas, Monaco, monospace;font-size: 12px;line-height: 18px\"><span><span><a href=\"http:\/\/www2.unifap.br\/midias\/files\/2016\/04\/A-escrita-o-c\u00f3digo-verbal-e-as-linguagens-midi\u00e1ticas-ANA-NUNES-ALVES-LOBATO.pdf\">-&gt; A escrita,<\/a><\/span><\/span><\/strong><strong style=\"font-family: Consolas, Monaco, monospace;font-size: 12px;line-height: 18px\"><span><span><a href=\"http:\/\/www2.unifap.br\/midias\/files\/2016\/04\/A-escrita-o-c\u00f3digo-verbal-e-as-linguagens-midi\u00e1ticas-ANA-NUNES-ALVES-LOBATO.pdf\">\u00a0o c\u00f3digo verbal e as linguagens midi\u00e1ticas &#8211; ANA NUNES ALVES LOBATO<\/a><\/span><\/span><\/strong><\/li>\n<li><strong style=\"font-family: Consolas, Monaco, monospace;font-size: 12px;line-height: 18px\"><span><a href=\"http:\/\/www2.unifap.br\/midias\/files\/2016\/04\/A-FORMA\u00c7\u00c3O-DOS-PROFESSORES-PARA-UTILIZA\u00c7\u00c3O-DO-LABORAT\u00d3RIO-Debora-Rezende-Martins-Viana.pdf\"><span>-&gt; A FORMA\u00c7\u00c3O DOS PROFESSORES PARA UTILIZA\u00c7\u00c3O DO LABORAT\u00d3RIO &#8211; Debora Rezende Martins Viana<\/span><\/a><\/span><\/strong><\/li>\n<li><strong style=\"font-family: Consolas, Monaco, monospace;font-size: 12px;line-height: 18px\"><span><a href=\"http:\/\/www2.unifap.br\/midias\/files\/2016\/04\/A-IMPORT\u00c2NCIA-DA-TV-E-V\u00cdDEO-COMO-ESTRAT\u00c9GIA-DE-ENSINO-maria-clarice.pdf\"><span>-&gt; A IMPORT\u00c2NCIA DA TV E V\u00cdDEO COMO ESTRAT\u00c9GIA DE ENSINO &#8211; maria clarice<\/span><\/a><\/span><\/strong><\/li>\n<li><strong style=\"font-family: Consolas, Monaco, monospace;font-size: 12px;line-height: 18px\"><span><a href=\"http:\/\/www2.unifap.br\/midias\/files\/2016\/04\/a-linguagem-midi\u00e1tica-no-ensino-da-literatura-atrav\u00e9s-da-musica-MACIONI-BENJAMIN-DO-CARMO.pdf\"><span>-&gt; a linguagem midi\u00e1tica no ensino da literatura atrav\u00e9s da musica &#8211; MACIONI BENJAMIN DO CARMO<br \/>\n<\/span><\/a><\/span><\/strong><\/li>\n<li><strong style=\"font-family: Consolas, Monaco, monospace;font-size: 12px;line-height: 18px\"><span><a href=\"http:\/\/www2.unifap.br\/midias\/files\/2016\/04\/A-pesquisa-escolar-em-tempo-de-internet-VASTIRA-DA-SILVA-ARA\u00daJO.pdf\"><span>-&gt; A pesquisa escolar em tempo de internet &#8211; VASTIRA DA SILVA ARA\u00daJO<\/span><\/a><\/span><\/strong><\/li>\n<li><strong style=\"font-family: Consolas, Monaco, monospace;font-size: 12px;line-height: 18px\"><span><a href=\"http:\/\/www2.unifap.br\/midias\/files\/2016\/04\/A-televis\u00e3o-e-sua-influencia-no-processo-ensino-aprendizagem-Rosiane-Rodrigues-de-Sousa-Pinheiro.pdf\"><span>-&gt; A televis\u00e3o e sua influencia no processo ensino aprendizagem &#8211; Rosiane Rodrigues de Sousa Pinheiro<\/span><\/a><\/span><\/strong><\/li>\n<li><strong style=\"font-family: Consolas, Monaco, monospace;font-size: 12px;line-height: 18px\"><span><a href=\"http:\/\/www2.unifap.br\/midias\/files\/2016\/04\/A-UTILIZA\u00c7\u00c3O-DAS-REDES-SOCIAIS-NA-PR\u00c1TICA-PEDAG\u00d3GICA-DE-PROFESSORES-CURSISTAS-silvia-maria.pdf\"><span>-&gt; A UTILIZA\u00c7\u00c3O DAS REDES SOCIAIS NA PR\u00c1TICA PEDAG\u00d3GICA DE PROFESSORES-CURSISTAS &#8211; silvia maria<\/span><\/a><\/span><\/strong><\/li>\n<li><strong style=\"font-family: Consolas, Monaco, monospace;font-size: 12px;line-height: 18px\"><span><a href=\"http:\/\/www2.unifap.br\/midias\/files\/2016\/04\/A-utiliza\u00e7\u00e3o-do-blog-como-uma-ferramenta-de-aprendizagem-SANDRA-DIANA-SANTOS-DA-SILVA.pdf\"><span>-&gt; A utiliza\u00e7\u00e3o do blog como uma ferramenta de aprendizagem &#8211; SANDRA DIANA SANTOS DA SILVA<\/span><\/a><\/span><\/strong><\/li>\n<li><strong style=\"font-family: Consolas, Monaco, monospace;font-size: 12px;line-height: 18px\"><span><a href=\"http:\/\/www2.unifap.br\/midias\/files\/2016\/04\/AS-NOVAS-TECNOLOGIAS-NA-EJA-PR\u00c1TICAS-INOVADORAS-SILVIA-BENUAVA-BRITO-DOS-SANTOS.pdf\"><span>-&gt; AS NOVAS TECNOLOGIAS NA EJA PR\u00c1TICAS INOVADORAS &#8211; SILVIA BENUAVA BRITO DOS SANTOS<\/span><\/a><\/span><\/strong><\/li>\n<li><strong style=\"font-family: Consolas, Monaco, monospace;font-size: 12px;line-height: 18px\"><span><a href=\"http:\/\/www2.unifap.br\/midias\/files\/2016\/04\/Avalia\u00e7\u00e3o-do-uso-do-celular-no-cotidiano-da-E.-E.-A.-Barroso-NELMA-MARCIA-FERREIRA-BATISTA.pdf\"><span>-&gt; Avalia\u00e7\u00e3o do uso do celular no cotidiano da E. E. A. Barroso &#8211; NELMA MARCIA FERREIRA BATISTA<\/span><\/a><\/span><\/strong><\/li>\n<li><strong style=\"font-family: Consolas, Monaco, monospace;font-size: 12px;line-height: 18px\"><span><a href=\"http:\/\/www2.unifap.br\/midias\/files\/2016\/04\/CELULAR-REFLEX\u00c3O-A\u00c7\u00c3O-NA-EDUCOMUNICA\u00c7\u00c3O-LEA-AUGUSTA-NERY-DA-SILVA.pdf\"><span>-&gt; CELULAR REFLEX\u00c3O A\u00c7\u00c3O NA EDUCOMUNICA\u00c7\u00c3O &#8211; LEA AUGUSTA NERY DA SILVA<\/span><\/a><\/span><\/strong><\/li>\n<li><strong style=\"font-family: Consolas, Monaco, monospace;font-size: 12px;line-height: 18px\"><span><a href=\"http:\/\/www2.unifap.br\/midias\/files\/2016\/04\/COMPUTADOR-POSSIBILIDADE-DE-AVAN\u00c7OS-DE-APRENDIZAGEM-DA-Diorlene-Oliveira.pdf\"><span>-&gt; COMPUTADOR POSSIBILIDADE DE AVAN\u00c7OS DE APRENDIZAGEM DA &#8211; Diorlene Oliveira<\/span><\/a><\/span><\/strong><\/li>\n<li><strong style=\"font-family: Consolas, Monaco, monospace;font-size: 12px;line-height: 18px\"><span><a href=\"http:\/\/www2.unifap.br\/midias\/files\/2016\/04\/Desafios-da-EAD-no-Estado-do-Amap\u00e1-ANDREIA-ROSELIZ-SILVA-MONTEIRO.pdf\"><span>-&gt; Desafios da EAD no Estado do Amap\u00e1 &#8211; ANDREIA ROSELIZ SILVA MONTEIRO<\/span><\/a><\/span><\/strong><\/li>\n<li><strong style=\"font-family: Consolas, Monaco, monospace;font-size: 12px;line-height: 18px\"><span><a href=\"http:\/\/www2.unifap.br\/midias\/files\/2016\/04\/Educa\u00e7\u00e3o-continuada-de-professores-um-olhar-sobre-o-uso-das-m\u00eddias-IDAL\u00c9A-CARDOSO-ALCANTARA.pdf\"><span>-&gt; Educa\u00e7\u00e3o continuada de professores um olhar sobre o uso das m\u00eddias &#8211; IDAL\u00c9A CARDOSO ALCANTARA<\/span><\/a><\/span><\/strong><\/li>\n<li><strong style=\"font-family: Consolas, Monaco, monospace;font-size: 12px;line-height: 18px\"><span><a href=\"http:\/\/www2.unifap.br\/midias\/files\/2016\/04\/EDUCA\u00c7\u00c3O-ON-LINE-PARA-ALUNOS-DO-ENSINO-FUNDAMENTAL-DAS-S\u00c9RIES-INICIAIS-IZABEL-DA-LUZ-PIMENTEL.pdf\"><span>-&gt; EDUCA\u00c7\u00c3O ON-LINE PARA ALUNOS DO ENSINO FUNDAMENTAL DAS S\u00c9RIES INICIAIS &#8211; IZABEL DA LUZ PIMENTEL<\/span><\/a><\/span><\/strong><\/li>\n<li><strong style=\"font-family: Consolas, Monaco, monospace;font-size: 12px;line-height: 18px\"><span><a href=\"http:\/\/www2.unifap.br\/midias\/files\/2016\/04\/Laborat\u00f3rio-de-Inform\u00e1tica-Fernanda-Glauce-da-Silva-Melo.pdf\"><span>-&gt; Laborat\u00f3rio de Inform\u00e1tica &#8211; Fernanda Glauce da Silva Melo<\/span><\/a><\/span><\/strong><\/li>\n<li><strong style=\"font-family: Consolas, Monaco, monospace;font-size: 12px;line-height: 18px\"><span><a href=\"http:\/\/www2.unifap.br\/midias\/files\/2016\/04\/m\u00eddia-televisiva-ELIANA-RIBEIRO.pdf\"><span>-&gt; m\u00eddia televisiva &#8211; ELIANA RIBEIRO<\/span><\/a>\u00a0<a href=\"http:\/\/www2.unifap.br\/midias\/files\/2016\/04\/M\u00eddias-Colaborativas-e-a-escola-MARLI-CORDEIRO-DUARTE.pdf\"><span>&#8211; M\u00eddias Colaborativas e a escola &#8211; MARLI CORDEIRO DUARTE<\/span><\/a><\/span><\/strong><\/li>\n<li><strong style=\"font-family: Consolas, Monaco, monospace;font-size: 12px;line-height: 18px\"><span><a href=\"http:\/\/www2.unifap.br\/midias\/files\/2016\/04\/M\u00eddias-na-Educa\u00e7\u00e3o-Maralene-Araujo.pdf\"><span>-&gt; M\u00eddias na Educa\u00e7\u00e3o &#8211; Maralene Araujo<\/span><\/a><\/span><\/strong><\/li>\n<li><strong style=\"font-family: Consolas, Monaco, monospace;font-size: 12px;line-height: 18px\"><span><a href=\"http:\/\/www2.unifap.br\/midias\/files\/2016\/04\/Midias-na-Educa\u00e7\u00e3o-matematica-EliasPinheiro.pdf\"><span>-&gt; Midias na Educa\u00e7\u00e3o matematica &#8211; EliasPinheiro<\/span><\/a><\/span><\/strong><\/li>\n<li><strong style=\"font-family: Consolas, Monaco, monospace;font-size: 12px;line-height: 18px\"><span><a href=\"http:\/\/www2.unifap.br\/midias\/files\/2016\/04\/O-COMPUTADOR-COMO-FACILITADOR-DE-APRENDIZAGEM-NA-DISCIPLINA-DE-CI\u00caNCIAS-IDELCY.pdf\"><span>-&gt; O COMPUTADOR COMO FACILITADOR DE APRENDIZAGEM NA DISCIPLINA DE CI\u00caNCIAS &#8211; IDELCY<br \/>\n<\/span><\/a><\/span><\/strong><\/li>\n<li><strong style=\"font-family: Consolas, Monaco, monospace;font-size: 12px;line-height: 18px\"><span><a href=\"http:\/\/www2.unifap.br\/midias\/files\/2016\/04\/O-computador-como-ferramenta-pedag\u00f3gica-na-Alfabetiza\u00e7\u00e3o-dos-alunos-Odalena-Vi\u00e9gas-Gomes-F.-de-Almeida.pdf\"><span>-&gt; O computador como ferramenta pedag\u00f3gica na Alfabetiza\u00e7\u00e3o dos alunos &#8211; Odalena Vi\u00e9gas Gomes F. de Almeida<\/span><\/a><\/span><\/strong><\/li>\n<li><strong style=\"font-family: Consolas, Monaco, monospace;font-size: 12px;line-height: 18px\"><span><a href=\"http:\/\/www2.unifap.br\/midias\/files\/2016\/04\/O-laborat\u00f3rio-de-inform\u00e1tica-na-educa\u00e7\u00e3o-dificuldade-e-possibilidades-ANA-C\u00c9LIA-COELHO-DE-SOUZA.pdf\"><span>-&gt; O laborat\u00f3rio de inform\u00e1tica na educa\u00e7\u00e3o dificuldade e possibilidades &#8211; ANA C\u00c9LIA COELHO DE SOUZA<\/span><\/a><\/span><\/strong><\/li>\n<li><strong style=\"font-family: Consolas, Monaco, monospace;font-size: 12px;line-height: 18px\"><span><a href=\"http:\/\/www2.unifap.br\/midias\/files\/2016\/04\/O-Laborat\u00f3rio-de-Inform\u00e1tica-no-Ensino-Fundamental-Maria-Raimunda-correa-cardoso.pdf\"><span>-&gt; O Laborat\u00f3rio de Inform\u00e1tica no Ensino Fundamental &#8211; Maria Raimunda correa cardoso<\/span><\/a><\/span><\/strong><\/li>\n<li><strong style=\"font-family: Consolas, Monaco, monospace;font-size: 12px;line-height: 18px\"><span><a href=\"http:\/\/www2.unifap.br\/midias\/files\/2016\/04\/O-LIED-como-ambiente-de-aprendizagem-o-computador-como-ferramenta-educativa-GEANNE-da-Silva.pdf\"><span>-&gt; O LIED como ambiente de aprendizagem o computador como ferramenta educativa &#8211; GEANNE da Silva<\/span><\/a><\/span><\/strong><\/li>\n<li><strong style=\"font-family: Consolas, Monaco, monospace;font-size: 12px;line-height: 18px\"><span><a href=\"http:\/\/www2.unifap.br\/midias\/files\/2016\/04\/O-PROFESSOR-FRENTE-\u00c0S-NOVAS-TECNOLOGIAS-DA-COMUNICA\u00c7\u00c3O-E-DA-INFORMA\u00c7\u00c3O-SANDRA-PANTOJA.pdf\"><span>-&gt; O PROFESSOR FRENTE \u00c0S NOVAS TECNOLOGIAS DA COMUNICA\u00c7\u00c3O E DA INFORMA\u00c7\u00c3O &#8211; SANDRA PANTOJA<\/span><\/a><\/span><\/strong><\/li>\n<li><strong style=\"font-family: Consolas, Monaco, monospace;font-size: 12px;line-height: 18px\"><span><a href=\"http:\/\/www2.unifap.br\/midias\/files\/2016\/04\/O-R\u00c1DIO-COMO-RECURSO-QUE-POTENCIALIZA-A-MARILENE-ALMEIDA-OLIVEIRA.pdf\"><span>-&gt; O R\u00c1DIO COMO RECURSO QUE POTENCIALIZA A &#8211; MARILENE ALMEIDA OLIVEIRA<\/span><\/a><\/span><\/strong><\/li>\n<li><strong style=\"font-family: Consolas, Monaco, monospace;font-size: 12px;line-height: 18px\"><span><a href=\"http:\/\/www2.unifap.br\/midias\/files\/2016\/04\/O-TELEFONE-CELULAR-COMO-AGENTE-MOTIVADOR-Waldira-Sousa-Santos.pdf\"><span>-&gt; O TELEFONE CELULAR COMO AGENTE MOTIVADOR &#8211; Waldira Sousa Santos<\/span><\/a><\/span><\/strong><\/li>\n<li><strong style=\"font-family: Consolas, Monaco, monospace;font-size: 12px;line-height: 18px\"><span><a href=\"http:\/\/www2.unifap.br\/midias\/files\/2016\/04\/O-Uso-da-Pesquisa-On-line-na-turma-432-da-Educa\u00e7\u00e3o-de-Jovens.pdf\"><span>-&gt; O Uso da Pesquisa On-line na turma 432 da Educa\u00e7\u00e3o de Jovens<\/span><\/a><\/span><\/strong><\/li>\n<li><strong style=\"font-family: Consolas, Monaco, monospace;font-size: 12px;line-height: 18px\"><span><a href=\"http:\/\/www2.unifap.br\/midias\/files\/2016\/04\/O-uso-da-TV-e-do-v\u00eddeo-contextualizado-na-pr\u00e1tica-docente-IVONETE-SOUZA-RODRIGUES-MAGALH\u00c3ES.pdf\"><span>-&gt; O uso da TV e do v\u00eddeo contextualizado na pr\u00e1tica docente &#8211; IVONETE SOUZA RODRIGUES MAGALH\u00c3ES<\/span><\/a><\/span><\/strong><\/li>\n<li><strong style=\"font-family: Consolas, Monaco, monospace;font-size: 12px;line-height: 18px\"><span><a href=\"http:\/\/www2.unifap.br\/midias\/files\/2016\/04\/O-uso-das-m\u00eddias-no-ensino-religioso-numa-perspectiva-marxista-Tatiane-Galv\u00e3o-Monteiro.pdf\"><span>-&gt; O uso das m\u00eddias no ensino religioso numa perspectiva marxista &#8211; Tatiane Galv\u00e3o Monteiro<\/span><\/a><\/span><\/strong><\/li>\n<li><strong style=\"font-family: Consolas, Monaco, monospace;font-size: 12px;line-height: 18px\"><span><a href=\"http:\/\/www2.unifap.br\/midias\/files\/2016\/04\/O-uso-de-jogos-eletr\u00f4nicos-como-ferramentas-educacional-complementar-IVANA-RALIENE-PAIX\u00c3O-DE-MELO.pdf\"><span>-&gt; O uso de jogos eletr\u00f4nicos como ferramentas educacional complementar &#8211; IVANA RALIENE PAIX\u00c3O DE MELO<\/span><\/a><\/span><\/strong><\/li>\n<li><strong style=\"font-family: Consolas, Monaco, monospace;font-size: 12px;line-height: 18px\"><span><a href=\"http:\/\/www2.unifap.br\/midias\/files\/2016\/04\/O-USO-DE-TECNOLOGIAS-NO-COTIDIANO-ESCOLAR-maria-zeni.pdf\"><span>-&gt; O USO DE TECNOLOGIAS NO COTIDIANO ESCOLAR &#8211; maria zeni<\/span><\/a><\/span><\/strong><\/li>\n<li><strong style=\"font-family: Consolas, Monaco, monospace;font-size: 12px;line-height: 18px\"><span><a href=\"http:\/\/www2.unifap.br\/midias\/files\/2016\/04\/O-USO-DO-APARELHO-CELULAR-EM-SALA-DE-AULA-MARLEY-GUEDES-DA-SILVA.pdf\"><span>-&gt; O USO DO APARELHO CELULAR EM SALA DE AULA &#8211; MARLEY GUEDES DA SILVA<\/span><\/a><\/span><\/strong><\/li>\n<li><strong style=\"font-family: Consolas, Monaco, monospace;font-size: 12px;line-height: 18px\"><span><a href=\"http:\/\/www2.unifap.br\/midias\/files\/2016\/04\/O-USO-DO-CELULAR-NO-PROCESSO-DE-ENSINO-E-APRENDIZAGEM-EM-GEOGRAFIA-Rubens-Sarraf-2-TCC.pdf\"><span>-&gt; O USO DO CELULAR NO PROCESSO DE ENSINO E APRENDIZAGEM EM GEOGRAFIA &#8211; Rubens Sarraf &#8211; 2 TCC<\/span><\/a><\/span><\/strong><\/li>\n<li><strong style=\"font-family: Consolas, Monaco, monospace;font-size: 12px;line-height: 18px\"><span><a href=\"http:\/\/www2.unifap.br\/midias\/files\/2016\/04\/O-uso-do-computador-como-ferramenta-para-alunos-do-Programa-Mais-Educa\u00e7\u00e3o-ANA-LUCIA-SILVA-DA-SILVA.pdf\"><span>-&gt; O uso do computador como ferramenta para alunos do Programa Mais Educa\u00e7\u00e3o &#8211; ANA LUCIA SILVA DA SILVA<\/span><\/a><\/span><\/strong><\/li>\n<li><strong style=\"font-family: Consolas, Monaco, monospace;font-size: 12px;line-height: 18px\"><span><a href=\"http:\/\/www2.unifap.br\/midias\/files\/2016\/04\/O-uso-do-computador-como-recurso-pedag\u00f3gico-Maria-Eliete-de-Albuquerque.pdf\"><span>-&gt; O uso do computador como recurso pedag\u00f3gico &#8211; Maria Eliete de Albuquerque<\/span><\/a><\/span><\/strong><\/li>\n<li><strong style=\"font-family: Consolas, Monaco, monospace;font-size: 12px;line-height: 18px\"><span><a href=\"http:\/\/www2.unifap.br\/midias\/files\/2016\/04\/O-USO-DO-COMPUTADOR-E-DA-INTERNET-APLICADA-A-PR\u00c1TICA-Eleni-da-Silva.pdf\"><span>-&gt; O USO DO COMPUTADOR E DA INTERNET APLICADA A PR\u00c1TICA &#8211; Eleni da Silva<\/span><\/a><\/span><\/strong><\/li>\n<li><strong style=\"font-family: Consolas, Monaco, monospace;font-size: 12px;line-height: 18px\"><span><a href=\"http:\/\/www2.unifap.br\/midias\/files\/2016\/04\/O-USO-DO-R\u00c1DIO-NO-PROCESSO-DE-ENSINO-E-APRENDIZAGEM-VALDELICE-CAVALCANTE.pdf\"><span>-&gt; O USO DO R\u00c1DIO NO PROCESSO DE ENSINO E APRENDIZAGEM &#8211; VALDELICE CAVALCANTE<\/span><\/a><\/span><\/strong><\/li>\n<li><strong style=\"font-family: Consolas, Monaco, monospace;font-size: 12px;line-height: 18px\"><span><a href=\"http:\/\/www2.unifap.br\/midias\/files\/2016\/04\/O-USO-DO-SOFTWARE-DOSVOX-NA-EDUCA\u00c7\u00c3O-DOS-DEFICIENTES-VISUAIS-WALDERCY-DE-NAZAR\u00c9-TAVARES-DA-FONSECA.pdf\"><span>-&gt; O USO DO SOFTWARE DOSVOX NA EDUCA\u00c7\u00c3O DOS DEFICIENTES VISUAIS &#8211; WALDERCY DE NAZAR\u00c9 TAVARES DA FONSECA<\/span><\/a><\/span><\/strong><\/li>\n<li><strong style=\"font-family: Consolas, Monaco, monospace;font-size: 12px;line-height: 18px\"><span><a href=\"http:\/\/www2.unifap.br\/midias\/files\/2016\/04\/O-uso-dos-jogos-no-computador-Antonia-Maria.rar\"><span>-&gt; O uso dos jogos no computador &#8211; Antonia Maria<\/span><\/a>\u00a0<\/span><\/strong><\/li>\n<li><strong style=\"font-family: Consolas, Monaco, monospace;font-size: 12px;line-height: 18px\"><span><a href=\"http:\/\/www2.unifap.br\/midias\/files\/2016\/04\/O-uso-pedag\u00f3gico-da-TV-e-do-v\u00eddeo-como-facilitadores-da-aprendizagem-ANA-ALICE-ALVES-BRILHANTE.pdf\"><span>-&gt; O uso pedag\u00f3gico da TV e do v\u00eddeo como facilitadores da aprendizagem &#8211; ANA ALICE ALVES BRILHANTE<\/span><\/a><\/span><\/strong><\/li>\n<li><strong style=\"font-family: Consolas, Monaco, monospace;font-size: 12px;line-height: 18px\"><span><a href=\"http:\/\/www2.unifap.br\/midias\/files\/2016\/04\/O-USO-PEDAG\u00d3GICO-DAS-M\u00cdDIAS-NO-PROJETO-MEIO-AMBIENTE-Anderson_Santos.pdf\"><span>-&gt; O USO PEDAG\u00d3GICO DAS M\u00cdDIAS NO PROJETO MEIO AMBIENTE &#8211; Anderson_Santos<\/span><\/a><\/span><\/strong><\/li>\n<li><strong style=\"font-family: Consolas, Monaco, monospace;font-size: 12px;line-height: 18px\"><span><a href=\"http:\/\/www2.unifap.br\/midias\/files\/2016\/04\/O-v\u00eddeo-na-sala-de-aula-um-olhar-sobre-essa-a\u00e7\u00e3o-pedag\u00f3gica-S\u00d4NIA-MARIA-SERR\u00c3O-NUNES.pdf\"><span>-&gt; O v\u00eddeo na sala de aula um olhar sobre essa a\u00e7\u00e3o pedag\u00f3gica &#8211; S\u00d4NIA MARIA SERR\u00c3O NUNES<\/span><\/a><\/span><\/strong><\/li>\n<li><strong style=\"font-family: Consolas, Monaco, monospace;font-size: 12px;line-height: 18px\"><span><a href=\"http:\/\/www2.unifap.br\/midias\/files\/2016\/04\/PROCESSO-ENSINO-E-APRENDIZAGEM-FRENTE-AO-USO-DO-COMPUTADOR-IVANETE-DA-LUZ-SILVA.pdf\"><span>-&gt; PROCESSO ENSINO E APRENDIZAGEM FRENTE AO USO DO COMPUTADOR &#8211; IVANETE DA LUZ SILVA<\/span><\/a><\/span><\/strong><\/li>\n<li><strong style=\"font-family: Consolas, Monaco, monospace;font-size: 12px;line-height: 18px\"><span><a href=\"http:\/\/www2.unifap.br\/midias\/files\/2016\/04\/PROPOSTA-DE-UTILIZA\u00c7\u00c3O-DA-TELEVIS\u00c3O-COMORECURSO-DE-APRENDIZAGEM-Raimunda-do-Socorro.pdf\"><span>-&gt; PROPOSTA DE UTILIZA\u00c7\u00c3O DA TELEVIS\u00c3O COMORECURSO DE APRENDIZAGEM &#8211; Raimunda do Socorro<\/span><\/a><\/span><\/strong><\/li>\n<li><strong style=\"font-family: Consolas, Monaco, monospace;font-size: 12px;line-height: 18px\"><span><a href=\"http:\/\/www2.unifap.br\/midias\/files\/2016\/04\/RECURSOS-TECNOLOGICOS-Katiana-Juciara.pdf\"><span>-&gt; RECURSOS TECNOLOGICOS &#8211; Katiana Juciara<\/span><\/a><\/span><\/strong><\/li>\n<li><strong style=\"font-family: Consolas, Monaco, monospace;font-size: 12px;line-height: 18px\"><span><a href=\"http:\/\/www2.unifap.br\/midias\/files\/2016\/04\/TCC-revisado-midias-unificado-Angelo-Anaice.pdf\"><span>-&gt; TCC revisado midias unificado &#8211; Angelo Anaice<\/span><\/a><\/span><\/strong><\/li>\n<li><strong style=\"font-family: Consolas, Monaco, monospace;font-size: 12px;line-height: 18px\"><span><a href=\"http:\/\/www2.unifap.br\/midias\/files\/2016\/04\/Tecnologia-e-Converg\u00eancia-de-M\u00eddias-uso-nas-pr\u00e1ticas-pedag\u00f3gico-AMARILDA-DOS-SANTOS-MARINHO.pdf\"><span>-&gt; Tecnologia e Converg\u00eancia de M\u00eddias, uso nas pr\u00e1ticas pedag\u00f3gico &#8211; AMARILDA DOS SANTOS MARINHO<\/span><\/a><\/span><\/strong><\/li>\n<li><strong style=\"font-family: Consolas, Monaco, monospace;font-size: 12px;line-height: 18px\"><span><a href=\"http:\/\/www2.unifap.br\/midias\/files\/2016\/04\/Tecnologias-na-Educa\u00e7\u00e3o-um-desafio-para-os-educadores-ROSIVALDA-RAMOS-AMADOR.pdf\"><span>-&gt; Tecnologias na Educa\u00e7\u00e3o um desafio para os educadores &#8211; ROSIVALDA RAMOS AMADOR<\/span><\/a><\/span><\/strong><\/li>\n<li><strong style=\"font-family: Consolas, Monaco, monospace;font-size: 12px;line-height: 18px\"><span><a href=\"http:\/\/www2.unifap.br\/midias\/files\/2016\/04\/TV-Escola-AMIRALDO-SILVA-DOS-SANTOS.pdf\"><span>-&gt; TV Escola &#8211; AMIRALDO SILVA DOS SANTOS<\/span><\/a><\/span><\/strong><\/li>\n<li><strong style=\"font-family: Consolas, Monaco, monospace;font-size: 12px;line-height: 18px\"><span><a href=\"http:\/\/www2.unifap.br\/midias\/files\/2016\/04\/UMA-AN\u00c1LISE-ACERCA-DO-PLANEJAMENTO-DAS-AULAS-NO-LIED-Simone-do-Socorro.pdf\"><span>-&gt; UMA AN\u00c1LISE ACERCA DO PLANEJAMENTO DAS AULAS NO LIED &#8211; Simone do Socorro<\/span><\/a><\/span><\/strong><\/li>\n<li><strong style=\"font-family: Consolas, Monaco, monospace;font-size: 12px;line-height: 18px\"><span><a href=\"http:\/\/www2.unifap.br\/midias\/files\/2016\/04\/UMA-PR\u00c1TICA-PEDAG\u00d3GICA-COM-O-USO-DO-TELEFONE-CELULAR-Ivanete-Alves.pdf\"><span>-&gt; UMA PR\u00c1TICA PEDAG\u00d3GICA COM O USO DO TELEFONE CELULAR &#8211; Ivanete Alves<\/span><\/a><\/span><\/strong><\/li>\n<li><strong style=\"font-family: Consolas, Monaco, monospace;font-size: 12px;line-height: 18px\"><span><a href=\"http:\/\/www2.unifap.br\/midias\/files\/2016\/04\/Uma-pr\u00e1tica-poss\u00edvel-de-aprender-MARIA-ARLETE-PIRES-BARBOSA.pdf\"><span>-&gt; Uma pr\u00e1tica poss\u00edvel de aprender &#8211; MARIA ARLETE PIRES BARBOSA<\/span><\/a><\/span><\/strong><\/li>\n<li><strong style=\"font-family: Consolas, Monaco, monospace;font-size: 12px;line-height: 18px\"><span><a href=\"http:\/\/www2.unifap.br\/midias\/files\/2016\/04\/Uso-pedag\u00f3gico-de-M\u00eddias-na-Escola-como-pr\u00e1ticas-inovadoras-de-ensino-Hilza-de-Normandia.pdf\"><span>-&gt; Uso pedag\u00f3gico de M\u00eddias na Escola como pr\u00e1ticas inovadoras de ensino &#8211; Hilza de Normandia<\/span><\/a><\/span><\/strong><\/li>\n<\/ol>\n","protected":false},"excerpt":{"rendered":"<p>-&gt; A escrita,\u00a0o c\u00f3digo verbal e as linguagens midi\u00e1ticas &#8211; ANA NUNES ALVES LOBATO -&gt; A FORMA\u00c7\u00c3O DOS PROFESSORES PARA UTILIZA\u00c7\u00c3O DO LABORAT\u00d3RIO &#8211; Debora Rezende Martins Viana -&gt; A IMPORT\u00c2NCIA DA TV E V\u00cdDEO COMO ESTRAT\u00c9GIA DE ENSINO &#8211;&hellip; <\/p>\n<p><a href=\"http:\/\/www2.unifap.br\/midias\/producoes\/monografias-2\/\" class=\"readmore-button\">Continue Reading<\/a><\/p>\n","protected":false},"author":14,"featured_media":0,"parent":3122,"menu_order":4,"comment_status":"open","ping_status":"open","template":"","meta":{"inline_featured_image":false,"ngg_post_thumbnail":0,"footnotes":""},"class_list":["post-3314","page","type-page","status-publish","hentry"],"_links":{"self":[{"href":"http:\/\/www2.unifap.br\/midias\/wp-json\/wp\/v2\/pages\/3314","targetHints":{"allow":["GET"]}}],"collection":[{"href":"http:\/\/www2.unifap.br\/midias\/wp-json\/wp\/v2\/pages"}],"about":[{"href":"http:\/\/www2.unifap.br\/midias\/wp-json\/wp\/v2\/types\/page"}],"author":[{"embeddable":true,"href":"http:\/\/www2.unifap.br\/midias\/wp-json\/wp\/v2\/users\/14"}],"replies":[{"embeddable":true,"href":"http:\/\/www2.unifap.br\/midias\/wp-json\/wp\/v2\/comments?post=3314"}],"version-history":[{"count":6,"href":"http:\/\/www2.unifap.br\/midias\/wp-json\/wp\/v2\/pages\/3314\/revisions"}],"predecessor-version":[{"id":3322,"href":"http:\/\/www2.unifap.br\/midias\/wp-json\/wp\/v2\/pages\/3314\/revisions\/3322"}],"up":[{"embeddable":true,"href":"http:\/\/www2.unifap.br\/midias\/wp-json\/wp\/v2\/pages\/3122"}],"wp:attachment":[{"href":"http:\/\/www2.unifap.br\/midias\/wp-json\/wp\/v2\/media?parent=3314"}],"curies":[{"name":"wp","href":"https:\/\/api.w.org\/{rel}","templated":true}]}}