{"id":3386,"date":"2018-05-08T20:45:14","date_gmt":"2018-05-08T20:45:14","guid":{"rendered":"http:\/\/www2.unifap.br\/midias\/?page_id=3386"},"modified":"2018-07-04T11:02:47","modified_gmt":"2018-07-04T11:02:47","slug":"edital-bolsista-ead","status":"publish","type":"page","link":"http:\/\/www2.unifap.br\/midias\/processo-seletivo\/edital-bolsista-ead\/","title":{"rendered":"EDITAL BOLSISTA EAD"},"content":{"rendered":"<p><strong><a href=\"http:\/\/www2.unifap.br\/midias\/files\/2018\/05\/EDITAL-BOLSISTA-EAD-INTERNO-E-EXTERNO.pdf\"><a href=\"http:\/\/www2.unifap.br\/midias\/files\/2018\/05\/EDITAL-BOLSISTA-EAD-INTERNO-E-EXTERNO1.pdf\">EDITAL 01\/2018 BOLSISTA EAD<\/a><\/a><\/strong><\/p>\n<p><strong><a href=\"http:\/\/www2.unifap.br\/midias\/files\/2018\/05\/RESULTADO-DAS-INSCRI\u00c7\u00d5ES-DEFERIDAS1.pdf\">RESULTADO DAS INSCRI\u00c7\u00d5ES DEFERIDAS<\/a><\/strong><\/p>\n<p><strong><a href=\"http:\/\/www2.unifap.br\/midias\/files\/2018\/05\/RESULTADO-FINAL.docx\">\u00a0<\/a><a href=\"http:\/\/www2.unifap.br\/midias\/files\/2018\/05\/RESULTADO-PROVISORIO-DA-ANALISE-DE-CURRICULO.pdf\">RESULTADO PROVIS\u00d3RIO DA ANALISE DE CURRICULO<\/a><\/strong><\/p>\n<p><strong><a href=\"http:\/\/www2.unifap.br\/midias\/files\/2018\/05\/RESULTADO-FINAL-DA-ANALISE-DE-CURRICULO.pdf\">RESULTADO FINAL DA ANALISE DE CURR\u00cdCULO<\/a><\/strong><\/p>\n<p><strong><a href=\"http:\/\/www2.unifap.br\/midias\/files\/2018\/05\/RESULTADO-PROVISORIO-DA-CARTA-DE-INTEN\u00c7\u00c3O.pdf\">RESULTADO PROVISORIO DA CARTA DE INTEN\u00c7\u00c3O<\/a><\/strong><\/p>\n<p><strong><a href=\"http:\/\/www2.unifap.br\/midias\/files\/2018\/05\/RESULTADO-FINAL-DA-CARTA-DE-INTE\u00c7\u00c3O-1.pdf\">RESULTADO FINAL DA CARTA DE INTEN\u00c7\u00c3O<\/a><\/strong><\/p>\n<p><strong><a href=\"http:\/\/www2.unifap.br\/midias\/files\/2018\/05\/CONVOCA\u00c7\u00c3O.pdf\">CONVOCA\u00c7\u00c3O<\/a><\/strong><\/p>\n<p><a href=\"http:\/\/www2.unifap.br\/midias\/files\/2016\/04\/DIVULGA\u00c7\u00c3O-DAS-INSCRI\u00c7\u00d5ES-DEFERIDAS.pdf\">\u00a0<\/a><\/p>\n<p>&nbsp;<\/p>\n","protected":false},"excerpt":{"rendered":"<p>EDITAL 01\/2018 BOLSISTA EAD RESULTADO DAS INSCRI\u00c7\u00d5ES DEFERIDAS \u00a0RESULTADO PROVIS\u00d3RIO DA ANALISE DE CURRICULO RESULTADO FINAL DA ANALISE DE CURR\u00cdCULO RESULTADO PROVISORIO DA CARTA DE INTEN\u00c7\u00c3O RESULTADO FINAL DA CARTA DE INTEN\u00c7\u00c3O CONVOCA\u00c7\u00c3O \u00a0 &nbsp;<\/p>\n","protected":false},"author":896,"featured_media":0,"parent":3102,"menu_order":4,"comment_status":"open","ping_status":"open","template":"","meta":{"inline_featured_image":false,"ngg_post_thumbnail":0,"footnotes":""},"class_list":["post-3386","page","type-page","status-publish","hentry"],"_links":{"self":[{"href":"http:\/\/www2.unifap.br\/midias\/wp-json\/wp\/v2\/pages\/3386","targetHints":{"allow":["GET"]}}],"collection":[{"href":"http:\/\/www2.unifap.br\/midias\/wp-json\/wp\/v2\/pages"}],"about":[{"href":"http:\/\/www2.unifap.br\/midias\/wp-json\/wp\/v2\/types\/page"}],"author":[{"embeddable":true,"href":"http:\/\/www2.unifap.br\/midias\/wp-json\/wp\/v2\/users\/896"}],"replies":[{"embeddable":true,"href":"http:\/\/www2.unifap.br\/midias\/wp-json\/wp\/v2\/comments?post=3386"}],"version-history":[{"count":22,"href":"http:\/\/www2.unifap.br\/midias\/wp-json\/wp\/v2\/pages\/3386\/revisions"}],"predecessor-version":[{"id":3390,"href":"http:\/\/www2.unifap.br\/midias\/wp-json\/wp\/v2\/pages\/3386\/revisions\/3390"}],"up":[{"embeddable":true,"href":"http:\/\/www2.unifap.br\/midias\/wp-json\/wp\/v2\/pages\/3102"}],"wp:attachment":[{"href":"http:\/\/www2.unifap.br\/midias\/wp-json\/wp\/v2\/media?parent=3386"}],"curies":[{"name":"wp","href":"https:\/\/api.w.org\/{rel}","templated":true}]}}