{"id":42,"date":"2012-04-29T12:48:32","date_gmt":"2012-04-29T12:48:32","guid":{"rendered":"http:\/\/www2.unifap.br\/midias\/?page_id=42"},"modified":"2016-07-13T20:52:31","modified_gmt":"2016-07-13T20:52:31","slug":"corpo-docente-2","status":"publish","type":"page","link":"http:\/\/www2.unifap.br\/midias\/equipe\/corpo-docente-2\/","title":{"rendered":"Corpo Docente"},"content":{"rendered":"<h2><span style=\"color: #0000ff\">Tutores do Curso de especializa\u00e7\u00e3o em M\u00eddias na Educa\u00e7\u00e3o-CEME<\/span><\/h2>\n<p>&nbsp;<\/p>\n<ul>\n<li><strong><a href=\"http:\/\/www2.unifap.br\/midias\/files\/2012\/02\/Clarice-Costa-da-Silva.png\"><img decoding=\"async\" class=\"alignleft size-full wp-image-1822\" alt=\"\" src=\"http:\/\/www2.unifap.br\/midias\/files\/2012\/02\/Clarice-Costa-da-Silva.png\" width=\"100\" height=\"100\" \/><\/a>Clarice Costa da Silva<br \/>\n<\/strong> E-mail: claric.costa@hotmail.com<\/li>\n<\/ul>\n<p>&nbsp;<\/p>\n<p>&nbsp;<\/p>\n<ul>\n<li><strong><a href=\"http:\/\/www2.unifap.br\/midias\/files\/2012\/02\/Fernando-Castro-Amoras.jpg\"><img decoding=\"async\" class=\"alignleft size-thumbnail wp-image-1823\" alt=\"\" src=\"http:\/\/www2.unifap.br\/midias\/files\/2012\/02\/Fernando-Castro-Amoras-150x150.jpg\" width=\"90\" height=\"90\" \/><\/a>Fernando Castro Amoras<br \/>\n<\/strong>Email: fernandogentry2@gmail.com<\/li>\n<\/ul>\n<p>&nbsp;<\/p>\n<p>&nbsp;<\/p>\n<ul>\n<li><strong><span style=\"text-decoration: underline\"><a href=\"http:\/\/www2.unifap.br\/midias\/files\/2012\/02\/Julio-Cesar-da-Costa-Furtado.png\"><img decoding=\"async\" class=\"alignleft size-full wp-image-1825\" alt=\"\" src=\"http:\/\/www2.unifap.br\/midias\/files\/2012\/02\/Julio-Cesar-da-Costa-Furtado.png\" width=\"100\" height=\"100\" \/><\/a>Julio Cesar da Costa Furtado<\/span><br \/>\n<\/strong>E-mail: furtado@unifap.br<\/li>\n<\/ul>\n<p>&nbsp;<\/p>\n<p>&nbsp;<\/p>\n","protected":false},"excerpt":{"rendered":"<p>Tutores do Curso de especializa\u00e7\u00e3o em M\u00eddias na Educa\u00e7\u00e3o-CEME &nbsp; Clarice Costa da Silva E-mail: claric.costa@hotmail.com &nbsp; &nbsp; Fernando Castro Amoras Email: fernandogentry2@gmail.com &nbsp; &nbsp; Julio Cesar da Costa Furtado E-mail: furtado@unifap.br &nbsp; &nbsp;<\/p>\n","protected":false},"author":98,"featured_media":0,"parent":3110,"menu_order":1,"comment_status":"open","ping_status":"closed","template":"","meta":{"inline_featured_image":false,"ngg_post_thumbnail":0,"footnotes":""},"class_list":["post-42","page","type-page","status-publish","hentry"],"_links":{"self":[{"href":"http:\/\/www2.unifap.br\/midias\/wp-json\/wp\/v2\/pages\/42","targetHints":{"allow":["GET"]}}],"collection":[{"href":"http:\/\/www2.unifap.br\/midias\/wp-json\/wp\/v2\/pages"}],"about":[{"href":"http:\/\/www2.unifap.br\/midias\/wp-json\/wp\/v2\/types\/page"}],"author":[{"embeddable":true,"href":"http:\/\/www2.unifap.br\/midias\/wp-json\/wp\/v2\/users\/98"}],"replies":[{"embeddable":true,"href":"http:\/\/www2.unifap.br\/midias\/wp-json\/wp\/v2\/comments?post=42"}],"version-history":[{"count":46,"href":"http:\/\/www2.unifap.br\/midias\/wp-json\/wp\/v2\/pages\/42\/revisions"}],"predecessor-version":[{"id":3323,"href":"http:\/\/www2.unifap.br\/midias\/wp-json\/wp\/v2\/pages\/42\/revisions\/3323"}],"up":[{"embeddable":true,"href":"http:\/\/www2.unifap.br\/midias\/wp-json\/wp\/v2\/pages\/3110"}],"wp:attachment":[{"href":"http:\/\/www2.unifap.br\/midias\/wp-json\/wp\/v2\/media?parent=42"}],"curies":[{"name":"wp","href":"https:\/\/api.w.org\/{rel}","templated":true}]}}