{"id":49,"date":"2012-02-29T13:01:03","date_gmt":"2012-02-29T13:01:03","guid":{"rendered":"http:\/\/www2.unifap.br\/midias\/?page_id=49"},"modified":"2013-07-02T13:25:15","modified_gmt":"2013-07-02T13:25:15","slug":"cronograma-dos-modulos","status":"publish","type":"page","link":"http:\/\/www2.unifap.br\/midias\/curso-de-especializacao\/cronograma-dos-modulos\/","title":{"rendered":"Matriz Curricular e Cronograma das Disciplinas"},"content":{"rendered":"<h2><a title=\"matriz\" name=\"matriz\"> <\/a><strong>Matriz Curricular<\/strong><\/h2>\n<p>&nbsp;<\/p>\n<p style=\"padding-left: 30px\">1.\u00a0Integra\u00e7\u00e3o em M\u00eddias na Educa\u00e7\u00e3o\u00a0\u00a0(120 h)<\/p>\n<p style=\"padding-left: 30px\">2. Projeto e produ\u00e7\u00e3o de material educacional digital (45h)<\/p>\n<p style=\"padding-left: 30px\">3.\u00a0Pr\u00e1tica pedag\u00f3gica em ambiente apoiado pela TIC (45h)<\/p>\n<p style=\"padding-left: 30px\">4.\u00a0Design instrucional (60h)<\/p>\n<p style=\"padding-left: 30px\">5.\u00a0Uso do r\u00e1dio e TV na educa\u00e7\u00e3o (60h)<\/p>\n<p style=\"padding-left: 30px\">6.\u00a0Metodologia de pesquisa (30h)<\/p>\n<p>&nbsp;<\/p>\n<h2><strong>Cronograma e detalhamento das disciplinas:<\/strong><\/h2>\n<p>&nbsp;<\/p>\n<p style=\"padding-left: 30px\"><span style=\"color: #ff0000\"><em><strong><a href=\"http:\/\/www2.unifap.br\/midias\/files\/2013\/05\/Disciplinas-ementa-periodo-e-carga-hor\u00e1ria.pdf\">Clique aqui.<\/a><\/strong><\/em><\/span><\/p>\n<p>&nbsp;<\/p>\n","protected":false},"excerpt":{"rendered":"<p>Matriz Curricular &nbsp; 1.\u00a0Integra\u00e7\u00e3o em M\u00eddias na Educa\u00e7\u00e3o\u00a0\u00a0(120 h) 2. Projeto e produ\u00e7\u00e3o de material educacional digital (45h) 3.\u00a0Pr\u00e1tica pedag\u00f3gica em ambiente apoiado pela TIC (45h) 4.\u00a0Design instrucional (60h) 5.\u00a0Uso do r\u00e1dio e TV na educa\u00e7\u00e3o (60h) 6.\u00a0Metodologia de pesquisa&hellip; <\/p>\n<p><a href=\"http:\/\/www2.unifap.br\/midias\/curso-de-especializacao\/cronograma-dos-modulos\/\" class=\"readmore-button\">Continue Reading<\/a><\/p>\n","protected":false},"author":98,"featured_media":0,"parent":1037,"menu_order":7,"comment_status":"open","ping_status":"closed","template":"template-twocolumns-left.php","meta":{"inline_featured_image":false,"ngg_post_thumbnail":0,"footnotes":""},"class_list":["post-49","page","type-page","status-publish","hentry"],"_links":{"self":[{"href":"http:\/\/www2.unifap.br\/midias\/wp-json\/wp\/v2\/pages\/49","targetHints":{"allow":["GET"]}}],"collection":[{"href":"http:\/\/www2.unifap.br\/midias\/wp-json\/wp\/v2\/pages"}],"about":[{"href":"http:\/\/www2.unifap.br\/midias\/wp-json\/wp\/v2\/types\/page"}],"author":[{"embeddable":true,"href":"http:\/\/www2.unifap.br\/midias\/wp-json\/wp\/v2\/users\/98"}],"replies":[{"embeddable":true,"href":"http:\/\/www2.unifap.br\/midias\/wp-json\/wp\/v2\/comments?post=49"}],"version-history":[{"count":17,"href":"http:\/\/www2.unifap.br\/midias\/wp-json\/wp\/v2\/pages\/49\/revisions"}],"predecessor-version":[{"id":1266,"href":"http:\/\/www2.unifap.br\/midias\/wp-json\/wp\/v2\/pages\/49\/revisions\/1266"}],"up":[{"embeddable":true,"href":"http:\/\/www2.unifap.br\/midias\/wp-json\/wp\/v2\/pages\/1037"}],"wp:attachment":[{"href":"http:\/\/www2.unifap.br\/midias\/wp-json\/wp\/v2\/media?parent=49"}],"curies":[{"name":"wp","href":"https:\/\/api.w.org\/{rel}","templated":true}]}}