{"id":607,"date":"2012-03-22T14:38:55","date_gmt":"2012-03-22T14:38:55","guid":{"rendered":"http:\/\/www2.unifap.br\/midias\/?page_id=607"},"modified":"2016-04-07T23:32:02","modified_gmt":"2016-04-07T23:32:02","slug":"recuperacao-midias-materiais","status":"publish","type":"page","link":"http:\/\/www2.unifap.br\/midias\/curso-de-especializacao\/materiais\/midias-intermediario\/recuperacao-midias-materiais\/","title":{"rendered":"Materiais"},"content":{"rendered":"<p style=\"text-align: center\"><strong>MATERIAIS<\/strong><\/p>\n<p>____________________________________________________________________________________________<\/p>\n<p><strong>M\u00f3dulo 1: <\/strong><\/p>\n<p><strong>Atividade 1<\/strong><\/p>\n<p>v\u00eddeo Eperimental do Departamento de Artes Visuais:<\/p>\n<p><a href=\"http:\/\/www2.unifap.br\/midias\/files\/2012\/03\/grafica-experimental-.wmv\">V\u00eddeo: Grafica experimental<\/a><\/p>\n<p>____________________________________________________________________________________________<\/p>\n<p><strong>Atividade 2<br \/>\n<\/strong><\/p>\n<p><strong>Imagens:<\/strong><\/p>\n<p><a href=\"http:\/\/www2.unifap.br\/midias\/files\/2012\/03\/imagem-Folha-estado-de-Sao-Paulo.jpg\"><img fetchpriority=\"high\" decoding=\"async\" class=\"alignnone size-full wp-image-609\" src=\"http:\/\/www2.unifap.br\/midias\/files\/2012\/03\/imagem-Folha-estado-de-Sao-Paulo.jpg\" alt=\"\" width=\"481\" height=\"274\" \/><\/a><\/p>\n<p>&nbsp;<\/p>\n<p><a href=\"http:\/\/www2.unifap.br\/midias\/files\/2012\/03\/Imagem-How-to-make.jpg\"><img decoding=\"async\" class=\"alignnone size-full wp-image-610\" src=\"http:\/\/www2.unifap.br\/midias\/files\/2012\/03\/Imagem-How-to-make.jpg\" alt=\"\" width=\"479\" height=\"348\" \/><\/a><\/p>\n<p>&nbsp;<\/p>\n<p><strong>Conceitos Repeti\u00e7\u00e3o, alinhamento e proximidade( PAGINA 11 do Livro)<\/strong><\/p>\n<p><strong><a href=\"http:\/\/www2.unifap.br\/midias\/files\/2012\/03\/conceitos-Proximidade-alinhamento-e-repeticao.pdf\">conceitos Proximidade, alinhamento e repeticao<\/a><\/strong><\/p>\n<p><strong>__________________________________________________________________________________<br \/>\n<\/strong><\/p>\n<p><strong>M\u00f3dulo 3:Metodologia<\/strong><\/p>\n<p><strong>Atividade Projeto<\/strong><\/p>\n<p><strong>Orienta\u00e7\u00f5es: Passo a passo:<\/strong><\/p>\n<p><strong><a href=\"http:\/\/www2.unifap.br\/midias\/files\/2012\/03\/017.pdf\">Tema<\/a><\/strong><\/p>\n<p><a href=\"http:\/\/www2.unifap.br\/midias\/files\/2012\/03\/025.pdf\">Cen\u00e1rio da Pesquisa <\/a><\/p>\n<p><a href=\"http:\/\/www2.unifap.br\/midias\/files\/2012\/03\/42.pdf\">Sujeito da pesquisa<\/a><\/p>\n<p><a href=\"http:\/\/www2.unifap.br\/midias\/files\/2012\/03\/52.pdf\">coleta dos Dados <\/a><\/p>\n<p><a href=\"http:\/\/www2.unifap.br\/midias\/files\/2012\/03\/072.pdf\">An\u00e1lise de dados<\/a><\/p>\n<p><a href=\"http:\/\/www2.unifap.br\/midias\/files\/2012\/03\/082.pdf\">Considera\u00e7\u00f5es Finais <\/a><\/p>\n<p><a href=\"http:\/\/www2.unifap.br\/midias\/files\/2012\/03\/092.pdf\">Relat\u00f3rio de Pesquisa <\/a><\/p>\n<p>&nbsp;<\/p>\n<p>&nbsp;<\/p>\n<p>&nbsp;<\/p>\n<p>&nbsp;<\/p>\n<p><strong><br \/>\n<\/strong><\/p>\n","protected":false},"excerpt":{"rendered":"<p>MATERIAIS ____________________________________________________________________________________________ M\u00f3dulo 1: Atividade 1 v\u00eddeo Eperimental do Departamento de Artes Visuais: V\u00eddeo: Grafica experimental ____________________________________________________________________________________________ Atividade 2 Imagens: &nbsp; &nbsp; Conceitos Repeti\u00e7\u00e3o, alinhamento e proximidade( PAGINA 11 do Livro) conceitos Proximidade, alinhamento e repeticao __________________________________________________________________________________ M\u00f3dulo 3:Metodologia Atividade&hellip; <\/p>\n<p><a href=\"http:\/\/www2.unifap.br\/midias\/curso-de-especializacao\/materiais\/midias-intermediario\/recuperacao-midias-materiais\/\" class=\"readmore-button\">Continue Reading<\/a><\/p>\n","protected":false},"author":98,"featured_media":0,"parent":648,"menu_order":0,"comment_status":"open","ping_status":"closed","template":"template-twocolumns-left.php","meta":{"inline_featured_image":false,"ngg_post_thumbnail":0,"footnotes":""},"class_list":["post-607","page","type-page","status-publish","hentry"],"_links":{"self":[{"href":"http:\/\/www2.unifap.br\/midias\/wp-json\/wp\/v2\/pages\/607","targetHints":{"allow":["GET"]}}],"collection":[{"href":"http:\/\/www2.unifap.br\/midias\/wp-json\/wp\/v2\/pages"}],"about":[{"href":"http:\/\/www2.unifap.br\/midias\/wp-json\/wp\/v2\/types\/page"}],"author":[{"embeddable":true,"href":"http:\/\/www2.unifap.br\/midias\/wp-json\/wp\/v2\/users\/98"}],"replies":[{"embeddable":true,"href":"http:\/\/www2.unifap.br\/midias\/wp-json\/wp\/v2\/comments?post=607"}],"version-history":[{"count":13,"href":"http:\/\/www2.unifap.br\/midias\/wp-json\/wp\/v2\/pages\/607\/revisions"}],"predecessor-version":[{"id":1270,"href":"http:\/\/www2.unifap.br\/midias\/wp-json\/wp\/v2\/pages\/607\/revisions\/1270"}],"up":[{"embeddable":true,"href":"http:\/\/www2.unifap.br\/midias\/wp-json\/wp\/v2\/pages\/648"}],"wp:attachment":[{"href":"http:\/\/www2.unifap.br\/midias\/wp-json\/wp\/v2\/media?parent=607"}],"curies":[{"name":"wp","href":"https:\/\/api.w.org\/{rel}","templated":true}]}}