{"id":648,"date":"2012-04-03T11:05:47","date_gmt":"2012-04-03T11:05:47","guid":{"rendered":"http:\/\/www2.unifap.br\/midias\/?page_id=648"},"modified":"2016-04-12T16:46:44","modified_gmt":"2016-04-12T16:46:44","slug":"midias-intermediario","status":"publish","type":"page","link":"http:\/\/www2.unifap.br\/midias\/curso-de-especializacao\/materiais\/midias-intermediario\/","title":{"rendered":"MATERIAIS"},"content":{"rendered":"<p style=\"text-align: center\">_________________________________________________________________________________________________________________<\/p>\n<p style=\"text-align: center\"><strong>MATERIAIS<\/strong><\/p>\n<p style=\"text-align: center\">_________________________________________________________________________________________________________________<\/p>\n<p><strong>M\u00f3dulo 1: TV e V\u00eddeo<\/strong><\/p>\n<p><strong><a href=\"http:\/\/www2.unifap.br\/midias\/files\/2012\/04\/Apresenta\u00e7\u00e3o_Mod_TV_Video1.ppt\">Aula Inaugural_Apresenta\u00e7\u00e3o_Mod_TV_Video_Rangel<\/a><br \/>\n<\/strong><\/p>\n<p><a href=\"http:\/\/www2.unifap.br\/midias\/files\/2012\/04\/Palvras-iniciais1.pdf\">Palvras iniciais<\/a><\/p>\n<p><a href=\"http:\/\/www2.unifap.br\/midias\/files\/2012\/04\/A-tv-escola.pdf\">A tv escola<\/a><\/p>\n<p><a href=\"http:\/\/www2.unifap.br\/midias\/files\/2012\/04\/Video-magazine.pdf\">Video magazine<\/a><\/p>\n<p><a href=\"http:\/\/www2.unifap.br\/midias\/files\/2012\/04\/Video-magazine.pdf\">Video magazine<\/a><\/p>\n<p><a href=\"http:\/\/www2.unifap.br\/midias\/files\/2012\/04\/Projetos-educacionaistecnologia-ed.-e-curriculo.pdf\">Projetos educacionais:tecnologia ed. e curriculo<\/a><\/p>\n<p><a href=\"http:\/\/www2.unifap.br\/midias\/files\/2012\/04\/Projetos-Educacionais-Educa\u00e7\u00e3o-audiovisual-e-curriculo.pdf\">Projetos Educacionais: Educa\u00e7\u00e3o audiovisual e curriculo<\/a><\/p>\n<p><a href=\"http:\/\/www2.unifap.br\/midias\/files\/2012\/04\/Pratica-de-projetos-eduacacionais.pdf\">Pratica de projetos eduacacionais<\/a><\/p>\n<p><a href=\"http:\/\/www2.unifap.br\/midias\/files\/2012\/04\/Pedagogia-de-projetos.pdf\">Pedagogia de projetos<\/a><\/p>\n<p><a href=\"http:\/\/www2.unifap.br\/midias\/files\/2012\/04\/Elaborando-projetos.pdf\">Elaborando projetos<\/a><\/p>\n<p><a href=\"http:\/\/www2.unifap.br\/midias\/files\/2012\/04\/A-tv-escola.pdf\">A tv escola<\/a><\/p>\n<p>_________________________________________________________________________________________________________________<\/p>\n<p><strong>M\u00f3dulo 2: R\u00e1dio<\/strong><\/p>\n<p><strong><a href=\"http:\/\/www2.unifap.br\/midias\/files\/2012\/04\/Apresenta\u00e7\u00e3o_M\u00f3d_Radio_Rafael_Claudia1.ppt\">Aula Inaugural_M\u00f3d_Radio_Rafael_Claudia<\/a><br \/>\n<\/strong><\/p>\n<p><a href=\"http:\/\/www2.unifap.br\/midias\/files\/2012\/04\/apresentacaogeral.pdf\">apresentacaogeral<\/a><\/p>\n<p><a href=\"http:\/\/www2.unifap.br\/midias\/files\/2012\/04\/consolida\u00e7\u00e3o.pdf\">consolida\u00e7\u00e3o<\/a><\/p>\n<p><a href=\"http:\/\/www2.unifap.br\/midias\/files\/2012\/04\/ecossistemas.pdf\">ecossistemas<\/a><\/p>\n<p><a href=\"http:\/\/www2.unifap.br\/midias\/files\/2012\/04\/instrucoes.pdf\">instrucoes<\/a><\/p>\n<p><a href=\"http:\/\/www2.unifap.br\/midias\/files\/2012\/04\/\u00cdntegra-do-T\u00f3pico-R\u00e1dio-na-Escola.pdf\">\u00cdntegra do T\u00f3pico R\u00e1dio na Escola<\/a><\/p>\n<p><a href=\"http:\/\/www2.unifap.br\/midias\/files\/2012\/04\/Introdu\u00e7\u00e3o.pdf\">Introdu\u00e7\u00e3o<\/a><\/p>\n<p><a href=\"http:\/\/www2.unifap.br\/midias\/files\/2012\/04\/radiobrasil.pdf\">radiobrasil<\/a><\/p>\n<p><a href=\"http:\/\/www2.unifap.br\/midias\/files\/2012\/04\/radiohistoria.pdf\">radiohistoria<\/a><\/p>\n<p>_________________________________________________________________________________________________________________<\/p>\n<p><strong>m\u00f3dulo 3: \u00a0Material Impresso: G\u00eaneros Textuais<\/strong><\/p>\n<p><strong><a href=\"http:\/\/www2.unifap.br\/midias\/files\/2012\/04\/AULA_M\u00cdDI...ppt\">AULA_Inaugural_Prof_Eusebia<\/a><br \/>\n<\/strong><\/p>\n<p><a href=\"http:\/\/www2.unifap.br\/midias\/files\/2012\/04\/Apresentacao_mod_3.pdf\">Apresentacao_mod_3<\/a><\/p>\n<p><a href=\"http:\/\/www2.unifap.br\/midias\/files\/2012\/04\/Primeira_Etapa_Genero_Discurso.pdf\">Primeira_Etapa_Genero_Discurso<\/a><\/p>\n<p><a href=\"http:\/\/www2.unifap.br\/midias\/files\/2012\/04\/Primeira_Etapa_Leitura_e_Prod_Textos_na_Escola.pdf\">Primeira_Etapa_Leitura_e_Prod_Textos_na_Escola<\/a><\/p>\n<p><a href=\"http:\/\/www2.unifap.br\/midias\/files\/2012\/04\/Segunda_Etapa_Generos_Impressos_Peculiaridades.pdf\">Segunda_Etapa_Generos_Impressos_Peculiaridades<\/a><\/p>\n<p><a href=\"http:\/\/www2.unifap.br\/midias\/files\/2012\/04\/Terceira_Etapa_Formando_Leitores_Autores.pdf\">Terceira_Etapa_Formando_Leitores_Autores<\/a><\/p>\n<p>_________________________________________________________________________________________________________________<\/p>\n<p><strong>m\u00f3dulo 4: Inform\u00e1tica:O Uso da Inform\u00e1tica na Pratica Pedag\u00f3gica<\/strong><\/p>\n<p><strong><a href=\"http:\/\/www2.unifap.br\/midias\/files\/2012\/04\/marcos_mendes.ppt\">Aula Inaugural_marcos_mendes<\/a><br \/>\n<\/strong><\/p>\n<p><a href=\"http:\/\/www2.unifap.br\/midias\/files\/2012\/04\/guia2003.pdf\">guia2003<\/a><\/p>\n<p><a href=\"http:\/\/www2.unifap.br\/midias\/files\/2012\/04\/A-EDUCA\u00c7\u00c3O-A-DIST\u00c2NCIA-CAPACITANDO-PROFESSORES.pdf\">A EDUCA\u00c7\u00c3O A DIST\u00c2NCIA CAPACITANDO PROFESSORES<\/a><\/p>\n<p><a href=\"http:\/\/www2.unifap.br\/midias\/files\/2012\/04\/Indicadores-de-uma-Escola-Moderna.pdf\">Indicadores de uma Escola Moderna<\/a><\/p>\n<p><a href=\"http:\/\/www2.unifap.br\/midias\/files\/2012\/04\/midiaspea.pdf\">midiaspea<\/a><\/p>\n<p><a href=\"http:\/\/www2.unifap.br\/midias\/files\/2012\/04\/O-Processo-Ensino-Aprendizagem.pdf\">O Processo Ensino-Aprendizagem<\/a><\/p>\n<p><a href=\"http:\/\/www2.unifap.br\/midias\/files\/2012\/04\/Uma-nova-escola-para-o-novo-mundo.pdf\">Uma nova escola para o novo mundo<\/a><\/p>\n<p>_________________________________________________________________________________________________________________<\/p>\n","protected":false},"excerpt":{"rendered":"<p>_________________________________________________________________________________________________________________ MATERIAIS _________________________________________________________________________________________________________________ M\u00f3dulo 1: TV e V\u00eddeo Aula Inaugural_Apresenta\u00e7\u00e3o_Mod_TV_Video_Rangel Palvras iniciais A tv escola Video magazine Video magazine Projetos educacionais:tecnologia ed. e curriculo Projetos Educacionais: Educa\u00e7\u00e3o audiovisual e curriculo Pratica de projetos eduacacionais Pedagogia de projetos Elaborando projetos A&hellip; <\/p>\n<p><a href=\"http:\/\/www2.unifap.br\/midias\/curso-de-especializacao\/materiais\/midias-intermediario\/\" class=\"readmore-button\">Continue Reading<\/a><\/p>\n","protected":false},"author":98,"featured_media":0,"parent":36,"menu_order":0,"comment_status":"open","ping_status":"closed","template":"","meta":{"inline_featured_image":false,"ngg_post_thumbnail":0,"footnotes":""},"class_list":["post-648","page","type-page","status-publish","hentry"],"_links":{"self":[{"href":"http:\/\/www2.unifap.br\/midias\/wp-json\/wp\/v2\/pages\/648","targetHints":{"allow":["GET"]}}],"collection":[{"href":"http:\/\/www2.unifap.br\/midias\/wp-json\/wp\/v2\/pages"}],"about":[{"href":"http:\/\/www2.unifap.br\/midias\/wp-json\/wp\/v2\/types\/page"}],"author":[{"embeddable":true,"href":"http:\/\/www2.unifap.br\/midias\/wp-json\/wp\/v2\/users\/98"}],"replies":[{"embeddable":true,"href":"http:\/\/www2.unifap.br\/midias\/wp-json\/wp\/v2\/comments?post=648"}],"version-history":[{"count":9,"href":"http:\/\/www2.unifap.br\/midias\/wp-json\/wp\/v2\/pages\/648\/revisions"}],"predecessor-version":[{"id":3149,"href":"http:\/\/www2.unifap.br\/midias\/wp-json\/wp\/v2\/pages\/648\/revisions\/3149"}],"up":[{"embeddable":true,"href":"http:\/\/www2.unifap.br\/midias\/wp-json\/wp\/v2\/pages\/36"}],"wp:attachment":[{"href":"http:\/\/www2.unifap.br\/midias\/wp-json\/wp\/v2\/media?parent=648"}],"curies":[{"name":"wp","href":"https:\/\/api.w.org\/{rel}","templated":true}]}}