{"id":718,"date":"2012-04-19T20:01:40","date_gmt":"2012-04-19T20:01:40","guid":{"rendered":"http:\/\/www2.unifap.br\/midias\/?page_id=718"},"modified":"2013-12-27T13:53:26","modified_gmt":"2013-12-27T13:53:26","slug":"documentos","status":"publish","type":"page","link":"http:\/\/www2.unifap.br\/midias\/curso-de-especializacao\/documentos\/","title":{"rendered":"Regimento Interno"},"content":{"rendered":"<p>__________________________________________________________________________________________<\/p>\n<p><strong>REGIMENTO INTERNO<\/strong><\/p>\n<p style=\"text-align: justify\"><em>Regimento Interno do Curso de Especializa\u00e7\u00e3o em M\u00eddias na Educa\u00e7\u00e3o, que delibera sobre os objetivos, estrutura acad\u00eamica, organiza\u00e7\u00e3o administra\u00e7\u00e3o e funcionamento do Curso, sobre o corpo Docente, do processo de sele\u00e7\u00e3o,\u00a0 da matr\u00edcula, do corpo discente, do desligamento do curso e da monografia.<\/em><\/p>\n<p><em><a href=\"http:\/\/www2.unifap.br\/midias\/files\/2012\/04\/Regimento.pdf\" target=\"_blank\">Regimento do Curso Especializa\u00e7\u00e3o em M\u00eddias na Educa\u00e7\u00e3o<\/a> (<strong>Clique para visualizar)<\/strong><\/em><\/p>\n<p>__________________________________________________________________________________________<\/p>\n<p><em> <\/em><\/p>\n<p><em> <\/em><\/p>\n<p><em> <\/em><\/p>\n<p><em> <\/em><\/p>\n<p><em> <\/em><\/p>\n<p><em> <\/em><\/p>\n<p><em> <\/em><\/p>\n<p><em> <\/em><\/p>\n<p><em> <\/em><\/p>\n","protected":false},"excerpt":{"rendered":"<p>__________________________________________________________________________________________ REGIMENTO INTERNO Regimento Interno do Curso de Especializa\u00e7\u00e3o em M\u00eddias na Educa\u00e7\u00e3o, que delibera sobre os objetivos, estrutura acad\u00eamica, organiza\u00e7\u00e3o administra\u00e7\u00e3o e funcionamento do Curso, sobre o corpo Docente, do processo de sele\u00e7\u00e3o,\u00a0 da matr\u00edcula, do corpo discente, do&hellip; <\/p>\n<p><a href=\"http:\/\/www2.unifap.br\/midias\/curso-de-especializacao\/documentos\/\" class=\"readmore-button\">Continue Reading<\/a><\/p>\n","protected":false},"author":98,"featured_media":0,"parent":1037,"menu_order":5,"comment_status":"open","ping_status":"closed","template":"template-twocolumns-left.php","meta":{"inline_featured_image":false,"ngg_post_thumbnail":0,"footnotes":""},"class_list":["post-718","page","type-page","status-publish","hentry"],"_links":{"self":[{"href":"http:\/\/www2.unifap.br\/midias\/wp-json\/wp\/v2\/pages\/718","targetHints":{"allow":["GET"]}}],"collection":[{"href":"http:\/\/www2.unifap.br\/midias\/wp-json\/wp\/v2\/pages"}],"about":[{"href":"http:\/\/www2.unifap.br\/midias\/wp-json\/wp\/v2\/types\/page"}],"author":[{"embeddable":true,"href":"http:\/\/www2.unifap.br\/midias\/wp-json\/wp\/v2\/users\/98"}],"replies":[{"embeddable":true,"href":"http:\/\/www2.unifap.br\/midias\/wp-json\/wp\/v2\/comments?post=718"}],"version-history":[{"count":16,"href":"http:\/\/www2.unifap.br\/midias\/wp-json\/wp\/v2\/pages\/718\/revisions"}],"predecessor-version":[{"id":721,"href":"http:\/\/www2.unifap.br\/midias\/wp-json\/wp\/v2\/pages\/718\/revisions\/721"}],"up":[{"embeddable":true,"href":"http:\/\/www2.unifap.br\/midias\/wp-json\/wp\/v2\/pages\/1037"}],"wp:attachment":[{"href":"http:\/\/www2.unifap.br\/midias\/wp-json\/wp\/v2\/media?parent=718"}],"curies":[{"name":"wp","href":"https:\/\/api.w.org\/{rel}","templated":true}]}}