{"id":726,"date":"2012-04-19T20:22:33","date_gmt":"2012-04-19T20:22:33","guid":{"rendered":"http:\/\/www2.unifap.br\/midias\/?page_id=726"},"modified":"2013-07-02T13:25:15","modified_gmt":"2013-07-02T13:25:15","slug":"esp-midias-modulo-7-relacao-de-alunosorientadores","status":"publish","type":"page","link":"http:\/\/www2.unifap.br\/midias\/curso-de-especializacao\/esp-midias-modulo-7-relacao-de-alunosorientadores\/","title":{"rendered":"Rela\u00e7\u00e3o de Alunos\/Orientadores (M\u00f3dulo 7)"},"content":{"rendered":"<p><strong>Segue a rela\u00e7\u00e3o geral dos alunos com seus respectivos orientadores: <\/strong><\/p>\n<p><strong> <\/strong><\/p>\n<p><strong> <a href=\"http:\/\/www2.unifap.br\/midias\/files\/2012\/04\/Rela\u00e7\u00e3o-de-Alunos-e-Orientadores.pdf\">Rela\u00e7\u00e3o de Alunos e Orientadores<\/a> (<strong>Clique para visualizar)<\/strong><\/strong><\/p>\n","protected":false},"excerpt":{"rendered":"<p>Segue a rela\u00e7\u00e3o geral dos alunos com seus respectivos orientadores: Rela\u00e7\u00e3o de Alunos e Orientadores (Clique para visualizar)<\/p>\n","protected":false},"author":98,"featured_media":0,"parent":1037,"menu_order":6,"comment_status":"open","ping_status":"closed","template":"template-twocolumns-left.php","meta":{"inline_featured_image":false,"ngg_post_thumbnail":0,"footnotes":""},"class_list":["post-726","page","type-page","status-publish","hentry"],"_links":{"self":[{"href":"http:\/\/www2.unifap.br\/midias\/wp-json\/wp\/v2\/pages\/726","targetHints":{"allow":["GET"]}}],"collection":[{"href":"http:\/\/www2.unifap.br\/midias\/wp-json\/wp\/v2\/pages"}],"about":[{"href":"http:\/\/www2.unifap.br\/midias\/wp-json\/wp\/v2\/types\/page"}],"author":[{"embeddable":true,"href":"http:\/\/www2.unifap.br\/midias\/wp-json\/wp\/v2\/users\/98"}],"replies":[{"embeddable":true,"href":"http:\/\/www2.unifap.br\/midias\/wp-json\/wp\/v2\/comments?post=726"}],"version-history":[{"count":8,"href":"http:\/\/www2.unifap.br\/midias\/wp-json\/wp\/v2\/pages\/726\/revisions"}],"predecessor-version":[{"id":1265,"href":"http:\/\/www2.unifap.br\/midias\/wp-json\/wp\/v2\/pages\/726\/revisions\/1265"}],"up":[{"embeddable":true,"href":"http:\/\/www2.unifap.br\/midias\/wp-json\/wp\/v2\/pages\/1037"}],"wp:attachment":[{"href":"http:\/\/www2.unifap.br\/midias\/wp-json\/wp\/v2\/media?parent=726"}],"curies":[{"name":"wp","href":"https:\/\/api.w.org\/{rel}","templated":true}]}}