{"id":739,"date":"2012-04-19T20:46:52","date_gmt":"2012-04-19T20:46:52","guid":{"rendered":"http:\/\/www2.unifap.br\/midias\/?page_id=739"},"modified":"2016-04-07T23:07:17","modified_gmt":"2016-04-07T23:07:17","slug":"manual-tcc","status":"publish","type":"page","link":"http:\/\/www2.unifap.br\/midias\/producoes\/manual-tcc\/","title":{"rendered":"Manual TCC"},"content":{"rendered":"<p><em>__________________________________________________________________________________________<\/em><\/p>\n<p><strong><strong>ORIENTA\u00c7\u00d5ES PARA PREPARA\u00c7\u00c3O DE TCC<\/strong><\/strong><\/p>\n<p><em>Manual  preparado pelo Prof Ms Mario Mendon\u00e7a (2005), para orientar os alunos  do curso, no que tange a prepara\u00e7\u00e3o do Trabalho de Conclus\u00e3o de Curso.  Ressalta-se que o aluno atenha-se a este manual, como material de  consulta e orienta\u00e7\u00e3o, no entanto, deve seguir as orienta\u00e7\u00f5es do seu  orientador e as normas atuais da ABNT.<\/em><\/p>\n<p><em> <\/em><a href=\"http:\/\/www2.unifap.br\/midias\/files\/2012\/04\/Manual-TCC.pdf\">Manual TCC<\/a> (<strong>Clique para visualizar)<\/strong><\/p>\n<p>__________________________________________________________________________________________<\/p>\n","protected":false},"excerpt":{"rendered":"<p>__________________________________________________________________________________________ ORIENTA\u00c7\u00d5ES PARA PREPARA\u00c7\u00c3O DE TCC Manual preparado pelo Prof Ms Mario Mendon\u00e7a (2005), para orientar os alunos do curso, no que tange a prepara\u00e7\u00e3o do Trabalho de Conclus\u00e3o de Curso. Ressalta-se que o aluno atenha-se a este manual, como&hellip; <\/p>\n<p><a href=\"http:\/\/www2.unifap.br\/midias\/producoes\/manual-tcc\/\" class=\"readmore-button\">Continue Reading<\/a><\/p>\n","protected":false},"author":98,"featured_media":0,"parent":3122,"menu_order":5,"comment_status":"open","ping_status":"closed","template":"template-twocolumns-left.php","meta":{"inline_featured_image":false,"ngg_post_thumbnail":0,"footnotes":""},"class_list":["post-739","page","type-page","status-publish","hentry"],"_links":{"self":[{"href":"http:\/\/www2.unifap.br\/midias\/wp-json\/wp\/v2\/pages\/739","targetHints":{"allow":["GET"]}}],"collection":[{"href":"http:\/\/www2.unifap.br\/midias\/wp-json\/wp\/v2\/pages"}],"about":[{"href":"http:\/\/www2.unifap.br\/midias\/wp-json\/wp\/v2\/types\/page"}],"author":[{"embeddable":true,"href":"http:\/\/www2.unifap.br\/midias\/wp-json\/wp\/v2\/users\/98"}],"replies":[{"embeddable":true,"href":"http:\/\/www2.unifap.br\/midias\/wp-json\/wp\/v2\/comments?post=739"}],"version-history":[{"count":4,"href":"http:\/\/www2.unifap.br\/midias\/wp-json\/wp\/v2\/pages\/739\/revisions"}],"predecessor-version":[{"id":1240,"href":"http:\/\/www2.unifap.br\/midias\/wp-json\/wp\/v2\/pages\/739\/revisions\/1240"}],"up":[{"embeddable":true,"href":"http:\/\/www2.unifap.br\/midias\/wp-json\/wp\/v2\/pages\/3122"}],"wp:attachment":[{"href":"http:\/\/www2.unifap.br\/midias\/wp-json\/wp\/v2\/media?parent=739"}],"curies":[{"name":"wp","href":"https:\/\/api.w.org\/{rel}","templated":true}]}}