{"id":790,"date":"2012-09-26T16:31:03","date_gmt":"2012-09-26T16:31:03","guid":{"rendered":"http:\/\/www2.unifap.br\/midias\/?page_id=790"},"modified":"2013-07-02T13:24:58","modified_gmt":"2013-07-02T13:24:58","slug":"cronograma-de-defesa-do-tcc-dos-alunos","status":"publish","type":"page","link":"http:\/\/www2.unifap.br\/midias\/curso-de-especializacao\/cronograma-de-defesa-do-tcc-dos-alunos\/","title":{"rendered":"TCC Midias na Educa\u00e7\u00e3o: Datas das apresenta\u00e7\u00f5es."},"content":{"rendered":"","protected":false},"excerpt":{"rendered":"","protected":false},"author":98,"featured_media":0,"parent":1037,"menu_order":5,"comment_status":"open","ping_status":"closed","template":"template-twocolumns-left.php","meta":{"inline_featured_image":false,"ngg_post_thumbnail":0,"footnotes":""},"class_list":["post-790","page","type-page","status-publish","hentry"],"_links":{"self":[{"href":"http:\/\/www2.unifap.br\/midias\/wp-json\/wp\/v2\/pages\/790","targetHints":{"allow":["GET"]}}],"collection":[{"href":"http:\/\/www2.unifap.br\/midias\/wp-json\/wp\/v2\/pages"}],"about":[{"href":"http:\/\/www2.unifap.br\/midias\/wp-json\/wp\/v2\/types\/page"}],"author":[{"embeddable":true,"href":"http:\/\/www2.unifap.br\/midias\/wp-json\/wp\/v2\/users\/98"}],"replies":[{"embeddable":true,"href":"http:\/\/www2.unifap.br\/midias\/wp-json\/wp\/v2\/comments?post=790"}],"version-history":[{"count":11,"href":"http:\/\/www2.unifap.br\/midias\/wp-json\/wp\/v2\/pages\/790\/revisions"}],"predecessor-version":[{"id":1242,"href":"http:\/\/www2.unifap.br\/midias\/wp-json\/wp\/v2\/pages\/790\/revisions\/1242"}],"up":[{"embeddable":true,"href":"http:\/\/www2.unifap.br\/midias\/wp-json\/wp\/v2\/pages\/1037"}],"wp:attachment":[{"href":"http:\/\/www2.unifap.br\/midias\/wp-json\/wp\/v2\/media?parent=790"}],"curies":[{"name":"wp","href":"https:\/\/api.w.org\/{rel}","templated":true}]}}