{"id":85,"date":"2012-03-01T00:42:37","date_gmt":"2012-03-01T00:42:37","guid":{"rendered":"http:\/\/www2.unifap.br\/midias\/?page_id=85"},"modified":"2016-07-13T20:53:29","modified_gmt":"2016-07-13T20:53:29","slug":"coordenacao","status":"publish","type":"page","link":"http:\/\/www2.unifap.br\/midias\/equipe\/coordenacao\/","title":{"rendered":"Coordena\u00e7\u00e3o"},"content":{"rendered":"<p><a href=\"http:\/\/www2.unifap.br\/midias\/files\/2012\/03\/Foto-Rafel.jpg\"><img decoding=\"async\" class=\"alignnone size-full wp-image-416\" alt=\"\" src=\"http:\/\/www2.unifap.br\/midias\/files\/2012\/03\/Foto-Rafel.jpg\" width=\"112\" height=\"118\" srcset=\"http:\/\/www2.unifap.br\/midias\/files\/2012\/03\/Foto-Rafel.jpg 619w, http:\/\/www2.unifap.br\/midias\/files\/2012\/03\/Foto-Rafel-285x300.jpg 285w, http:\/\/www2.unifap.br\/midias\/files\/2012\/03\/Foto-Rafel-171x180.jpg 171w\" sizes=\"(max-width: 112px) 100vw, 112px\" \/><\/a><\/p>\n<p>&nbsp;<\/p>\n<p><strong>Rafael Pontes Lima<\/strong><\/p>\n<p>Coordenador Geral do M\u00eddias na Educa\u00e7\u00e3o<\/p>\n<p>E-mail: rafael@unifap.br<\/p>\n<p>Telefone: (96) 3312-1734<\/p>\n<p>______________________________________________________________<\/p>\n<p><a href=\"http:\/\/www2.unifap.br\/midias\/files\/2012\/03\/RAFAEL-WAGNER-DOS-SANTOS-COSTA.jpg\"><img decoding=\"async\" class=\"alignleft size-full wp-image-1834\" alt=\"\" src=\"http:\/\/www2.unifap.br\/midias\/files\/2012\/03\/RAFAEL-WAGNER-DOS-SANTOS-COSTA.jpg\" width=\"90\" height=\"90\" \/><\/a><\/p>\n<p>&nbsp;<\/p>\n<p>&nbsp;<\/p>\n<p>&nbsp;<\/p>\n<p>&nbsp;<\/p>\n<p>Rafael Wagner dos Santos Costa<\/p>\n<p>Professor Pesquisador<\/p>\n<p>Email: rwcosta@ig.com.br<\/p>\n<p>______________________________________________________________<\/p>\n<p><a href=\"http:\/\/www2.unifap.br\/midias\/files\/2012\/03\/fabio1.jpg\"><img decoding=\"async\" class=\"alignnone size-full wp-image-252\" alt=\"\" src=\"http:\/\/www2.unifap.br\/midias\/files\/2012\/03\/fabio1.jpg\" width=\"114\" height=\"112\" \/><\/a><\/p>\n<p>&nbsp;<\/p>\n<p><strong>F\u00e1bio Eduardo Braga Coutinho<\/strong><\/p>\n<p>Coordenador de Tutoria<\/p>\n<p>E-mail: febec_ap@hotmail.com<\/p>\n<p>Telefone: (96) 3312-1734<\/p>\n<p>______________________________________________________________<\/p>\n<p>&nbsp;<\/p>\n","protected":false},"excerpt":{"rendered":"<p>&nbsp; Rafael Pontes Lima Coordenador Geral do M\u00eddias na Educa\u00e7\u00e3o E-mail: rafael@unifap.br Telefone: (96) 3312-1734 ______________________________________________________________ &nbsp; &nbsp; &nbsp; &nbsp; Rafael Wagner dos Santos Costa Professor Pesquisador Email: rwcosta@ig.com.br ______________________________________________________________ &nbsp; F\u00e1bio Eduardo Braga Coutinho Coordenador de Tutoria E-mail: febec_ap@hotmail.com&hellip; <\/p>\n<p><a href=\"http:\/\/www2.unifap.br\/midias\/equipe\/coordenacao\/\" class=\"readmore-button\">Continue Reading<\/a><\/p>\n","protected":false},"author":98,"featured_media":0,"parent":3110,"menu_order":0,"comment_status":"open","ping_status":"closed","template":"","meta":{"inline_featured_image":false,"ngg_post_thumbnail":0,"footnotes":""},"class_list":["post-85","page","type-page","status-publish","hentry"],"_links":{"self":[{"href":"http:\/\/www2.unifap.br\/midias\/wp-json\/wp\/v2\/pages\/85","targetHints":{"allow":["GET"]}}],"collection":[{"href":"http:\/\/www2.unifap.br\/midias\/wp-json\/wp\/v2\/pages"}],"about":[{"href":"http:\/\/www2.unifap.br\/midias\/wp-json\/wp\/v2\/types\/page"}],"author":[{"embeddable":true,"href":"http:\/\/www2.unifap.br\/midias\/wp-json\/wp\/v2\/users\/98"}],"replies":[{"embeddable":true,"href":"http:\/\/www2.unifap.br\/midias\/wp-json\/wp\/v2\/comments?post=85"}],"version-history":[{"count":48,"href":"http:\/\/www2.unifap.br\/midias\/wp-json\/wp\/v2\/pages\/85\/revisions"}],"predecessor-version":[{"id":3324,"href":"http:\/\/www2.unifap.br\/midias\/wp-json\/wp\/v2\/pages\/85\/revisions\/3324"}],"up":[{"embeddable":true,"href":"http:\/\/www2.unifap.br\/midias\/wp-json\/wp\/v2\/pages\/3110"}],"wp:attachment":[{"href":"http:\/\/www2.unifap.br\/midias\/wp-json\/wp\/v2\/media?parent=85"}],"curies":[{"name":"wp","href":"https:\/\/api.w.org\/{rel}","templated":true}]}}