{"id":1618,"date":"2015-08-10T17:19:26","date_gmt":"2015-08-10T17:19:26","guid":{"rendered":"http:\/\/www2.unifap.br\/nai\/?page_id=1618"},"modified":"2021-09-28T11:50:38","modified_gmt":"2021-09-28T11:50:38","slug":"legislacao","status":"publish","type":"page","link":"http:\/\/www2.unifap.br\/nai\/institucional\/utilidade-publica\/legislacao\/","title":{"rendered":"Legisla\u00e7\u00e3o, Edital e Normativo"},"content":{"rendered":"<ul>\n<li><a href=\"http:\/\/www.planalto.gov.br\/ccivil_03\/Leis\/L9394.htm\" target=\"_blank\" rel=\"noopener noreferrer\"><b>Lei n\u00ba 9.394, de 20 de dezembro de 1996:<\/b><\/a>\u00a0Estabelece as diretrizes e bases da educa\u00e7\u00e3o nacional.<\/li>\n<li>\u00a0\u00a0<a href=\"http:\/\/www.planalto.gov.br\/ccivil_03\/Leis\/L10098.htm\" target=\"_blank\" rel=\"noopener noreferrer\"><b>Lei n\u00ba 10.098, de 19 de dezembro de 2000:<\/b><\/a>\u00a0Estabelece normas gerais e crit\u00e9rios b\u00e1sicos para a promo\u00e7\u00e3o da acessibilidade das pessoas portadoras de defici\u00eancia ou com mobilidade reduzida, e d\u00e1 outras provid\u00eancias.<\/li>\n<li>\u00a0<a href=\"http:\/\/portal.mec.gov.br\/seesp\/arquivos\/pdf\/dec_inclu.pdf\" target=\"_blank\" rel=\"noopener noreferrer\"><b>Declara\u00e7\u00e3o Internacional de Montreal sobre Inclus\u00e3o:<\/b><\/a>\u00a0Aprovada em 5 de junho de 2001 pelo Congresso Internacional &#8221; Sociedade Inclusiva&#8221; , realizado em Montreal, Quebec, Canad\u00e1.<\/li>\n<li>\u00a0<a href=\"http:\/\/www.planalto.gov.br\/ccivil_03\/decreto\/2001\/D3956.htm\" target=\"_blank\" rel=\"noopener noreferrer\"><b>Decreto n\u00ba 3.956, de 8 de outubro de 2001:<\/b><\/a>\u00a0Promulga a Conven\u00e7\u00e3o Interamericana para a Elimina\u00e7\u00e3o de Todas as Formas de Discrimina\u00e7\u00e3o contra as Pessoas Portadoras de Defici\u00eancia.<\/li>\n<li>\u00a0<a href=\"http:\/\/www.planalto.gov.br\/ccivil_03\/leis\/2002\/l10436.htm\"><b>Lei n\u00ba 10.436, de 24 de abril de 2002:<\/b><\/a>\u00a0Disp\u00f5e sobre a L\u00edngua Brasileira de Sinais &#8211; Libras e d\u00e1 outras provid\u00eancias.<\/li>\n<li><a href=\"http:\/\/www.planalto.gov.br\/ccivil_03\/_ato2004-2006\/2004\/decreto\/d5296.htm\" target=\"_blank\" rel=\"noopener noreferrer\"><b>Decreto n\u00ba 5.296, de 2 de dezembro de 2004:<\/b><\/a>\u00a0Regulamenta as Leis nos 10.048, de 8 de novembro de 2000, que d\u00e1 prioridade de atendimento \u00e0s pessoas que especifica, e 10.098, de 19 de dezembro de 2000, que estabelece normas gerais e crit\u00e9rios b\u00e1sicos para a promo\u00e7\u00e3o da acessibilidade das pessoas portadoras de defici\u00eancia ou com mobilidade reduzida, e d\u00e1 outras provid\u00eancias.<\/li>\n<li>\u00a0<b><a href=\"http:\/\/www.planalto.gov.br\/ccivil_03\/_ato2004-2006\/2005\/decreto\/d5626.htm\" target=\"_blank\" rel=\"noopener noreferrer\">Decreto n\u00ba 5.626, de 22 de dezembro de 2005:<\/a><\/b><b>\u00a0<\/b>Regulamenta a Lei n\u00ba 10.436, de 24 de abril de 2002, que disp\u00f5e sobre a L\u00edngua brasileira de Sinais &#8211; Libras, e o art. 18 da Lei no 10.098, de 19 de dezembro de 2000.<\/li>\n<li>\u00a0<a href=\"http:\/\/www.planalto.gov.br\/ccivil_03\/_ato2004-2006\/2005\/decreto\/d5626.htm\" target=\"_blank\" rel=\"noopener noreferrer\"><b>Decreto n\u00ba 5.773, de 9 de maio de 2006:<\/b><\/a>\u00a0Disp\u00f5e sobre o exerc\u00edcio das fun\u00e7\u00f5es de regula\u00e7\u00e3o, supervis\u00e3o e avalia\u00e7\u00e3o de institui\u00e7\u00f5es de educa\u00e7\u00e3o superior e cursos superiores de gradua\u00e7\u00e3o e sequenciais no sistema federal de ensino (plano de promo\u00e7\u00e3o de acessibilidade e de atendimento aos estudantes com necessidades educacionais especiais).<\/li>\n<li><a href=\"http:\/\/www.planalto.gov.br\/ccivil_03\/_Ato2004-2006\/2005\/Lei\/L11133.htm\" target=\"_blank\" rel=\"noopener noreferrer\"><b>Lei n\u00ba 11.133, de 14 de julho de 2005:<\/b><\/a>\u00a0Institui o Dia Nacional de Luta da Pessoa Portadora de Defici\u00eancia (dia 21 de setembro).<\/li>\n<li>\u00a0\u00a0<a href=\"http:\/\/portal.mec.gov.br\/seesp\/arquivos\/pdf\/port976.pdf\" target=\"_blank\" rel=\"noopener noreferrer\"><b>Portaria n\u00ba 976 \/ MEC, de 05 de maio de 2006:<\/b><\/a>\u00a0Disp\u00f5e sobre os crit\u00e9rios de acessibilidade aos eventos do Minist\u00e9rio da Educa\u00e7\u00e3o, conforme decreto 5296 de 2004.<\/li>\n<li>\u00a0<a href=\"http:\/\/laramara.org.br\/uploads\/arquivos\/legislacao\/portaria-mec-n-1010-2006-Soroban.pdf\" target=\"_blank\" rel=\"noopener noreferrer\"><b>Portaria n\u00ba 1.010 \/ MEC, de 10 de maio de 2006:<\/b><\/a>\u00a0Autoriza o uso do Soroban, as pessoas com defici\u00eancia visual, em concursos p\u00fablicos, vestibulares e outros exames.<\/li>\n<li>\u00a0<a href=\"http:\/\/www.mc.gov.br\/portarias\/24680-portaria-n-310-de-27-de-junho-de-2006\" target=\"_blank\" rel=\"noopener noreferrer\"><b>Portaria N\u00ba 310, de 27 de junho de 2006:<\/b><\/a>\u00a0Aprova a Norma Complementar n\u00ba 01\/2006 \u2013 Recursos de acessibilidade, para pessoas com defici\u00eancia, na programa\u00e7\u00e3o veiculada nos servi\u00e7os de radiodifus\u00e3o de sons e imagens e de retransmiss\u00e3o de televis\u00e3o.<\/li>\n<li>\u00a0\u00a0\u00a0<a href=\"http:\/\/portal.mec.gov.br\/arquivos\/pdf\/multifuncional.pdf\" target=\"_blank\" rel=\"noopener noreferrer\"><b>Portaria Normativa N\u00ba 13 \/ MEC, de 24 de abril de 2007:<\/b><\/a>\u00a0Disp\u00f5e sobre a cria\u00e7\u00e3o do &#8220;Programa de Implanta\u00e7\u00e3o de Salas de Recursos Multifuncionais&#8221;.<\/li>\n<li>\u00a0<a href=\"http:\/\/portal.mec.gov.br\/arquivos\/pdf\/programa_incluir.pdf\" target=\"_blank\" rel=\"noopener noreferrer\"><b>Portaria Normativa N\u00ba 14 \/ MEC, de 24 de abril de 2007:<\/b><\/a>\u00a0Disp\u00f5e sobre a cria\u00e7\u00e3o do &#8220;Programa Incluir: Acessibilidade na Educa\u00e7\u00e3o Superior&#8221;.<\/li>\n<li><strong><a href=\"http:\/\/portal.mec.gov.br\/index.php?option=com_docman&amp;view=download&amp;alias=813-editalincluir-integra-2007-pdf&amp;category_slug=documentos-pdf&amp;Itemid=30192\">Edital N\u00ba 3, de 26 de Abril de 2007<\/a><\/strong>. Programa Incluir: Acessibilidade na Educa\u00e7\u00e3o Superior &#8211; \u00a0Incluir 2007\/SESU-SEESP\/MEC.<\/li>\n<li><a style=\"line-height: 1.5em\" href=\"http:\/\/portal.mec.gov.br\/seesp\/arquivos\/pdf\/politica.pdf\" target=\"_blank\" rel=\"noopener noreferrer\"><b>Portaria n\u00ba 555\/MEC, de 05 de junho de 2007:<\/b><\/a><span style=\"line-height: 1.5em\">\u00a0Institui Grupo de Trabalho para rever e sistematizar a Pol\u00edtica Nacional de Educa\u00e7\u00e3o Especial, debatendo junto \u00e0s institui\u00e7\u00f5es de educa\u00e7\u00e3o superior e no \u00e2mbito da educa\u00e7\u00e3o b\u00e1sica nos estados, munic\u00edpios e institui\u00e7\u00f5es n\u00e3o-governamentais.<\/span><\/li>\n<li><a href=\"http:\/\/www.planalto.gov.br\/ccivil_03\/_Ato2007-2010\/2008\/Lei\/L11796.htm\" target=\"_blank\" rel=\"noopener noreferrer\"><b>Lei n\u00ba 11.796, de 29 de outubro de 2008:<\/b><\/a>\u00a0Institui o Dia Nacional dos Surdos (dia 26 de setembro).<\/li>\n<li>\u00a0<a href=\"http:\/\/www.planalto.gov.br\/ccivil_03\/_ato2007-2010\/2009\/decreto\/d6949.htm\" target=\"_blank\" rel=\"noopener noreferrer\"><b>Decreto n\u00ba 6.949, de 25 de agosto de 2009:<\/b><\/a>\u00a0Promulga a Conven\u00e7\u00e3o Internacional sobre os Direitos das Pessoas com Defici\u00eancia e seu Protocolo Facultativo, assinados em Nova York, em 30 de mar\u00e7o de 2007.<\/li>\n<li>\u00a0<b>Lei n\u00ba 12.266, de 21 de junho de 2010<\/b>:\u00a0Institui o Dia Nacional do Sistema Braille (dia 08 de abril).<\/li>\n<li><b>Lei n\u00ba 12.319, de 1\u00ba de setembro de 2010<\/b>:\u00a0Regulamenta a profiss\u00e3o de Tradutor e Int\u00e9rprete da L\u00edngua Brasileira de Sinais &#8211; LIBRAS.<\/li>\n<li><b>Decreto n\u00ba 7.611, de 17 de novembro de 2011<\/b>:\u00a0Disp\u00f5e sobre a educa\u00e7\u00e3o especial, o atendimento educacional especializado e d\u00e1 outras provid\u00eancias.<\/li>\n<li>\u00a0Decreto n\u00ba 7.612, de 17 de novembro de 2011:\u00a0Institui o Plano Nacional dos Direitos da Pessoa com Defici\u00eancia &#8211; Plano Viver sem Limite.<\/li>\n<li>\u00a0<b>Portaria Interministerial N\u00ba 362, de 24 de outubro de 2012<\/b>:\u00a0Disp\u00f5e sobre o limite de renda mensal dos tomadores de recursos nas opera\u00e7\u00f5es de cr\u00e9dito para aquisi\u00e7\u00e3o de bens e servi\u00e7os de Tecnologia Assistiva destinados \u00e0s pessoas com defici\u00eancia e sobre o rol dos bens e servi\u00e7os.<\/li>\n<li>\u00a0<b>Portaria n\u00ba 3.046\/MS, de 11 de dezembro de 2013<\/b>:\u00a0Altera dispositivos das Portarias n\u00ba 1.274\/GM\/MS, de 25 de junho de 2013 e na Portaria n\u00ba 1.272\/GM\/MS, de 25 de junho de 2013 (centros de refer\u00eancia, cadeira de rodas monobloco, cadeira de rodas motorizada).<\/li>\n<li><b>Lei n\u00ba 13.005, de 25 de junho de 2014<\/b>:\u00a0Aprova o Plano Nacional de Educa\u00e7\u00e3o &#8211; PNE e d\u00e1 outras provid\u00eancias.<\/li>\n<li><b>Lei n\u00ba 13.055, de 22 de dezembro de 2014<\/b>:\u00a0Institui o Dia Nacional da L\u00edngua Brasileira de Sinais &#8211; LIBRAS e disp\u00f5e sobre sua comemora\u00e7\u00e3o (Dia 24 de abril).<\/li>\n<li>\u00a0<b>Lei n\u00ba 13.061, de 22 de dezembro de 2014<\/b>:\u00a0Institui o Dia Nacional dos Direitos Fundamentais da Pessoa com Transtornos Mentais (dia 10 de outubro)<\/li>\n<li>\u00a0<b>Lei n\u00ba 13.085, de 8 de janeiro de 2015<\/b>:\u00a0Disp\u00f5e sobre o Dia Nacional de Aten\u00e7\u00e3o \u00e0 Dislexia (16 de novembro).<\/li>\n<li>\u00a0<b>Lei n\u00ba 13.146, de\u00a06 de julho de 2015<\/b>:\u00a0Institui a Lei Brasileira de Inclus\u00e3o da Pessoa com Defici\u00eancia (Estatuto da Pessoa com Defici\u00eancia).<\/li>\n<\/ul>\n<p>&nbsp;<\/p>\n","protected":false},"excerpt":{"rendered":"<p>Lei n\u00ba 9.394, de 20 de dezembro de 1996:\u00a0Estabelece as diretrizes e bases da educa\u00e7\u00e3o nacional. \u00a0\u00a0Lei n\u00ba 10.098, de 19 de dezembro&#8230;<\/p>\n","protected":false},"author":406,"featured_media":0,"parent":1889,"menu_order":0,"comment_status":"closed","ping_status":"open","template":"","meta":{"inline_featured_image":false,"ngg_post_thumbnail":0,"footnotes":""},"class_list":["post-1618","page","type-page","status-publish","hentry"],"_links":{"self":[{"href":"http:\/\/www2.unifap.br\/nai\/wp-json\/wp\/v2\/pages\/1618","targetHints":{"allow":["GET"]}}],"collection":[{"href":"http:\/\/www2.unifap.br\/nai\/wp-json\/wp\/v2\/pages"}],"about":[{"href":"http:\/\/www2.unifap.br\/nai\/wp-json\/wp\/v2\/types\/page"}],"author":[{"embeddable":true,"href":"http:\/\/www2.unifap.br\/nai\/wp-json\/wp\/v2\/users\/406"}],"replies":[{"embeddable":true,"href":"http:\/\/www2.unifap.br\/nai\/wp-json\/wp\/v2\/comments?post=1618"}],"version-history":[{"count":68,"href":"http:\/\/www2.unifap.br\/nai\/wp-json\/wp\/v2\/pages\/1618\/revisions"}],"predecessor-version":[{"id":4184,"href":"http:\/\/www2.unifap.br\/nai\/wp-json\/wp\/v2\/pages\/1618\/revisions\/4184"}],"up":[{"embeddable":true,"href":"http:\/\/www2.unifap.br\/nai\/wp-json\/wp\/v2\/pages\/1889"}],"wp:attachment":[{"href":"http:\/\/www2.unifap.br\/nai\/wp-json\/wp\/v2\/media?parent=1618"}],"curies":[{"name":"wp","href":"https:\/\/api.w.org\/{rel}","templated":true}]}}