{"id":1869,"date":"2016-01-21T21:29:35","date_gmt":"2016-01-21T21:29:35","guid":{"rendered":"http:\/\/www2.unifap.br\/nai\/?page_id=1869"},"modified":"2021-09-28T11:50:38","modified_gmt":"2021-09-28T11:50:38","slug":"atribuicoes","status":"publish","type":"page","link":"http:\/\/www2.unifap.br\/nai\/institucional\/atribuicoes\/","title":{"rendered":"Atribui\u00e7\u00f5es do N\u00facleo"},"content":{"rendered":"<p style=\"text-align: justify\">I &#8211; Atuar como \u00f3rg\u00e3o suplementar da PROEAC para sistematizar as a\u00e7\u00f5es institucionais relativas \u00e0 pol\u00edtica de educa\u00e7\u00e3o inclusiva na educa\u00e7\u00e3o superior.<\/p>\n<p style=\"text-align: justify\">II &#8211; Realizar atendimento individual e\/ou grupal aos acad\u00eamicos com defici\u00eancia e\/ou mobilidade reduzida.<\/p>\n<p style=\"text-align: justify\">III &#8211; Prestar informa\u00e7\u00f5es a respeito da pol\u00edtica de educa\u00e7\u00e3o inclusiva na educa\u00e7\u00e3o superior para estabelecer parcerias com outras inst\u00e2ncias da UNIFAP e com organiza\u00e7\u00f5es externas.<\/p>\n<p style=\"text-align: justify\">IV &#8211; Zelar pelo cumprimento da legisla\u00e7\u00e3o vigente relacionada \u00e0 acessibilidade na educa\u00e7\u00e3o superior.<\/p>\n<p style=\"text-align: justify\">V &#8211; Prestar assessoramento as Pr\u00f3-Reitorias, Departamentos Acad\u00eamicos, Unidades de Trabalho da UNIFAP, como esfera consultiva no que se refere as demandas de acessibilidade pedag\u00f3gica, atitudinal e de comunica\u00e7\u00e3o na educa\u00e7\u00e3o superior.<\/p>\n<p style=\"text-align: justify\">VI &#8211; Apoiar a produ\u00e7\u00e3o de conhecimento e divulgar pr\u00e1ticas sobre educa\u00e7\u00e3o inclusiva na educa\u00e7\u00e3o superior.<\/p>\n<p style=\"text-align: justify\">Fonte: UNIVERSIDADE FEDERAL DO AMAP\u00c1. Regimento do N\u00facleo de Acessibilidade e Inclus\u00e3o. Macap\u00e1, 2016.<\/p>\n","protected":false},"excerpt":{"rendered":"<p>I &#8211; Atuar como \u00f3rg\u00e3o suplementar da PROEAC para sistematizar as a\u00e7\u00f5es institucionais relativas \u00e0 pol\u00edtica de educa\u00e7\u00e3o inclusiva na educa\u00e7\u00e3o superior. II&#8230;<\/p>\n","protected":false},"author":406,"featured_media":0,"parent":1852,"menu_order":0,"comment_status":"closed","ping_status":"open","template":"","meta":{"inline_featured_image":false,"ngg_post_thumbnail":0,"footnotes":""},"class_list":["post-1869","page","type-page","status-publish","hentry"],"_links":{"self":[{"href":"http:\/\/www2.unifap.br\/nai\/wp-json\/wp\/v2\/pages\/1869","targetHints":{"allow":["GET"]}}],"collection":[{"href":"http:\/\/www2.unifap.br\/nai\/wp-json\/wp\/v2\/pages"}],"about":[{"href":"http:\/\/www2.unifap.br\/nai\/wp-json\/wp\/v2\/types\/page"}],"author":[{"embeddable":true,"href":"http:\/\/www2.unifap.br\/nai\/wp-json\/wp\/v2\/users\/406"}],"replies":[{"embeddable":true,"href":"http:\/\/www2.unifap.br\/nai\/wp-json\/wp\/v2\/comments?post=1869"}],"version-history":[{"count":38,"href":"http:\/\/www2.unifap.br\/nai\/wp-json\/wp\/v2\/pages\/1869\/revisions"}],"predecessor-version":[{"id":2879,"href":"http:\/\/www2.unifap.br\/nai\/wp-json\/wp\/v2\/pages\/1869\/revisions\/2879"}],"up":[{"embeddable":true,"href":"http:\/\/www2.unifap.br\/nai\/wp-json\/wp\/v2\/pages\/1852"}],"wp:attachment":[{"href":"http:\/\/www2.unifap.br\/nai\/wp-json\/wp\/v2\/media?parent=1869"}],"curies":[{"name":"wp","href":"https:\/\/api.w.org\/{rel}","templated":true}]}}