{"id":1872,"date":"2016-01-21T21:31:16","date_gmt":"2016-01-21T21:31:16","guid":{"rendered":"http:\/\/www2.unifap.br\/nai\/?page_id=1872"},"modified":"2021-09-28T11:50:38","modified_gmt":"2021-09-28T11:50:38","slug":"organograma","status":"publish","type":"page","link":"http:\/\/www2.unifap.br\/nai\/institucional\/organograma\/","title":{"rendered":"Organograma do N\u00facleo"},"content":{"rendered":"<p>O organograma do N\u00facleo de Acessibilidade e Inclus\u00e3o, vinculado a Pr\u00f3-Reitoria de Extens\u00e3o e A\u00e7\u00f5es Comunit\u00e1rias da Universidade Federal do Amap\u00e1, tem a seguinte composi\u00e7\u00e3o:<\/p>\n<p><a href=\"http:\/\/www2.unifap.br\/nai\/files\/2016\/01\/organograma-NAI.jpg\"><img fetchpriority=\"high\" decoding=\"async\" class=\"aligncenter size-full wp-image-3362\" alt=\"organograma NAI\" src=\"http:\/\/www2.unifap.br\/nai\/files\/2016\/01\/organograma-NAI.jpg\" width=\"809\" height=\"605\" srcset=\"http:\/\/www2.unifap.br\/nai\/files\/2016\/01\/organograma-NAI.jpg 809w, http:\/\/www2.unifap.br\/nai\/files\/2016\/01\/organograma-NAI-300x224.jpg 300w\" sizes=\"(max-width: 809px) 100vw, 809px\" \/><\/a><\/p>\n<p>&nbsp;<\/p>\n<p>&nbsp;<\/p>\n","protected":false},"excerpt":{"rendered":"<p>O organograma do N\u00facleo de Acessibilidade e Inclus\u00e3o, vinculado a Pr\u00f3-Reitoria de Extens\u00e3o e A\u00e7\u00f5es Comunit\u00e1rias da Universidade Federal do Amap\u00e1, tem a&#8230;<\/p>\n","protected":false},"author":406,"featured_media":0,"parent":1852,"menu_order":0,"comment_status":"closed","ping_status":"open","template":"","meta":{"inline_featured_image":false,"ngg_post_thumbnail":0,"footnotes":""},"class_list":["post-1872","page","type-page","status-publish","hentry"],"_links":{"self":[{"href":"http:\/\/www2.unifap.br\/nai\/wp-json\/wp\/v2\/pages\/1872","targetHints":{"allow":["GET"]}}],"collection":[{"href":"http:\/\/www2.unifap.br\/nai\/wp-json\/wp\/v2\/pages"}],"about":[{"href":"http:\/\/www2.unifap.br\/nai\/wp-json\/wp\/v2\/types\/page"}],"author":[{"embeddable":true,"href":"http:\/\/www2.unifap.br\/nai\/wp-json\/wp\/v2\/users\/406"}],"replies":[{"embeddable":true,"href":"http:\/\/www2.unifap.br\/nai\/wp-json\/wp\/v2\/comments?post=1872"}],"version-history":[{"count":9,"href":"http:\/\/www2.unifap.br\/nai\/wp-json\/wp\/v2\/pages\/1872\/revisions"}],"predecessor-version":[{"id":3765,"href":"http:\/\/www2.unifap.br\/nai\/wp-json\/wp\/v2\/pages\/1872\/revisions\/3765"}],"up":[{"embeddable":true,"href":"http:\/\/www2.unifap.br\/nai\/wp-json\/wp\/v2\/pages\/1852"}],"wp:attachment":[{"href":"http:\/\/www2.unifap.br\/nai\/wp-json\/wp\/v2\/media?parent=1872"}],"curies":[{"name":"wp","href":"https:\/\/api.w.org\/{rel}","templated":true}]}}