{"id":2027,"date":"2016-02-03T23:41:26","date_gmt":"2016-02-03T23:41:26","guid":{"rendered":"http:\/\/www2.unifap.br\/nai\/?page_id=2027"},"modified":"2021-09-28T11:50:38","modified_gmt":"2021-09-28T11:50:38","slug":"artigo","status":"publish","type":"page","link":"http:\/\/www2.unifap.br\/nai\/institucional\/utilidade-publica\/artigo\/","title":{"rendered":"Artigos e outros trabalhos"},"content":{"rendered":"<p><b>\u25cf\u00a0<\/b>CARDOSO, C. L., CARDOSO, T. S., YANIC, Y., PENA, R. C. A. O processo de entrada e perman\u00eancia de estudantes com defici\u00eancias nas institui\u00e7\u00f5es de ensino superior em Macap\u00e1. M\u00e1laga:\u00a0Fundaci\u00f3n Universitaria Andaluza &#8220;Inca Garcilaso&#8221;,\u00a02014. Dispon\u00edvel em:\u00a0<span style=\"color: #0000ff\"><a href=\"http:\/\/www.eumed.net\/libros-gratis\/2014\/1378\/alunos-universidade.html\"><span style=\"color: #0000ff\">http:\/\/www.eumed.net\/libros-gratis\/2014\/1378\/alunos-universidade.html<\/span><\/a><\/span>, Acesso: 03\/02\/2016.<\/p>\n<p><b><b>\u25cf<\/b>\u00a0<\/b>GRIBOSKI,\u00a0C. M.; \u00a0ALVES,\u00a0OLIVEIRA; D., \u00a0SILVEIRA,\u00a0S. M.; \u00a0FUNGHETTO,\u00a0S. S. Referencias de Acessibilidade na Educa\u00e7\u00e3o Superior e a Avalia\u00e7\u00e3o in loco do Sistema Nacional de Avalia\u00e7\u00e3o da Educa\u00e7\u00e3o Superior (SINAES). Bras\u00edlia: MEC\/INEP, 2013. Dispon\u00edvel em: \u00a0<span style=\"color: #0000ff\"><a href=\"http:\/\/www.ampesc.org.br\/_arquivos\/download\/1382550379.pdf\"><span style=\"color: #0000ff\">http:\/\/www.ampesc.org.br\/_arquivos\/download\/1382550379.pdf<\/span><\/a><\/span>,\u00a0Acesso: 03\/02\/2016.<\/p>\n<p><b>\u25cf\u00a0<\/b>OLIVEIRA, M. S.; RODRIGUES, L. F. F. A Inclus\u00e3o no Ensino Superior: Uma experi\u00eancia em debate.\u00a0<strong>PRACS<\/strong>, v. 4, 2011, p. 17-28. Dispon\u00edvel em:\u00a0<span style=\"color: #0000ff\"><a href=\"https:\/\/periodicos.unifap.br\/index.php\/pracs\/article\/view\/406\/n4Marinalva.pdf\"><span style=\"color: #0000ff\">https:\/\/periodicos.unifap.br\/index.php\/pracs\/article\/view\/406\/n4Marinalva.pdf<\/span><\/a><\/span>, Acesso: 03\/02\/2016.<\/p>\n<p><b>\u25cf\u00a0<\/b>OLIVEIRA, M. S., RODRIGUES, L. F. F., ALBERTO, \u00a0A. A. D., COUTINHO, L. D. A., LIMA, R. P., CALDAS, \u00a0 Y. P. A inclus\u00e3o dos alunos com necessidades educacionais especiais na UNIFAP: O que estamos fazendo e o que precisamos fazer! In: <strong>Anais do\u00a0Semin\u00e1rio Internacional Amaz\u00f4nia e Fronteiras do Conhecimento<\/strong>. Bel\u00e9m: NAEA, 2008. Dispon\u00edvel em: <span style=\"color: #0000ff\"><a href=\"http:\/\/www.naea.ufpa.br\/siteNaea35\/anais\/html\/geraCapa\/FINAL\/GT10-180-1194-20081125174614.pdf\"><span style=\"color: #0000ff\">http:\/\/www.naea.ufpa.br\/siteNaea35\/anais\/html\/geraCapa\/FINAL\/GT10-180-1194-20081125174614.pdf<\/span><\/a><\/span>,\u00a0Acesso: 03\/02\/2016.<\/p>\n<p><b><b>\u00a0<\/b><\/b><\/p>\n","protected":false},"excerpt":{"rendered":"<p>\u25cf\u00a0CARDOSO, C. L., CARDOSO, T. S., YANIC, Y., PENA, R. C. A. O processo de entrada e perman\u00eancia de estudantes com defici\u00eancias nas&#8230;<\/p>\n","protected":false},"author":548,"featured_media":0,"parent":1889,"menu_order":0,"comment_status":"closed","ping_status":"open","template":"","meta":{"inline_featured_image":false,"ngg_post_thumbnail":0,"footnotes":""},"class_list":["post-2027","page","type-page","status-publish","hentry"],"_links":{"self":[{"href":"http:\/\/www2.unifap.br\/nai\/wp-json\/wp\/v2\/pages\/2027","targetHints":{"allow":["GET"]}}],"collection":[{"href":"http:\/\/www2.unifap.br\/nai\/wp-json\/wp\/v2\/pages"}],"about":[{"href":"http:\/\/www2.unifap.br\/nai\/wp-json\/wp\/v2\/types\/page"}],"author":[{"embeddable":true,"href":"http:\/\/www2.unifap.br\/nai\/wp-json\/wp\/v2\/users\/548"}],"replies":[{"embeddable":true,"href":"http:\/\/www2.unifap.br\/nai\/wp-json\/wp\/v2\/comments?post=2027"}],"version-history":[{"count":19,"href":"http:\/\/www2.unifap.br\/nai\/wp-json\/wp\/v2\/pages\/2027\/revisions"}],"predecessor-version":[{"id":2558,"href":"http:\/\/www2.unifap.br\/nai\/wp-json\/wp\/v2\/pages\/2027\/revisions\/2558"}],"up":[{"embeddable":true,"href":"http:\/\/www2.unifap.br\/nai\/wp-json\/wp\/v2\/pages\/1889"}],"wp:attachment":[{"href":"http:\/\/www2.unifap.br\/nai\/wp-json\/wp\/v2\/media?parent=2027"}],"curies":[{"name":"wp","href":"https:\/\/api.w.org\/{rel}","templated":true}]}}