{"id":3602,"date":"2017-09-09T06:38:54","date_gmt":"2017-09-09T06:38:54","guid":{"rendered":"http:\/\/www2.unifap.br\/nai\/?page_id=3602"},"modified":"2021-09-28T11:53:36","modified_gmt":"2021-09-28T11:53:36","slug":"acesso-aos-relatorios-de-gestao-do-nai","status":"publish","type":"page","link":"http:\/\/www2.unifap.br\/nai\/documentos\/relatorio-de-gestao\/acesso-aos-relatorios-de-gestao-do-nai\/","title":{"rendered":"Acesso aos Relat\u00f3rios de Gest\u00e3o do NAI"},"content":{"rendered":"<p><span style=\"color: #008000\"><strong><span style=\"text-decoration: underline\"><span style=\"text-decoration: underline\"><a href=\"http:\/\/www2.unifap.br\/nai\/files\/2017\/09\/Relat\u00f3rio-de-Gest\u00e3o-20151.pdf\"><span style=\"color: #008000;text-decoration: underline\">Relat\u00f3rio de Gest\u00e3o do Exerc\u00edcio de 2015<\/span><\/a><\/span><\/span><\/strong><\/span><\/p>\n<p><span style=\"color: #800080\"><strong><a href=\"http:\/\/www2.unifap.br\/nai\/files\/2017\/09\/Relat\u00f3rio-de-Gest\u00e3o-2016.pdf\"><span style=\"color: #800080\">Relat\u00f3rio de Gest\u00e3o do Exerc\u00edcio de 2016<\/span><\/a><\/strong><\/span><\/p>\n<p><strong><a href=\"http:\/\/www2.unifap.br\/nai\/files\/2017\/09\/Relat\u00f3rio-de-Gest\u00e3o-Exerc\u00edcio-de-2017.pdf\">Relat\u00f3rio de Gest\u00e3o Exerc\u00edcio de 2017<\/a><\/strong><\/p>\n<p><strong>\u00a0<\/strong><\/p>\n","protected":false},"excerpt":{"rendered":"<p>Relat\u00f3rio de Gest\u00e3o do Exerc\u00edcio de 2015 Relat\u00f3rio de Gest\u00e3o do Exerc\u00edcio de 2016 Relat\u00f3rio de Gest\u00e3o Exerc\u00edcio de 2017 \u00a0<\/p>\n","protected":false},"author":548,"featured_media":0,"parent":3599,"menu_order":0,"comment_status":"closed","ping_status":"open","template":"","meta":{"inline_featured_image":false,"ngg_post_thumbnail":0,"footnotes":""},"class_list":["post-3602","page","type-page","status-publish","hentry"],"_links":{"self":[{"href":"http:\/\/www2.unifap.br\/nai\/wp-json\/wp\/v2\/pages\/3602","targetHints":{"allow":["GET"]}}],"collection":[{"href":"http:\/\/www2.unifap.br\/nai\/wp-json\/wp\/v2\/pages"}],"about":[{"href":"http:\/\/www2.unifap.br\/nai\/wp-json\/wp\/v2\/types\/page"}],"author":[{"embeddable":true,"href":"http:\/\/www2.unifap.br\/nai\/wp-json\/wp\/v2\/users\/548"}],"replies":[{"embeddable":true,"href":"http:\/\/www2.unifap.br\/nai\/wp-json\/wp\/v2\/comments?post=3602"}],"version-history":[{"count":23,"href":"http:\/\/www2.unifap.br\/nai\/wp-json\/wp\/v2\/pages\/3602\/revisions"}],"predecessor-version":[{"id":3964,"href":"http:\/\/www2.unifap.br\/nai\/wp-json\/wp\/v2\/pages\/3602\/revisions\/3964"}],"up":[{"embeddable":true,"href":"http:\/\/www2.unifap.br\/nai\/wp-json\/wp\/v2\/pages\/3599"}],"wp:attachment":[{"href":"http:\/\/www2.unifap.br\/nai\/wp-json\/wp\/v2\/media?parent=3602"}],"curies":[{"name":"wp","href":"https:\/\/api.w.org\/{rel}","templated":true}]}}