{"id":4645,"date":"2023-02-28T12:53:28","date_gmt":"2023-02-28T12:53:28","guid":{"rendered":"https:\/\/www2.unifap.br\/nai\/?page_id=4645"},"modified":"2025-08-18T12:54:14","modified_gmt":"2025-08-18T12:54:14","slug":"acoes-labac","status":"publish","type":"page","link":"http:\/\/www2.unifap.br\/nai\/acessibilidade-cultural\/acoes-labac\/","title":{"rendered":"A\u00c7\u00d5ES LABAC"},"content":{"rendered":"\t\t<div data-elementor-type=\"wp-page\" data-elementor-id=\"4645\" class=\"elementor elementor-4645\">\n\t\t\t\t\t\t<section class=\"elementor-section elementor-top-section elementor-element elementor-element-587b5fc elementor-section-boxed elementor-section-height-default elementor-section-height-default\" data-id=\"587b5fc\" data-element_type=\"section\" data-e-type=\"section\">\n\t\t\t\t\t\t<div class=\"elementor-container elementor-column-gap-default\">\n\t\t\t\t\t<div class=\"elementor-column elementor-col-100 elementor-top-column elementor-element elementor-element-bd2eb3d\" data-id=\"bd2eb3d\" data-element_type=\"column\" data-e-type=\"column\">\n\t\t\t<div class=\"elementor-widget-wrap elementor-element-populated\">\n\t\t\t\t\t\t<div class=\"elementor-element elementor-element-702c925 elementor-widget elementor-widget-text-editor\" data-id=\"702c925\" data-element_type=\"widget\" data-e-type=\"widget\" data-widget_type=\"text-editor.default\">\n\t\t\t\t<div class=\"elementor-widget-container\">\n\t\t\t\t\t\t\t\t\t<p>O Laborat\u00f3rio de Acessibilidade Cultural (LABAC) do Curso de Teatro da UNIFAP em parceria com o N\u00facleo de Acessibilidade e Inclus\u00e3o (NAI\/UNIFAP) est\u00e1 realizando um novo levantamento de Artistas com Defici\u00eancia, objetivando instigar o desenvolvimento de pol\u00edticas p\u00fablicas voltadas \u00e0 Cultura no Amap\u00e1, em espec\u00edfico na \u00e1rea de Acessibilidade Cultural, atrav\u00e9s da cria\u00e7\u00e3o do Cadastro dos Artistas PcD Amapaenses. Se voc\u00ea \u00e9 um\/uma Artista que possui alguma defici\u00eancia e que n\u00e3o participou do primeiro cat\u00e1logo, cadastre-se atrav\u00e9s do formul\u00e1rio abaixo:<\/p>\t\t\t\t\t\t\t\t<\/div>\n\t\t\t\t<\/div>\n\t\t\t\t<div class=\"elementor-element elementor-element-96ed024 elementor-button-success elementor-widget elementor-widget-button\" data-id=\"96ed024\" data-element_type=\"widget\" data-e-type=\"widget\" data-widget_type=\"button.default\">\n\t\t\t\t<div class=\"elementor-widget-container\">\n\t\t\t\t\t\t\t\t\t<div class=\"elementor-button-wrapper\">\n\t\t\t\t\t<a class=\"elementor-button elementor-button-link elementor-size-md\" href=\"https:\/\/forms.gle\/MaWDfCSpUfWTjb9Z6\">\n\t\t\t\t\t\t<span class=\"elementor-button-content-wrapper\">\n\t\t\t\t\t\t\t\t\t<span class=\"elementor-button-text\">Cadastro  aqui<\/span>\n\t\t\t\t\t<\/span>\n\t\t\t\t\t<\/a>\n\t\t\t\t<\/div>\n\t\t\t\t\t\t\t\t<\/div>\n\t\t\t\t<\/div>\n\t\t\t\t\t<\/div>\n\t\t<\/div>\n\t\t\t\t\t<\/div>\n\t\t<\/section>\n\t\t\t\t<\/div>\n\t\t","protected":false},"excerpt":{"rendered":"<p>O Laborat\u00f3rio de Acessibilidade Cultural (LABAC) do Curso de Teatro da UNIFAP em parceria com o N\u00facleo de Acessibilidade e Inclus\u00e3o (NAI\/UNIFAP) est\u00e1&#8230;<\/p>\n","protected":false},"author":3923,"featured_media":0,"parent":4633,"menu_order":0,"comment_status":"closed","ping_status":"closed","template":"","meta":{"inline_featured_image":false,"ngg_post_thumbnail":0,"footnotes":""},"class_list":["post-4645","page","type-page","status-publish","hentry"],"_links":{"self":[{"href":"http:\/\/www2.unifap.br\/nai\/wp-json\/wp\/v2\/pages\/4645","targetHints":{"allow":["GET"]}}],"collection":[{"href":"http:\/\/www2.unifap.br\/nai\/wp-json\/wp\/v2\/pages"}],"about":[{"href":"http:\/\/www2.unifap.br\/nai\/wp-json\/wp\/v2\/types\/page"}],"author":[{"embeddable":true,"href":"http:\/\/www2.unifap.br\/nai\/wp-json\/wp\/v2\/users\/3923"}],"replies":[{"embeddable":true,"href":"http:\/\/www2.unifap.br\/nai\/wp-json\/wp\/v2\/comments?post=4645"}],"version-history":[{"count":22,"href":"http:\/\/www2.unifap.br\/nai\/wp-json\/wp\/v2\/pages\/4645\/revisions"}],"predecessor-version":[{"id":5289,"href":"http:\/\/www2.unifap.br\/nai\/wp-json\/wp\/v2\/pages\/4645\/revisions\/5289"}],"up":[{"embeddable":true,"href":"http:\/\/www2.unifap.br\/nai\/wp-json\/wp\/v2\/pages\/4633"}],"wp:attachment":[{"href":"http:\/\/www2.unifap.br\/nai\/wp-json\/wp\/v2\/media?parent=4645"}],"curies":[{"name":"wp","href":"https:\/\/api.w.org\/{rel}","templated":true}]}}