{"id":4666,"date":"2023-02-28T13:10:35","date_gmt":"2023-02-28T13:10:35","guid":{"rendered":"https:\/\/www2.unifap.br\/nai\/?page_id=4666"},"modified":"2025-08-18T12:57:13","modified_gmt":"2025-08-18T12:57:13","slug":"artistas-com-deficiencia-doestado-do-amapa","status":"publish","type":"page","link":"http:\/\/www2.unifap.br\/nai\/acessibilidade-cultural\/artistas-com-deficiencia-doestado-do-amapa\/","title":{"rendered":"ARTISTAS COM DEFICI\u00caNCIA DO ESTADO DO AMAP\u00c1"},"content":{"rendered":"\t\t<div data-elementor-type=\"wp-page\" data-elementor-id=\"4666\" class=\"elementor elementor-4666\">\n\t\t\t\t\t\t<section class=\"elementor-section elementor-top-section elementor-element elementor-element-710a856d elementor-section-boxed elementor-section-height-default elementor-section-height-default\" data-id=\"710a856d\" data-element_type=\"section\" data-e-type=\"section\">\n\t\t\t\t\t\t<div class=\"elementor-container elementor-column-gap-default\">\n\t\t\t\t\t<div class=\"elementor-column elementor-col-100 elementor-top-column elementor-element elementor-element-12a7821c\" data-id=\"12a7821c\" data-element_type=\"column\" data-e-type=\"column\">\n\t\t\t<div class=\"elementor-widget-wrap elementor-element-populated\">\n\t\t\t\t\t\t<div class=\"elementor-element elementor-element-392abd8 elementor-widget elementor-widget-text-editor\" data-id=\"392abd8\" data-element_type=\"widget\" data-e-type=\"widget\" data-widget_type=\"text-editor.default\">\n\t\t\t\t<div class=\"elementor-widget-container\">\n\t\t\t\t\t\t\t\t\t<p><a href=\"http:\/\/www2.unifap.br\/nai\/files\/2023\/02\/catacc81logo-de-artistas-com-deficiecc82ncia-do-estado-do-amapacc81-1-1.pdf\">ARTISTAS COM DEFICI\u00caNCIA DO ESTADO DO AMAP\u00c1 &#8211; CAT\u00c1LOGO PDF<\/a><\/p><p>Audiodescri\u00e7\u00e3o do Cat\u00e1logo:<\/p><p><!--[if lt IE 9]><script>document.createElement('audio');<\/script><![endif]-->\n<audio class=\"wp-audio-shortcode\" id=\"audio-4666-1\" preload=\"none\" style=\"width: 100%;\" controls=\"controls\"><source type=\"audio\/mpeg\" src=\"http:\/\/www2.unifap.br\/nai\/files\/2023\/02\/AudioCatalogoArtistasPcDAmapa.mp3?_=1\" \/><a href=\"http:\/\/www2.unifap.br\/nai\/files\/2023\/02\/AudioCatalogoArtistasPcDAmapa.mp3\">http:\/\/www2.unifap.br\/nai\/files\/2023\/02\/AudioCatalogoArtistasPcDAmapa.mp3<\/a><\/audio><\/p>\t\t\t\t\t\t\t\t<\/div>\n\t\t\t\t<\/div>\n\t\t\t\t\t<\/div>\n\t\t<\/div>\n\t\t\t\t\t<\/div>\n\t\t<\/section>\n\t\t\t\t<\/div>\n\t\t","protected":false},"excerpt":{"rendered":"<p>ARTISTAS COM DEFICI\u00caNCIA DO ESTADO DO AMAP\u00c1 &#8211; CAT\u00c1LOGO PDF Audiodescri\u00e7\u00e3o do Cat\u00e1logo:<\/p>\n","protected":false},"author":3923,"featured_media":0,"parent":4633,"menu_order":0,"comment_status":"closed","ping_status":"closed","template":"","meta":{"inline_featured_image":false,"ngg_post_thumbnail":0,"footnotes":""},"class_list":["post-4666","page","type-page","status-publish","hentry"],"_links":{"self":[{"href":"http:\/\/www2.unifap.br\/nai\/wp-json\/wp\/v2\/pages\/4666","targetHints":{"allow":["GET"]}}],"collection":[{"href":"http:\/\/www2.unifap.br\/nai\/wp-json\/wp\/v2\/pages"}],"about":[{"href":"http:\/\/www2.unifap.br\/nai\/wp-json\/wp\/v2\/types\/page"}],"author":[{"embeddable":true,"href":"http:\/\/www2.unifap.br\/nai\/wp-json\/wp\/v2\/users\/3923"}],"replies":[{"embeddable":true,"href":"http:\/\/www2.unifap.br\/nai\/wp-json\/wp\/v2\/comments?post=4666"}],"version-history":[{"count":11,"href":"http:\/\/www2.unifap.br\/nai\/wp-json\/wp\/v2\/pages\/4666\/revisions"}],"predecessor-version":[{"id":5291,"href":"http:\/\/www2.unifap.br\/nai\/wp-json\/wp\/v2\/pages\/4666\/revisions\/5291"}],"up":[{"embeddable":true,"href":"http:\/\/www2.unifap.br\/nai\/wp-json\/wp\/v2\/pages\/4633"}],"wp:attachment":[{"href":"http:\/\/www2.unifap.br\/nai\/wp-json\/wp\/v2\/media?parent=4666"}],"curies":[{"name":"wp","href":"https:\/\/api.w.org\/{rel}","templated":true}]}}