{"id":4678,"date":"2023-03-01T10:49:21","date_gmt":"2023-03-01T10:49:21","guid":{"rendered":"https:\/\/www2.unifap.br\/nai\/?page_id=4678"},"modified":"2025-08-18T12:55:53","modified_gmt":"2025-08-18T12:55:53","slug":"labac","status":"publish","type":"page","link":"http:\/\/www2.unifap.br\/nai\/acessibilidade-cultural\/labac\/","title":{"rendered":"LABAC"},"content":{"rendered":"\t\t<div data-elementor-type=\"wp-page\" data-elementor-id=\"4678\" class=\"elementor elementor-4678\">\n\t\t\t\t\t\t<section class=\"elementor-section elementor-top-section elementor-element elementor-element-fa0da38 elementor-section-boxed elementor-section-height-default elementor-section-height-default\" data-id=\"fa0da38\" data-element_type=\"section\" data-e-type=\"section\">\n\t\t\t\t\t\t<div class=\"elementor-container elementor-column-gap-default\">\n\t\t\t\t\t<div class=\"elementor-column elementor-col-100 elementor-top-column elementor-element elementor-element-054ca10\" data-id=\"054ca10\" data-element_type=\"column\" data-e-type=\"column\">\n\t\t\t<div class=\"elementor-widget-wrap elementor-element-populated\">\n\t\t\t\t\t\t<div class=\"elementor-element elementor-element-34196a7 elementor-widget elementor-widget-text-editor\" data-id=\"34196a7\" data-element_type=\"widget\" data-e-type=\"widget\" data-widget_type=\"text-editor.default\">\n\t\t\t\t<div class=\"elementor-widget-container\">\n\t\t\t\t\t\t\t\t\t<p>O LABAC \u2013 Laborat\u00f3rio de Acessibilidade Cultural do Amap\u00e1 \u00e9 um projeto de pesquisa extensionista do Curso de Licenciatura em Teatro que procura abrir uma discuss\u00e3o sobre a Acessibilidade Cultural na UNIFAP apresentando o conceito e buscando solu\u00e7\u00f5es para tornar a Cultura algo acess\u00edvel, democr\u00e1tico e promotora da inclus\u00e3o, dialogando a Acessibilidade para al\u00e9m da quest\u00e3o f\u00edsica, mas tamb\u00e9m a possibilidade de acesso de forma sinest\u00e9sica onde o corpo atrav\u00e9s de seus sentidos promova\/receba\/elabore frui\u00e7\u00e3o, contempla\u00e7\u00e3o, absor\u00e7\u00e3o, troca. Enquanto Acessibilidade Cultural entendemos a promo\u00e7\u00e3o do Artista que possui alguma Defici\u00eancia e tamb\u00e9m a inclus\u00e3o das Pessoas com Defici\u00eancia em a\u00e7\u00f5es e eventos culturais podendo ter acesso ao espa\u00e7o, conte\u00fado, proposta e est\u00e9tica do mesmo. Nesta perspectiva de proporcionar a frui\u00e7\u00e3o est\u00e9tica \u00e9 que surge a quest\u00e3o entre tornar acess\u00edvel uma linguagem art\u00edstica com e al\u00e9m de recursos de Tecnologia Assistiva. O LABAC funciona junto ao NAI &#8211; N\u00facleo de Acessibilidade e Inclus\u00e3o da UNIFAP. Tomamos por tema as limita\u00e7\u00f5es e restri\u00e7\u00f5es \u00e0 participa\u00e7\u00e3o de Pessoas com Defici\u00eancia em ambientes culturais numa reflex\u00e3o inicial sobre os aspectos que impedem ou dificultam sua participa\u00e7\u00e3o registrando os v\u00e1rios olhares e realidades existentes e poss\u00edveis de modifica\u00e7\u00e3o atrav\u00e9s da proposta metodol\u00f3gica de acessibilizar linguagens art\u00edsticas e espa\u00e7os culturais do Amap\u00e1.<\/p><p>O LABAC se insere na Linha de Pesquisa Acessibilidade Cultural do NECID \u2013 N\u00facleo de Estudos em Espa\u00e7os Culturais, Inclusivos e Deliberativos (CNPq).<\/p><p>Coordena\u00e7\u00e3o: Prof. Dr. Emerson de Paula (Teatro UNIFAP)<\/p><p>Contatos:<\/p><p>@labac.unifap<\/p><p><a href=\"mailto:necidunifap@yahoo.com\">necidunifap@yahoo.com<\/a><\/p><p>.<\/p>\t\t\t\t\t\t\t\t<\/div>\n\t\t\t\t<\/div>\n\t\t\t\t\t<\/div>\n\t\t<\/div>\n\t\t\t\t\t<\/div>\n\t\t<\/section>\n\t\t\t\t<\/div>\n\t\t","protected":false},"excerpt":{"rendered":"<p>O LABAC \u2013 Laborat\u00f3rio de Acessibilidade Cultural do Amap\u00e1 \u00e9 um projeto de pesquisa extensionista do Curso de Licenciatura em Teatro que procura&#8230;<\/p>\n","protected":false},"author":3923,"featured_media":0,"parent":4633,"menu_order":0,"comment_status":"closed","ping_status":"closed","template":"","meta":{"inline_featured_image":false,"ngg_post_thumbnail":0,"footnotes":""},"class_list":["post-4678","page","type-page","status-publish","hentry"],"_links":{"self":[{"href":"http:\/\/www2.unifap.br\/nai\/wp-json\/wp\/v2\/pages\/4678","targetHints":{"allow":["GET"]}}],"collection":[{"href":"http:\/\/www2.unifap.br\/nai\/wp-json\/wp\/v2\/pages"}],"about":[{"href":"http:\/\/www2.unifap.br\/nai\/wp-json\/wp\/v2\/types\/page"}],"author":[{"embeddable":true,"href":"http:\/\/www2.unifap.br\/nai\/wp-json\/wp\/v2\/users\/3923"}],"replies":[{"embeddable":true,"href":"http:\/\/www2.unifap.br\/nai\/wp-json\/wp\/v2\/comments?post=4678"}],"version-history":[{"count":4,"href":"http:\/\/www2.unifap.br\/nai\/wp-json\/wp\/v2\/pages\/4678\/revisions"}],"predecessor-version":[{"id":5290,"href":"http:\/\/www2.unifap.br\/nai\/wp-json\/wp\/v2\/pages\/4678\/revisions\/5290"}],"up":[{"embeddable":true,"href":"http:\/\/www2.unifap.br\/nai\/wp-json\/wp\/v2\/pages\/4633"}],"wp:attachment":[{"href":"http:\/\/www2.unifap.br\/nai\/wp-json\/wp\/v2\/media?parent=4678"}],"curies":[{"name":"wp","href":"https:\/\/api.w.org\/{rel}","templated":true}]}}