{"id":44,"date":"2016-03-01T18:53:23","date_gmt":"2016-03-01T18:53:23","guid":{"rendered":"http:\/\/www2.unifap.br\/neab\/?page_id=44"},"modified":"2017-03-31T17:29:43","modified_gmt":"2017-03-31T17:29:43","slug":"2016-2","status":"publish","type":"page","link":"http:\/\/www2.unifap.br\/neab\/memorial\/certificados\/2016-2\/","title":{"rendered":"2016"},"content":{"rendered":"<p>Os Certificados est\u00e3o dispon\u00edveis no link abaixo:<\/p>\n<p>26\/01-<a href=\"https:\/\/mega.nz\/#F!CYxhDBQD!7myEWgsHW3PRIHpWggAwug\">Roda de Conversa intitulada &#8220;Juventude e Viol\u00eancia: debatendo a quest\u00e3o racial&#8221;<\/a><\/p>\n<p>18\/03-<a href=\"https:\/\/mega.nz\/#F!HIQwRJBR!HChTpeNQSzyNHM03eEOo3Q\">Roda de Conversa sobre Intoler\u00e2ncia Religiosa no Amap\u00e1<\/a><\/p>\n<p>25\/05-<a href=\"https:\/\/mega.nz\/#F!rBIURazb!eDWrgdyTNJ1x6Sa3qY7a_g\">RODA DE CONVERSA SOBRE PATRIM\u00d4NIO CULTURAL<\/a><\/p>\n<p>17\/06-<a href=\"https:\/\/mega.nz\/#F!uRxUBBBA!dUfrTAuAaevpP2xJ5OjoeQ\">Roda de Conversa sobre Marabaixo<\/a><\/p>\n<p>1 a 30\/07- <a href=\"https:\/\/mega.nz\/#F!LNghQTpD!cajgfbBJJ3dbKSNK0306FQ\">Certificados dos ouvintes dos M\u00f3dulos do Curso de Extens\u00e3o &#8220;Legisla\u00e7\u00e3o Antirracismo e os Desafios para Implementa\u00e7\u00e3o de Pol\u00edticas Afirmativas no Amap\u00e1<\/a><\/p>\n<p>03\/11-<a href=\"https:\/\/mega.nz\/#F!7VRhjIqA!Jfv8LuT87DT9aoy3kFoDRA\">I Encontro de Acad\u00eamicos(as) Cotistas Negros(as)<\/a><\/p>\n<p>04\/11- <a href=\"https:\/\/mega.nz\/#F!PMxDBRwC!bUIjVqM48lvX8bxB4VNCNw\">Lan\u00e7amento dos Romances Vencedores do Pr\u00eamio Oliveira Silveira<\/a><\/p>\n<p>15\/12-<a href=\"https:\/\/mega.nz\/#F!KJZjlTxJ!rlr70_2PALdIFzkzvP8dZw\">Ciclo de Apresenta\u00e7\u00e3o de TCC-Extens\u00e3o intitulado &#8220;Legisla\u00e7\u00e3o Antirracismo e os Desafios para Implementa\u00e7\u00e3o de Pol\u00edticas Afirmativas no Amap\u00e1\u00a0<\/a><\/p>\n<p>&nbsp;<\/p>\n","protected":false},"excerpt":{"rendered":"<p>Os Certificados est\u00e3o dispon\u00edveis no link abaixo: 26\/01-Roda de Conversa intitulada &#8220;Juventude e Viol\u00eancia: debatendo a quest\u00e3o racial&#8221; 18\/03-Roda de Conversa sobre Intoler\u00e2ncia Religiosa no Amap\u00e1 25\/05-RODA DE CONVERSA SOBRE PATRIM\u00d4NIO CULTURAL 17\/06-Roda de Conversa sobre Marabaixo 1 a 30\/07-&hellip; <\/p>\n<p><a href=\"http:\/\/www2.unifap.br\/neab\/memorial\/certificados\/2016-2\/\" class=\"readmore-button\">Continue Reading<\/a><\/p>\n","protected":false},"author":869,"featured_media":0,"parent":35,"menu_order":0,"comment_status":"open","ping_status":"open","template":"","meta":{"inline_featured_image":false,"ngg_post_thumbnail":0,"footnotes":""},"class_list":["post-44","page","type-page","status-publish","hentry"],"_links":{"self":[{"href":"http:\/\/www2.unifap.br\/neab\/wp-json\/wp\/v2\/pages\/44","targetHints":{"allow":["GET"]}}],"collection":[{"href":"http:\/\/www2.unifap.br\/neab\/wp-json\/wp\/v2\/pages"}],"about":[{"href":"http:\/\/www2.unifap.br\/neab\/wp-json\/wp\/v2\/types\/page"}],"author":[{"embeddable":true,"href":"http:\/\/www2.unifap.br\/neab\/wp-json\/wp\/v2\/users\/869"}],"replies":[{"embeddable":true,"href":"http:\/\/www2.unifap.br\/neab\/wp-json\/wp\/v2\/comments?post=44"}],"version-history":[{"count":23,"href":"http:\/\/www2.unifap.br\/neab\/wp-json\/wp\/v2\/pages\/44\/revisions"}],"predecessor-version":[{"id":882,"href":"http:\/\/www2.unifap.br\/neab\/wp-json\/wp\/v2\/pages\/44\/revisions\/882"}],"up":[{"embeddable":true,"href":"http:\/\/www2.unifap.br\/neab\/wp-json\/wp\/v2\/pages\/35"}],"wp:attachment":[{"href":"http:\/\/www2.unifap.br\/neab\/wp-json\/wp\/v2\/media?parent=44"}],"curies":[{"name":"wp","href":"https:\/\/api.w.org\/{rel}","templated":true}]}}