{"id":104,"date":"2020-06-10T13:40:55","date_gmt":"2020-06-10T13:40:55","guid":{"rendered":"http:\/\/www2.unifap.br\/neamzg\/?page_id=104"},"modified":"2022-09-13T21:19:16","modified_gmt":"2022-09-13T21:19:16","slug":"publicacoes","status":"publish","type":"page","link":"http:\/\/www2.unifap.br\/neamzg\/publicacoes\/","title":{"rendered":"Publica\u00e7\u00f5es"},"content":{"rendered":"<p>NEA-UNIFAP\/MZG<\/p>\n<ul>\n<li>Artigos em peri\u00f3dicos<\/li>\n<li><a href=\"https:\/\/www2.unifap.br\/neamzg\/?page_id=333&amp;preview=true\">Fichas agroecol\u00f3gicas<\/a><\/li>\n<li><a href=\"https:\/\/www2.unifap.br\/neamzg\/?page_id=325&amp;preview=true\">Livros<\/a><\/li>\n<li>Projeto &#8220;As plantas dos nossos quintais&#8221;<\/li>\n<li><a href=\"https:\/\/www2.unifap.br\/neamzg\/eventos-cientificos\/\">Resumos em eventos cient\u00edficos&nbsp;<\/a><\/li>\n<li><a href=\"http:\/\/www2.unifap.br\/neamzg\/146-2\/\">Trabalhos de Conclus\u00e3o de Curso, Disserta\u00e7\u00f5es e Teses<\/a><\/li>\n<\/ul>\n<p>&nbsp;<\/p>\n<p>Organiza\u00e7\u00f5es parceiras<\/p>\n<ul>\n<li><a href=\"http:\/\/www2.unifap.br\/neamzg\/projeto-mercados-verdes-e-consumo-sustentavel\/\">Projeto Mercados Verdes e Consumo Sustent\u00e1vel<\/a><\/li>\n<\/ul>\n","protected":false},"excerpt":{"rendered":"<p>NEA-UNIFAP\/MZG Artigos em peri\u00f3dicos Fichas agroecol\u00f3gicas Livros Projeto &#8220;As plantas dos nossos quintais&#8221; Resumos em eventos cient\u00edficos&nbsp; Trabalhos de Conclus\u00e3o de Curso, Disserta\u00e7\u00f5es e Teses &nbsp; Organiza\u00e7\u00f5es parceiras Projeto Mercados Verdes e Consumo Sustent\u00e1vel<\/p>\n","protected":false},"author":2426,"featured_media":0,"parent":0,"menu_order":0,"comment_status":"closed","ping_status":"closed","template":"","meta":{"inline_featured_image":false,"ngg_post_thumbnail":0,"footnotes":""},"class_list":["post-104","page","type-page","status-publish","hentry"],"_links":{"self":[{"href":"http:\/\/www2.unifap.br\/neamzg\/wp-json\/wp\/v2\/pages\/104","targetHints":{"allow":["GET"]}}],"collection":[{"href":"http:\/\/www2.unifap.br\/neamzg\/wp-json\/wp\/v2\/pages"}],"about":[{"href":"http:\/\/www2.unifap.br\/neamzg\/wp-json\/wp\/v2\/types\/page"}],"author":[{"embeddable":true,"href":"http:\/\/www2.unifap.br\/neamzg\/wp-json\/wp\/v2\/users\/2426"}],"replies":[{"embeddable":true,"href":"http:\/\/www2.unifap.br\/neamzg\/wp-json\/wp\/v2\/comments?post=104"}],"version-history":[{"count":20,"href":"http:\/\/www2.unifap.br\/neamzg\/wp-json\/wp\/v2\/pages\/104\/revisions"}],"predecessor-version":[{"id":337,"href":"http:\/\/www2.unifap.br\/neamzg\/wp-json\/wp\/v2\/pages\/104\/revisions\/337"}],"wp:attachment":[{"href":"http:\/\/www2.unifap.br\/neamzg\/wp-json\/wp\/v2\/media?parent=104"}],"curies":[{"name":"wp","href":"https:\/\/api.w.org\/{rel}","templated":true}]}}