{"id":111,"date":"2020-06-10T14:35:58","date_gmt":"2020-06-10T14:35:58","guid":{"rendered":"http:\/\/www2.unifap.br\/neamzg\/?page_id=111"},"modified":"2021-10-12T22:33:37","modified_gmt":"2021-10-12T22:33:37","slug":"projeto-mercados-verdes-e-consumo-sustentavel","status":"publish","type":"page","link":"http:\/\/www2.unifap.br\/neamzg\/projeto-mercados-verdes-e-consumo-sustentavel\/","title":{"rendered":""},"content":{"rendered":"<div class=\"gs\">\n<div class=\"\">\n<div id=\":1c6\" class=\"ii gt\">\n<div id=\":194\" class=\"a3s aXjCH \">\n<div dir=\"ltr\">\n<div><a href=\"http:\/\/www2.unifap.br\/neamzg\/files\/2020\/06\/Caixa-de-Ferramentas-CapGest\u00e3o-G\u00eanero.pdf\">Caixa de ferramentas CapGest\u00e3o &#8211; G\u00eanero<\/a><\/div>\n<div>&nbsp;<\/div>\n<div><a href=\"http:\/\/www2.unifap.br\/neamzg\/files\/2020\/06\/Cat\u00e1logo-de-Fornecedores-de-Produtos-da-Sociobiodiversidade.pdf\">Cat\u00e1logo de fornecedores de produtos da sociobiodiversidade<\/a><\/div>\n<div>&nbsp;<\/div>\n<div><a href=\"http:\/\/www2.unifap.br\/neamzg\/files\/2020\/06\/Feiras-Org\u00e2nicas-e-Agroecol\u00f3gicas-da-Amaz\u00f4nia.pdf\">Feiras org\u00e2nicas e agroecol\u00f3gicas da Amaz\u00f4nia<\/a><\/div>\n<div>&nbsp;<\/div>\n<div><a href=\"http:\/\/www2.unifap.br\/neamzg\/files\/2020\/06\/guia-do-capacitador.pdf\">Guia do capacitador<\/a><\/div>\n<div>&nbsp;<\/div>\n<div><a href=\"http:\/\/www2.unifap.br\/neamzg\/files\/2020\/06\/Guia-DOP.pdf\">Guia &#8211; Desenvolvimento Organizacional Participativo<\/a><\/div>\n<div>&nbsp;<\/div>\n<div><a href=\"http:\/\/www2.unifap.br\/neamzg\/files\/2020\/06\/Guia-Metodol\u00f3gico-ATER-Mais-Gest\u00e3o.pdf\">Guia metodol\u00f3gico &#8211; ATER Mais Gest\u00e3o<\/a><\/div>\n<div>&nbsp;<\/div>\n<div><a href=\"http:\/\/www2.unifap.br\/neamzg\/files\/2020\/06\/Infografico-Empoderamento-Economico-das-Mulheres.pdf\">Infogr\u00e1fico G\u00eanero &#8211; Empoderamento econ\u00f4mico das mulheres<\/a><\/div>\n<div>&nbsp;<\/div>\n<div><a href=\"http:\/\/www2.unifap.br\/neamzg\/files\/2020\/06\/Infogr\u00e1fico-G\u00eanero-Alcan\u00e7ar-Beneficiar-Empoderar.pdf\">Infogr\u00e1fico G\u00eanero &#8211; Alcan\u00e7ar, beneficiar e empoderar<\/a><\/div>\n<div>&nbsp;<\/div>\n<div><a href=\"http:\/\/www2.unifap.br\/neamzg\/files\/2020\/06\/Livro-Receitas-Amaz\u00f4nia-\u00e0-Mesa.pdf\">Livro &#8211; Amaz\u00f4nia \u00e0 mesa<\/a><\/div>\n<div>&nbsp;<\/div>\n<div><a href=\"http:\/\/www2.unifap.br\/neamzg\/files\/2020\/06\/Manual-Vipp.pdf\">Manual de facilita\u00e7\u00e3o e visualiza\u00e7\u00e3o de processos participativos<\/a><\/div>\n<div>&nbsp;<\/div>\n<\/div>\n<\/div>\n<\/div>\n<div id=\":1hw\" class=\"hq gt\">\n<div id=\":1hx\" class=\"ho\">\n<div class=\"aZi J-J5-Ji\">\n<div id=\":1ij\" class=\"T-I J-J5-Ji aZj T-I-ax7 L3\" role=\"button\">\n<div class=\"asa\">\n<div class=\"XF T-I-J3 J-J5-Ji\">\n<div class=\"T-aT4\">\n<div><a href=\"http:\/\/www2.unifap.br\/neamzg\/files\/2020\/06\/Sintese-de-Diretrizes.pdf\">S\u00edntese das Diretrizes<\/a><\/div>\n<div class=\"T-aT4-JX\">&nbsp;<\/div>\n<\/div>\n<\/div>\n<\/div>\n<div class=\"a3I\">&nbsp;<\/div>\n<\/div>\n<\/div>\n<\/div>\n<div id=\":1hz\">&nbsp;<\/div>\n<div id=\":1hy\" class=\"aQH\">\n<div class=\"aZK\">&nbsp;<\/div>\n<\/div>\n<\/div>\n<div class=\"hi\">&nbsp;<\/div>\n<\/div>\n<\/div>\n","protected":false},"excerpt":{"rendered":"<p>Caixa de ferramentas CapGest\u00e3o &#8211; G\u00eanero &nbsp; Cat\u00e1logo de fornecedores de produtos da sociobiodiversidade &nbsp; Feiras org\u00e2nicas e agroecol\u00f3gicas da Amaz\u00f4nia &nbsp; Guia do capacitador &nbsp; Guia &#8211; Desenvolvimento Organizacional Participativo &nbsp; Guia metodol\u00f3gico &#8211; ATER Mais Gest\u00e3o &nbsp; Infogr\u00e1fico&hellip; <\/p>\n<p><a href=\"http:\/\/www2.unifap.br\/neamzg\/projeto-mercados-verdes-e-consumo-sustentavel\/\" class=\"readmore-button\">Continue Reading<\/a><\/p>\n","protected":false},"author":2426,"featured_media":0,"parent":0,"menu_order":0,"comment_status":"closed","ping_status":"closed","template":"","meta":{"inline_featured_image":false,"ngg_post_thumbnail":0,"footnotes":""},"class_list":["post-111","page","type-page","status-publish","hentry"],"_links":{"self":[{"href":"http:\/\/www2.unifap.br\/neamzg\/wp-json\/wp\/v2\/pages\/111","targetHints":{"allow":["GET"]}}],"collection":[{"href":"http:\/\/www2.unifap.br\/neamzg\/wp-json\/wp\/v2\/pages"}],"about":[{"href":"http:\/\/www2.unifap.br\/neamzg\/wp-json\/wp\/v2\/types\/page"}],"author":[{"embeddable":true,"href":"http:\/\/www2.unifap.br\/neamzg\/wp-json\/wp\/v2\/users\/2426"}],"replies":[{"embeddable":true,"href":"http:\/\/www2.unifap.br\/neamzg\/wp-json\/wp\/v2\/comments?post=111"}],"version-history":[{"count":8,"href":"http:\/\/www2.unifap.br\/neamzg\/wp-json\/wp\/v2\/pages\/111\/revisions"}],"predecessor-version":[{"id":163,"href":"http:\/\/www2.unifap.br\/neamzg\/wp-json\/wp\/v2\/pages\/111\/revisions\/163"}],"wp:attachment":[{"href":"http:\/\/www2.unifap.br\/neamzg\/wp-json\/wp\/v2\/media?parent=111"}],"curies":[{"name":"wp","href":"https:\/\/api.w.org\/{rel}","templated":true}]}}