{"id":146,"date":"2020-06-10T16:04:30","date_gmt":"2020-06-10T16:04:30","guid":{"rendered":"http:\/\/www2.unifap.br\/neamzg\/?page_id=146"},"modified":"2021-10-12T22:33:50","modified_gmt":"2021-10-12T22:33:50","slug":"146-2","status":"publish","type":"page","link":"http:\/\/www2.unifap.br\/neamzg\/146-2\/","title":{"rendered":""},"content":{"rendered":"<p>Trabalhos de Conclus\u00e3o de Curso<\/p>\n<p>&nbsp;<\/p>\n<p>Disserta\u00e7\u00f5es<\/p>\n<p>&nbsp;<\/p>\n<p>Teses<\/p>\n<p><a href=\"http:\/\/www2.unifap.br\/neamzg\/files\/2020\/06\/PAULA-FILHO-G.-X.-PLANTAS-ALIMENT\u00cdCIAS-N\u00c3O-CONVENCIONAIS-DA-RESERVA-EXTRATIVISTA-RIO-CAJARI-AMAP\u00c1.pdf\">PAULA FILHO, G. X. &#8211; PLANTAS ALIMENT\u00cdCIAS N\u00c3O CONVENCIONAIS DA RESERVA EXTRATIVISTA RIO CAJARI, AMAP\u00c1<\/a><\/p>\n","protected":false},"excerpt":{"rendered":"<p>Trabalhos de Conclus\u00e3o de Curso &nbsp; Disserta\u00e7\u00f5es &nbsp; Teses PAULA FILHO, G. X. &#8211; PLANTAS ALIMENT\u00cdCIAS N\u00c3O CONVENCIONAIS DA RESERVA EXTRATIVISTA RIO CAJARI, AMAP\u00c1<\/p>\n","protected":false},"author":2426,"featured_media":0,"parent":0,"menu_order":0,"comment_status":"closed","ping_status":"closed","template":"","meta":{"inline_featured_image":false,"ngg_post_thumbnail":0,"footnotes":""},"class_list":["post-146","page","type-page","status-publish","hentry"],"_links":{"self":[{"href":"http:\/\/www2.unifap.br\/neamzg\/wp-json\/wp\/v2\/pages\/146","targetHints":{"allow":["GET"]}}],"collection":[{"href":"http:\/\/www2.unifap.br\/neamzg\/wp-json\/wp\/v2\/pages"}],"about":[{"href":"http:\/\/www2.unifap.br\/neamzg\/wp-json\/wp\/v2\/types\/page"}],"author":[{"embeddable":true,"href":"http:\/\/www2.unifap.br\/neamzg\/wp-json\/wp\/v2\/users\/2426"}],"replies":[{"embeddable":true,"href":"http:\/\/www2.unifap.br\/neamzg\/wp-json\/wp\/v2\/comments?post=146"}],"version-history":[{"count":2,"href":"http:\/\/www2.unifap.br\/neamzg\/wp-json\/wp\/v2\/pages\/146\/revisions"}],"predecessor-version":[{"id":154,"href":"http:\/\/www2.unifap.br\/neamzg\/wp-json\/wp\/v2\/pages\/146\/revisions\/154"}],"wp:attachment":[{"href":"http:\/\/www2.unifap.br\/neamzg\/wp-json\/wp\/v2\/media?parent=146"}],"curies":[{"name":"wp","href":"https:\/\/api.w.org\/{rel}","templated":true}]}}