{"id":15,"date":"2018-09-28T23:17:28","date_gmt":"2018-09-28T23:17:28","guid":{"rendered":"http:\/\/www2.unifap.br\/neamzg\/?page_id=15"},"modified":"2021-10-12T22:34:10","modified_gmt":"2021-10-12T22:34:10","slug":"apresentacao","status":"publish","type":"page","link":"http:\/\/www2.unifap.br\/neamzg\/apresentacao\/","title":{"rendered":"Apresenta\u00e7\u00e3o"},"content":{"rendered":"<p align=\"center\"><b>N\u00facleo de Estudo em Agroecologia e Produ\u00e7\u00e3o Org\u00e2nica da Universidade Federal do Amap\u00e1 \u2013&nbsp;<i>Campus<\/i>&nbsp;Mazag\u00e3o (NEA \u2013 UNIFAP\/MZG)<\/b><\/p>\n<p align=\"center\"><i>&nbsp;<\/i><\/p>\n<p>O&nbsp;<i>Campus&nbsp;<\/i>da UNIFAP, no munic\u00edpio de Mazag\u00e3o, sedia o N\u00facleo de Estudo em Agroecologia e Produ\u00e7\u00e3o Org\u00e2nica da Universidade Federal do Amap\u00e1 \u2013&nbsp;<i>Campus<\/i>&nbsp;Mazag\u00e3o (NEA \u2013 UNIFAP\/MZG). Este n\u00facleo resulta da parceria entre um grupo de docentes da UNIFAP\/MZG com pesquisadores da Empresa Brasileira de Pesquisa Agropecu\u00e1ria do Amap\u00e1 (Embrapa Amap\u00e1) e do Instituto Federal do Amap\u00e1 (IFAP) , que realizam atividades de forma multidisciplinar voltadas para a agroecologia e a produ\u00e7\u00e3o org\u00e2nica. O N\u00facleo desenvolve a\u00e7\u00f5es integradas de ensino, pesquisa e extens\u00e3o junto a agricultores familiares e popula\u00e7\u00f5es tradicionais do Territ\u00f3rio Sul do Estado do Amap\u00e1, mais precisamente nos munic\u00edpios de Mazag\u00e3o, Laranjal do Jari e Vit\u00f3ria do Jari.<\/p>\n<p>A cria\u00e7\u00e3o do NEA \u2013 UNIFAP\/MZG foi poss\u00edvel atrav\u00e9s de Chamada P\u00fablica do CNPq, Edital N. 21\/2016, que disponibilizou recursos de custeio, capital e para sele\u00e7\u00e3o de bolsistas. O N\u00facleo tamb\u00e9m tem apoio financeiro da Funda\u00e7\u00e3o de Amparo \u00e0 Pesquisa do Amap\u00e1 (Programa Rede Ci\u00eancias \u2013 Edital N. 006\/2017), da Pr\u00f3-Reitoria de Pesquisa e P\u00f3s-Gradua\u00e7\u00e3o da UNIFAP (Programa de Aux\u00edlio ao Pesquisador \u2013 Edital N. 14\/2017; Programa de Inicia\u00e7\u00e3o Cient\u00edfica \u2013 Edital N. 09\/2017) e da Pr\u00f3-Reitoria de Extens\u00e3o e A\u00e7\u00f5es Comunit\u00e1rias (Programa Institucional&nbsp; de Bolsas \u00e0 Extens\u00e3o Universit\u00e1ria \u2013 Edital N. 27\/2017; Edital N. 001\/2019).<\/p>\n<p>Al\u00e9m UNIFAP\/Mazag\u00e3o, Embrapa Amap\u00e1 e IFAP, h\u00e1 parceria com outras institui\u00e7\u00f5es, como Instituto Chico Mendes de Conserva\u00e7\u00e3o da Biodiversidade (ICMBio), Instituto de Desenvolvimento Rural do Amap\u00e1 (RURAP), Instituto de Pesquisas Cient\u00edficas e Tecnol\u00f3gicas do Estado do Amap\u00e1 (IEPA) e organiza\u00e7\u00f5es de agricultores familiares e extrativistas do sul do Amap\u00e1.<\/p>\n<p>As a\u00e7\u00f5es desenvolvidas pelo NEA \u2013 UNIFAP\/MZG s\u00e3o articuladas em dois eixos principais:<\/p>\n<p><b>1 \u2013 Educa\u00e7\u00e3o ambiental:<\/b>&nbsp;consiste em atividades de ensino e de extens\u00e3o por meio, principalmente, de cursos, oficinas e palestras sobre poliniza\u00e7\u00e3o; meliponicultura; plantas medicinais; plantas aliment\u00edcias n\u00e3o convencionais (PANC); associativismo e cooperativismo; sistemas agroflorestais (SAF); cria\u00e7\u00e3o org\u00e2nica de frangos e galinhas de postura caipiras; t\u00e9cnicas de fotografia, filmagem, edi\u00e7\u00e3o e montagem de exposi\u00e7\u00e3o itinerantes de fotos e v\u00eddeos; e realiza\u00e7\u00e3o de diagn\u00f3sticos participativos.<\/p>\n<p><b>2 \u2013 Produ\u00e7\u00e3o vegetal e animal na perspectiva agroecol\u00f3gica:<\/b>&nbsp;consiste em atividades de pesquisa e de extens\u00e3o visando a implanta\u00e7\u00e3o de viveiro para produ\u00e7\u00e3o e distribui\u00e7\u00e3o de mudas de esp\u00e9cies frut\u00edferas, melit\u00f3filas, medicinais e PANC; implementa\u00e7\u00e3o de bancos comunit\u00e1rios de sementes crioulas; oficina sobre produ\u00e7\u00e3o integrada em sistema de aquaponia; introdu\u00e7\u00e3o de caixas de abelha sem ferr\u00e3o; implanta\u00e7\u00e3o de unidade produtiva de aves caipiras org\u00e2nicas; dia de campo sobre cria\u00e7\u00e3o de frangos caipiras org\u00e2nicos; curso de implanta\u00e7\u00e3o e manejo de sistemas de irriga\u00e7\u00e3o de baixo custo; levantamento de dados para a identifica\u00e7\u00e3o do perfil socioecon\u00f4mico do agricultor familiar; e cria\u00e7\u00e3o de uma comiss\u00e3o de produ\u00e7\u00e3o org\u00e2nica na regi\u00e3o.<\/p>\n<p>As atividades s\u00e3o direcionadas, principalmente, para agentes de Assist\u00eancia T\u00e9cnica e Extens\u00e3o Rural, discentes e docentes de Escolas Fam\u00edlia Agr\u00edcola, discentes e docentes de gradua\u00e7\u00e3o da UNIFAP\/Mazag\u00e3o, agricultores familiares e extrativistas do sul do Amap\u00e1.<\/p>\n<p>Do ponto de vista da produ\u00e7\u00e3o acad\u00eamica, foram desenvolvidas teses junto \u00e0s atividades do N\u00facleo e monografias, produzidas por meio dos trabalhos de Inicia\u00e7\u00e3o Cient\u00edfica de alunos de gradua\u00e7\u00e3o do Curso de Educa\u00e7\u00e3o do Campo &#8211; Ci\u00eancias Agr\u00e1rias e Biologia. O NEA \u2013 UNIFAP\/MZG dispunha de planejamento para o bi\u00eanio 2018 e 2019, que foi prorrogado at\u00e9 outubro de 2020 pelo CNPq. Ao final desse per\u00edodo, ser\u00e3o avaliadas as atividades realizadas e uma nova etapa e conjunto de a\u00e7\u00f5es poder\u00e3o ser elaboradas, a depender de v\u00e1rios fatores, principalmente das demandas levantadas neste tri\u00eanio e da disponibilidade or\u00e7ament\u00e1ria para a realiza\u00e7\u00e3o de novas atividades.<\/p>\n<p>O professor Galdino Xavier, docente da UNIFAP \u2013&nbsp;<i>Campus&nbsp;<\/i>Mazag\u00e3o, responde pela coordena\u00e7\u00e3o do NEA \u2013 UNIFAP\/MZG. Informa\u00e7\u00f5es sobre as atividades e demais eventos do N\u00facleo podem ser obtidas pelo e-mail &lt;neaunifapmzg@gmail.com&gt;, Facebook (NEA &#8211; UNIFAP\/Mzg) ou diretamente junto ao coordenador (&lt;galdinoxpf@gmail.com&gt;; (31) 9 9924 4255).&nbsp;<\/p>\n","protected":false},"excerpt":{"rendered":"<p>N\u00facleo de Estudo em Agroecologia e Produ\u00e7\u00e3o Org\u00e2nica da Universidade Federal do Amap\u00e1 \u2013&nbsp;Campus&nbsp;Mazag\u00e3o (NEA \u2013 UNIFAP\/MZG) &nbsp; O&nbsp;Campus&nbsp;da UNIFAP, no munic\u00edpio de Mazag\u00e3o, sedia o N\u00facleo de Estudo em Agroecologia e Produ\u00e7\u00e3o Org\u00e2nica da Universidade Federal do Amap\u00e1 \u2013&nbsp;Campus&nbsp;Mazag\u00e3o&hellip; <\/p>\n<p><a href=\"http:\/\/www2.unifap.br\/neamzg\/apresentacao\/\" class=\"readmore-button\">Continue Reading<\/a><\/p>\n","protected":false},"author":2426,"featured_media":0,"parent":0,"menu_order":0,"comment_status":"closed","ping_status":"closed","template":"","meta":{"inline_featured_image":false,"ngg_post_thumbnail":0,"footnotes":""},"class_list":["post-15","page","type-page","status-publish","hentry"],"_links":{"self":[{"href":"http:\/\/www2.unifap.br\/neamzg\/wp-json\/wp\/v2\/pages\/15","targetHints":{"allow":["GET"]}}],"collection":[{"href":"http:\/\/www2.unifap.br\/neamzg\/wp-json\/wp\/v2\/pages"}],"about":[{"href":"http:\/\/www2.unifap.br\/neamzg\/wp-json\/wp\/v2\/types\/page"}],"author":[{"embeddable":true,"href":"http:\/\/www2.unifap.br\/neamzg\/wp-json\/wp\/v2\/users\/2426"}],"replies":[{"embeddable":true,"href":"http:\/\/www2.unifap.br\/neamzg\/wp-json\/wp\/v2\/comments?post=15"}],"version-history":[{"count":4,"href":"http:\/\/www2.unifap.br\/neamzg\/wp-json\/wp\/v2\/pages\/15\/revisions"}],"predecessor-version":[{"id":217,"href":"http:\/\/www2.unifap.br\/neamzg\/wp-json\/wp\/v2\/pages\/15\/revisions\/217"}],"wp:attachment":[{"href":"http:\/\/www2.unifap.br\/neamzg\/wp-json\/wp\/v2\/media?parent=15"}],"curies":[{"name":"wp","href":"https:\/\/api.w.org\/{rel}","templated":true}]}}