{"id":17,"date":"2018-09-28T23:26:16","date_gmt":"2018-09-28T23:26:16","guid":{"rendered":"http:\/\/www2.unifap.br\/neamzg\/?page_id=17"},"modified":"2022-02-05T18:03:37","modified_gmt":"2022-02-05T18:03:37","slug":"equipe","status":"publish","type":"page","link":"http:\/\/www2.unifap.br\/neamzg\/equipe\/","title":{"rendered":"Equipe"},"content":{"rendered":"<p><strong>COORDENADOR<\/strong><\/p>\n<p>Dr. Galdino de Paula Filho<\/p>\n<p><strong>PESQUISADORES<\/strong><\/p>\n<p>Ma. Ana Karolina Pedrada<\/p>\n<p>Dra. D\u00e9bora Mendes<\/p>\n<p>Me. Dem\u00f3sthenes da Silva<\/p>\n<p>Dr. Fl\u00e1vio Costa<\/p>\n<p>Dr. Janivan Suassuna<\/p>\n<p>Dra. Kalyne Brito<\/p>\n<p>Me. Marlo dos Reis<\/p>\n<p>Dra. Mellissa Sobrinho<\/p>\n<p>Dr. Wardsson Borges<\/p>\n<p><strong>DISCENTES<\/strong><\/p>\n<p>Adivair Ribeiro (egresso)<\/p>\n<p>Alcidete Moraes (egressa)<\/p>\n<p>Ana Paula Malheiros<\/p>\n<p>Ang\u00e9lica da Costa (egressa)<\/p>\n<p>Cleicydalva Ataide<\/p>\n<p>Daniele da Costa (egressa)<\/p>\n<p>Francisco Malheiros (egresso)<\/p>\n<p>Ivan Reis<\/p>\n<p>Jess\u00e9 Valente Salgado (egresso)<\/p>\n<p>Jo\u00e1z Braz\u00e3o Vaz (egresso)<\/p>\n<p>Miquias dos Reis (egresso)<\/p>\n<p>Ranicley Sousa Jardim (egresso)<\/p>\n<p>Rog\u00e9rio dos Santos (egresso)<\/p>\n<p>Sirlany Brand\u00e3o Chucre (egressa)<\/p>\n<p>Willis Freitas Penha (egresso)<\/p>\n<p>Zenaide Teles (egressa)&nbsp;<\/p>\n","protected":false},"excerpt":{"rendered":"<p>COORDENADOR Dr. Galdino de Paula Filho PESQUISADORES Ma. Ana Karolina Pedrada Dra. D\u00e9bora Mendes Me. Dem\u00f3sthenes da Silva Dr. Fl\u00e1vio Costa Dr. Janivan Suassuna Dra. Kalyne Brito Me. Marlo dos Reis Dra. Mellissa Sobrinho Dr. Wardsson Borges DISCENTES Adivair Ribeiro&hellip; <\/p>\n<p><a href=\"http:\/\/www2.unifap.br\/neamzg\/equipe\/\" class=\"readmore-button\">Continue Reading<\/a><\/p>\n","protected":false},"author":2426,"featured_media":0,"parent":0,"menu_order":0,"comment_status":"closed","ping_status":"closed","template":"","meta":{"inline_featured_image":false,"ngg_post_thumbnail":0,"footnotes":""},"class_list":["post-17","page","type-page","status-publish","hentry"],"_links":{"self":[{"href":"http:\/\/www2.unifap.br\/neamzg\/wp-json\/wp\/v2\/pages\/17","targetHints":{"allow":["GET"]}}],"collection":[{"href":"http:\/\/www2.unifap.br\/neamzg\/wp-json\/wp\/v2\/pages"}],"about":[{"href":"http:\/\/www2.unifap.br\/neamzg\/wp-json\/wp\/v2\/types\/page"}],"author":[{"embeddable":true,"href":"http:\/\/www2.unifap.br\/neamzg\/wp-json\/wp\/v2\/users\/2426"}],"replies":[{"embeddable":true,"href":"http:\/\/www2.unifap.br\/neamzg\/wp-json\/wp\/v2\/comments?post=17"}],"version-history":[{"count":15,"href":"http:\/\/www2.unifap.br\/neamzg\/wp-json\/wp\/v2\/pages\/17\/revisions"}],"predecessor-version":[{"id":294,"href":"http:\/\/www2.unifap.br\/neamzg\/wp-json\/wp\/v2\/pages\/17\/revisions\/294"}],"wp:attachment":[{"href":"http:\/\/www2.unifap.br\/neamzg\/wp-json\/wp\/v2\/media?parent=17"}],"curies":[{"name":"wp","href":"https:\/\/api.w.org\/{rel}","templated":true}]}}