{"id":183,"date":"2020-09-07T19:48:43","date_gmt":"2020-09-07T19:48:43","guid":{"rendered":"http:\/\/www2.unifap.br\/neamzg\/?page_id=183"},"modified":"2022-02-05T16:49:23","modified_gmt":"2022-02-05T16:49:23","slug":"dialogos","status":"publish","type":"page","link":"http:\/\/www2.unifap.br\/neamzg\/dialogos\/","title":{"rendered":"Di\u00e1logos em Agroecologia"},"content":{"rendered":"<p>Di\u00e1logos em Agroecologia &#8211; 19\/08\/2020 &#8211; \u201cA\u00e7\u00f5es do N\u00facleo de Estudo em Agroecologia e Produ\u00e7\u00e3o Org\u00e2nica da UNIFAP\/<em>Campus<\/em>&nbsp;Mazag\u00e3o\u201d<\/p>\n<p>https:\/\/www.facebook.com\/100472925068929\/videos\/312538799800646<\/p>\n<p>&nbsp;<\/p>\n<p>Di\u00e1logos em Agroecologia &#8211; 26\/08\/2020 &#8211; \u201cAgroecologia, movimentos sociais, organiza\u00e7\u00f5es comunit\u00e1rias e desenvolvimento territorial\u201d<\/p>\n<p>https:\/\/www.facebook.com\/100472925068929\/videos\/332609197925472<\/p>\n<p>&nbsp;<\/p>\n<p>Di\u00e1logos em Agroecologia &#8211; 02\/09\/2020 &#8211; \u201cPANC e plantas medicinais da RESEX Rio Cajari \u2013 AP: biodiversidade e seguran\u00e7a alimentar\u201d<\/p>\n<p>https:\/\/www.facebook.com\/100472925068929\/videos\/233248024736434<\/p>\n<p>&nbsp;<\/p>\n<p>Di\u00e1logos em Agroecologia &#8211; 09\/09\/2020 &#8211; \u201cJuventude da floresta: protagonismo e projeto de vida&#8221;<\/p>\n<p>https:\/\/www.facebook.com\/100472925068929\/videos\/398905331107270<\/p>\n<p>&nbsp;<\/p>\n<p>Di\u00e1logos em Agroecologia &#8211; 16\/09\/2020 &#8211; \u201cIntera\u00e7\u00f5es e sustentabilidade em sistemas agroflorestais (SAFs)\u201d<\/p>\n<p>https:\/\/www.facebook.com\/100472925068929\/videos\/351276729345524<\/p>\n<p>&nbsp;<\/p>\n<p>Di\u00e1logos em Agroecologia &#8211; 23\/09\/2020 &#8211; \u201cPRONERA: reflex\u00f5es sobre uma pol\u00edtica de educa\u00e7\u00e3o do campo\u201d<\/p>\n<p>https:\/\/www.facebook.com\/100472925068929\/videos\/806595903420905<\/p>\n<p>&nbsp;<\/p>\n<p>Di\u00e1logos em Agroecologia &#8211; 30\/09\/2020 &#8211; \u201cEstrat\u00e9gias de comercializa\u00e7\u00e3o dos horticultores de Macap\u00e1 e regi\u00e3o em tempos de pandemia&#8221;<\/p>\n<p>https:\/\/www.facebook.com\/100472925068929\/videos\/263925518129133<\/p>\n<p>&nbsp;<\/p>\n<p>Di\u00e1logos em Agroecologia &#8211; 07\/10\/2020 &#8211; \u201cAgricultura Familiar x Agroneg\u00f3cio: disputas socioterritoriais no Amap\u00e1&#8221;<\/p>\n<p>https:\/\/www.facebook.com\/100472925068929\/videos\/1251571391845499<\/p>\n<p>&nbsp;<\/p>\n<p>Di\u00e1logos em Agroecologia &#8211; 14\/10\/2020 &#8211; \u201cAgroecologia como base para a forma\u00e7\u00e3o de jovens das Escolas do Campo\u201d<\/p>\n<p>https:\/\/www.facebook.com\/100472925068929\/videos\/628289584508703<\/p>\n<p>&nbsp;<\/p>\n<p>Di\u00e1logos em Agroecologia &#8211; 21\/10\/2020 &#8211; \u201cCadeias de produtos da Sociobiodiversidade do Amap\u00e1 no contexto da Pandemia Covid-19&#8243;<\/p>\n<p>https:\/\/www.facebook.com\/100472925068929\/videos\/841837746621431<\/p>\n<p>&nbsp;<\/p>\n<p>Di\u00e1logos em Agroecologia &#8211; 28\/10\/2020 &#8211; \u201cAgroecologia com Crian\u00e7as em Escolas P\u00fablicas&#8221;<\/p>\n<p><a href=\"https:\/\/www.facebook.com\/100472925068929\/videos\/352399479326904\">https:\/\/www.facebook.com\/100472925068929\/videos\/352399479326904<\/a><\/p>\n<p>&nbsp;<\/p>\n<p>&nbsp;<\/p>\n","protected":false},"excerpt":{"rendered":"<p>Di\u00e1logos em Agroecologia &#8211; 19\/08\/2020 &#8211; \u201cA\u00e7\u00f5es do N\u00facleo de Estudo em Agroecologia e Produ\u00e7\u00e3o Org\u00e2nica da UNIFAP\/Campus&nbsp;Mazag\u00e3o\u201d https:\/\/www.facebook.com\/100472925068929\/videos\/312538799800646 &nbsp; Di\u00e1logos em Agroecologia &#8211; 26\/08\/2020 &#8211; \u201cAgroecologia, movimentos sociais, organiza\u00e7\u00f5es comunit\u00e1rias e desenvolvimento territorial\u201d https:\/\/www.facebook.com\/100472925068929\/videos\/332609197925472 &nbsp; Di\u00e1logos em Agroecologia &#8211;&hellip; <\/p>\n<p><a href=\"http:\/\/www2.unifap.br\/neamzg\/dialogos\/\" class=\"readmore-button\">Continue Reading<\/a><\/p>\n","protected":false},"author":2426,"featured_media":0,"parent":0,"menu_order":0,"comment_status":"closed","ping_status":"closed","template":"","meta":{"inline_featured_image":false,"ngg_post_thumbnail":0,"footnotes":""},"class_list":["post-183","page","type-page","status-publish","hentry"],"_links":{"self":[{"href":"http:\/\/www2.unifap.br\/neamzg\/wp-json\/wp\/v2\/pages\/183","targetHints":{"allow":["GET"]}}],"collection":[{"href":"http:\/\/www2.unifap.br\/neamzg\/wp-json\/wp\/v2\/pages"}],"about":[{"href":"http:\/\/www2.unifap.br\/neamzg\/wp-json\/wp\/v2\/types\/page"}],"author":[{"embeddable":true,"href":"http:\/\/www2.unifap.br\/neamzg\/wp-json\/wp\/v2\/users\/2426"}],"replies":[{"embeddable":true,"href":"http:\/\/www2.unifap.br\/neamzg\/wp-json\/wp\/v2\/comments?post=183"}],"version-history":[{"count":14,"href":"http:\/\/www2.unifap.br\/neamzg\/wp-json\/wp\/v2\/pages\/183\/revisions"}],"predecessor-version":[{"id":260,"href":"http:\/\/www2.unifap.br\/neamzg\/wp-json\/wp\/v2\/pages\/183\/revisions\/260"}],"wp:attachment":[{"href":"http:\/\/www2.unifap.br\/neamzg\/wp-json\/wp\/v2\/media?parent=183"}],"curies":[{"name":"wp","href":"https:\/\/api.w.org\/{rel}","templated":true}]}}