{"id":266,"date":"2022-02-05T17:07:25","date_gmt":"2022-02-05T17:07:25","guid":{"rendered":"http:\/\/www2.unifap.br\/neamzg\/?page_id=266"},"modified":"2022-09-13T19:36:59","modified_gmt":"2022-09-13T19:36:59","slug":"meliponario-pibex2020","status":"publish","type":"page","link":"http:\/\/www2.unifap.br\/neamzg\/meliponario-pibex2020\/","title":{"rendered":"Melipon\u00e1rio NEA-UNIFAP\/MZG: da universidade para as escolas do campo"},"content":{"rendered":"<p style=\"text-align: left\">O projeto &#8221; Melipon\u00e1rio NEA-UNIFAP\/MZG: da universidade para as escolas do campo&#8221; teve por objetivo geral divulgar conhecimentos cient\u00edficos sobre abelhas sem ferr\u00e3o e sua cria\u00e7\u00e3o racional a alunos do Ensino Fundamental I de escolas do campo, buscando popularizar o conhecimento acad\u00eamico, promover a educa\u00e7\u00e3o ambiental e conscientizar para a conserva\u00e7\u00e3o do meio ambiente e de seus recursos naturais. Cadastrado no Departamento de Extens\u00e3o da Universidade Federal do Amap\u00e1 (PJ013-2021), foi contemplado com duas bolsas no edital PIBEX 2020 (Edital n. 06\/2020 &#8211; DEX\/PROEAC &#8211; bolsas de extens\u00e3o para o Campus Mazag\u00e3o), disponibilizadas aos discentes do Curso de Educa\u00e7\u00e3o do Campo, Cleicydalva Ataide e Ivan Reis, orientados pela coordenadora do projeto, a pesquisadora do NEA-UNIFAP\/MZG e docente da LEdoC\/MZG, Mellissa Sobrinho.<\/p>\n<p>Alguns dos produtos deste projeto est\u00e3o aqui disponibilizados:<\/p>\n<ul>\n<li><a href=\"https:\/\/edicoes.uerr.edu.br\/index.php\/inicio\/catalog\/book\/61\">Livro<\/a> &#8211; &#8220;Posso criar abelha, m\u00e3e?&#8221;<\/li>\n<li><a href=\"http:\/\/www2.unifap.br\/neamzg\/videos-pibex-2020\/\">V\u00eddeos PIBEX 2020<\/a> &#8211; explicativos sobre o conte\u00fado do livro &#8220;Posso criar abelha, m\u00e3e?&#8221;&nbsp;<\/li>\n<\/ul>\n","protected":false},"excerpt":{"rendered":"<p>O projeto &#8221; Melipon\u00e1rio NEA-UNIFAP\/MZG: da universidade para as escolas do campo&#8221; teve por objetivo geral divulgar conhecimentos cient\u00edficos sobre abelhas sem ferr\u00e3o e sua cria\u00e7\u00e3o racional a alunos do Ensino Fundamental I de escolas do campo, buscando popularizar o&hellip; <\/p>\n<p><a href=\"http:\/\/www2.unifap.br\/neamzg\/meliponario-pibex2020\/\" class=\"readmore-button\">Continue Reading<\/a><\/p>\n","protected":false},"author":2426,"featured_media":0,"parent":0,"menu_order":0,"comment_status":"closed","ping_status":"closed","template":"","meta":{"inline_featured_image":false,"ngg_post_thumbnail":0,"footnotes":""},"class_list":["post-266","page","type-page","status-publish","hentry"],"_links":{"self":[{"href":"http:\/\/www2.unifap.br\/neamzg\/wp-json\/wp\/v2\/pages\/266","targetHints":{"allow":["GET"]}}],"collection":[{"href":"http:\/\/www2.unifap.br\/neamzg\/wp-json\/wp\/v2\/pages"}],"about":[{"href":"http:\/\/www2.unifap.br\/neamzg\/wp-json\/wp\/v2\/types\/page"}],"author":[{"embeddable":true,"href":"http:\/\/www2.unifap.br\/neamzg\/wp-json\/wp\/v2\/users\/2426"}],"replies":[{"embeddable":true,"href":"http:\/\/www2.unifap.br\/neamzg\/wp-json\/wp\/v2\/comments?post=266"}],"version-history":[{"count":9,"href":"http:\/\/www2.unifap.br\/neamzg\/wp-json\/wp\/v2\/pages\/266\/revisions"}],"predecessor-version":[{"id":323,"href":"http:\/\/www2.unifap.br\/neamzg\/wp-json\/wp\/v2\/pages\/266\/revisions\/323"}],"wp:attachment":[{"href":"http:\/\/www2.unifap.br\/neamzg\/wp-json\/wp\/v2\/media?parent=266"}],"curies":[{"name":"wp","href":"https:\/\/api.w.org\/{rel}","templated":true}]}}