{"id":275,"date":"2022-02-05T17:33:03","date_gmt":"2022-02-05T17:33:03","guid":{"rendered":"http:\/\/www2.unifap.br\/neamzg\/?page_id=275"},"modified":"2022-02-05T17:55:01","modified_gmt":"2022-02-05T17:55:01","slug":"videos-pibex-2020","status":"publish","type":"page","link":"http:\/\/www2.unifap.br\/neamzg\/videos-pibex-2020\/","title":{"rendered":"V\u00eddeos PIBEX 2020"},"content":{"rendered":"<p><strong>V\u00eddeos explicativos do conte\u00fado da cartilha &#8220;Posso criar abelha, m\u00e3e?&#8221;.<\/strong><\/p>\n<p>Para mais informa\u00e7\u00f5es: <a href=\"http:\/\/www2.unifap.br\/neamzg\/meliponario-pibex2020\/\">www2.unifap.br\/neamzg\/meliponario-pibex2020\/<\/a><\/p>\n<p>&nbsp;<\/p>\n<div style=\"width: 640px;\" class=\"wp-video\"><!--[if lt IE 9]><script>document.createElement('video');<\/script><![endif]-->\n<video class=\"wp-video-shortcode\" id=\"video-275-1\" width=\"640\" height=\"358\" preload=\"metadata\" controls=\"controls\"><source type=\"video\/mp4\" src=\"http:\/\/www2.unifap.br\/neamzg\/files\/2022\/02\/V\u00eddeo-1.mp4?_=1\" \/><a href=\"http:\/\/www2.unifap.br\/neamzg\/files\/2022\/02\/V\u00eddeo-1.mp4\">http:\/\/www2.unifap.br\/neamzg\/files\/2022\/02\/V\u00eddeo-1.mp4<\/a><\/video><\/div>\n<p>&nbsp;<\/p>\n<div style=\"width: 640px;\" class=\"wp-video\"><video class=\"wp-video-shortcode\" id=\"video-275-2\" width=\"640\" height=\"277\" preload=\"metadata\" controls=\"controls\"><source type=\"video\/mp4\" src=\"http:\/\/www2.unifap.br\/neamzg\/files\/2022\/02\/V\u00eddeo-2.mp4?_=2\" \/><a href=\"http:\/\/www2.unifap.br\/neamzg\/files\/2022\/02\/V\u00eddeo-2.mp4\">http:\/\/www2.unifap.br\/neamzg\/files\/2022\/02\/V\u00eddeo-2.mp4<\/a><\/video><\/div>\n<p>&nbsp;<\/p>\n<div style=\"width: 640px;\" class=\"wp-video\"><video class=\"wp-video-shortcode\" id=\"video-275-3\" width=\"640\" height=\"358\" preload=\"metadata\" controls=\"controls\"><source type=\"video\/mp4\" src=\"http:\/\/www2.unifap.br\/neamzg\/files\/2022\/02\/V\u00eddeo-3.mp4?_=3\" \/><a href=\"http:\/\/www2.unifap.br\/neamzg\/files\/2022\/02\/V\u00eddeo-3.mp4\">http:\/\/www2.unifap.br\/neamzg\/files\/2022\/02\/V\u00eddeo-3.mp4<\/a><\/video><\/div>\n<p>&nbsp;<\/p>\n<div style=\"width: 640px;\" class=\"wp-video\"><video class=\"wp-video-shortcode\" id=\"video-275-4\" width=\"640\" height=\"277\" preload=\"metadata\" controls=\"controls\"><source type=\"video\/mp4\" src=\"http:\/\/www2.unifap.br\/neamzg\/files\/2022\/02\/V\u00eddeo-4.mp4?_=4\" \/><a href=\"http:\/\/www2.unifap.br\/neamzg\/files\/2022\/02\/V\u00eddeo-4.mp4\">http:\/\/www2.unifap.br\/neamzg\/files\/2022\/02\/V\u00eddeo-4.mp4<\/a><\/video><\/div>\n<p>&nbsp;<\/p>\n<div style=\"width: 640px;\" class=\"wp-video\"><video class=\"wp-video-shortcode\" id=\"video-275-5\" width=\"640\" height=\"358\" preload=\"metadata\" controls=\"controls\"><source type=\"video\/mp4\" src=\"http:\/\/www2.unifap.br\/neamzg\/files\/2022\/02\/V\u00eddeo-5.mp4?_=5\" \/><a href=\"http:\/\/www2.unifap.br\/neamzg\/files\/2022\/02\/V\u00eddeo-5.mp4\">http:\/\/www2.unifap.br\/neamzg\/files\/2022\/02\/V\u00eddeo-5.mp4<\/a><\/video><\/div>\n<p>&nbsp;<\/p>\n<div style=\"width: 640px;\" class=\"wp-video\"><video class=\"wp-video-shortcode\" id=\"video-275-6\" width=\"640\" height=\"275\" preload=\"metadata\" controls=\"controls\"><source type=\"video\/mp4\" src=\"http:\/\/www2.unifap.br\/neamzg\/files\/2022\/02\/V\u00eddeo-6.mp4?_=6\" \/><a href=\"http:\/\/www2.unifap.br\/neamzg\/files\/2022\/02\/V\u00eddeo-6.mp4\">http:\/\/www2.unifap.br\/neamzg\/files\/2022\/02\/V\u00eddeo-6.mp4<\/a><\/video><\/div>\n","protected":false},"excerpt":{"rendered":"<p>V\u00eddeos explicativos do conte\u00fado da cartilha &#8220;Posso criar abelha, m\u00e3e?&#8221;. Para mais informa\u00e7\u00f5es: www2.unifap.br\/neamzg\/meliponario-pibex2020\/ &nbsp; &nbsp; &nbsp; &nbsp; &nbsp; &nbsp;<\/p>\n","protected":false},"author":2426,"featured_media":0,"parent":0,"menu_order":0,"comment_status":"closed","ping_status":"closed","template":"","meta":{"inline_featured_image":false,"ngg_post_thumbnail":0,"footnotes":""},"class_list":["post-275","page","type-page","status-publish","hentry"],"_links":{"self":[{"href":"http:\/\/www2.unifap.br\/neamzg\/wp-json\/wp\/v2\/pages\/275","targetHints":{"allow":["GET"]}}],"collection":[{"href":"http:\/\/www2.unifap.br\/neamzg\/wp-json\/wp\/v2\/pages"}],"about":[{"href":"http:\/\/www2.unifap.br\/neamzg\/wp-json\/wp\/v2\/types\/page"}],"author":[{"embeddable":true,"href":"http:\/\/www2.unifap.br\/neamzg\/wp-json\/wp\/v2\/users\/2426"}],"replies":[{"embeddable":true,"href":"http:\/\/www2.unifap.br\/neamzg\/wp-json\/wp\/v2\/comments?post=275"}],"version-history":[{"count":5,"href":"http:\/\/www2.unifap.br\/neamzg\/wp-json\/wp\/v2\/pages\/275\/revisions"}],"predecessor-version":[{"id":293,"href":"http:\/\/www2.unifap.br\/neamzg\/wp-json\/wp\/v2\/pages\/275\/revisions\/293"}],"wp:attachment":[{"href":"http:\/\/www2.unifap.br\/neamzg\/wp-json\/wp\/v2\/media?parent=275"}],"curies":[{"name":"wp","href":"https:\/\/api.w.org\/{rel}","templated":true}]}}