{"id":29,"date":"2018-10-08T22:14:43","date_gmt":"2018-10-08T22:14:43","guid":{"rendered":"http:\/\/www2.unifap.br\/neamzg\/?page_id=29"},"modified":"2021-10-12T22:34:15","modified_gmt":"2021-10-12T22:34:15","slug":"colaboradores","status":"publish","type":"page","link":"http:\/\/www2.unifap.br\/neamzg\/colaboradores\/","title":{"rendered":"Colaboradores"},"content":{"rendered":"<p>APOIO<\/p>\n<p>Universidade Federal do Amap\u00e1 &#8211; UNIFAP\/<em>Campus<\/em> Mazag\u00e3o<\/p>\n<p>Licenciatura em Educa\u00e7\u00e3o do Campo: \u00eanfase e Agronomia e Biologia<\/p>\n<p>Conselho Nacional de Desenvolvimento Cient\u00edfico e Tecnol\u00f3gico &#8211; CNPq<\/p>\n<p>Funda\u00e7\u00e3o de Amparo \u00e0 Pesquisa do Amap\u00e1 &#8211; FAPEAP<\/p>\n<p>Minist\u00e9rio da Educa\u00e7\u00e3o &#8211; MEC<\/p>\n<p>Minist\u00e9rio da Ci\u00eancia, Tecnologia, Inova\u00e7\u00f5es e Comunica\u00e7\u00f5es &#8211; MCTIC<\/p>\n<p>Minist\u00e9rio da Agricultura, Pecu\u00e1ria e Abastecimento &#8211; MAPA<\/p>\n<p>Casa Civil da Presid\u00eancia da Rep\u00fablica<\/p>\n<p>&nbsp;<\/p>\n<p>PARCEIROS<\/p>\n<p>Empresa Brasileira de Pesquisa Agropecu\u00e1ria &#8211;\u00a0 EMBRAPA\/Amap\u00e1<\/p>\n<p>Instituto Federal do Amap\u00e1 &#8211; IFAP<\/p>\n<p>Instituto Chico Mendes de Conserva\u00e7\u00e3o da Biodiversidade &#8211; ICMBio<\/p>\n<p>Instituto de Desenvolvimento Rural do Amap\u00e1 &#8211; RURAP<\/p>\n<p>Instituto de Pesquisas Cient\u00edficas e Tecnol\u00f3gicas do Estado do Amap\u00e1 &#8211; IEPA<\/p>\n<p>Associa\u00e7\u00e3o de Moradores e Trabalhadores em Produtos da Cadeia da Sociobiodiversidade do M\u00e9dio e Baixo Rio Cajari e Muriac\u00e1 &#8211;\u00a0ACIOBIO<\/p>\n<p>Associa\u00e7\u00e3o do Moradores Agroextrativistas do Cajari &#8211; AMAEX-CA<\/p>\n<p>ASS. CAJARI<\/p>\n","protected":false},"excerpt":{"rendered":"<p>APOIO Universidade Federal do Amap\u00e1 &#8211; UNIFAP\/Campus Mazag\u00e3o Licenciatura em Educa\u00e7\u00e3o do Campo: \u00eanfase e Agronomia e Biologia Conselho Nacional de Desenvolvimento Cient\u00edfico e Tecnol\u00f3gico &#8211; CNPq Funda\u00e7\u00e3o de Amparo \u00e0 Pesquisa do Amap\u00e1 &#8211; FAPEAP Minist\u00e9rio da Educa\u00e7\u00e3o &#8211;&hellip; <\/p>\n<p><a href=\"http:\/\/www2.unifap.br\/neamzg\/colaboradores\/\" class=\"readmore-button\">Continue Reading<\/a><\/p>\n","protected":false},"author":2426,"featured_media":0,"parent":0,"menu_order":0,"comment_status":"closed","ping_status":"closed","template":"","meta":{"inline_featured_image":false,"ngg_post_thumbnail":0,"footnotes":""},"class_list":["post-29","page","type-page","status-publish","hentry"],"_links":{"self":[{"href":"http:\/\/www2.unifap.br\/neamzg\/wp-json\/wp\/v2\/pages\/29","targetHints":{"allow":["GET"]}}],"collection":[{"href":"http:\/\/www2.unifap.br\/neamzg\/wp-json\/wp\/v2\/pages"}],"about":[{"href":"http:\/\/www2.unifap.br\/neamzg\/wp-json\/wp\/v2\/types\/page"}],"author":[{"embeddable":true,"href":"http:\/\/www2.unifap.br\/neamzg\/wp-json\/wp\/v2\/users\/2426"}],"replies":[{"embeddable":true,"href":"http:\/\/www2.unifap.br\/neamzg\/wp-json\/wp\/v2\/comments?post=29"}],"version-history":[{"count":4,"href":"http:\/\/www2.unifap.br\/neamzg\/wp-json\/wp\/v2\/pages\/29\/revisions"}],"predecessor-version":[{"id":42,"href":"http:\/\/www2.unifap.br\/neamzg\/wp-json\/wp\/v2\/pages\/29\/revisions\/42"}],"wp:attachment":[{"href":"http:\/\/www2.unifap.br\/neamzg\/wp-json\/wp\/v2\/media?parent=29"}],"curies":[{"name":"wp","href":"https:\/\/api.w.org\/{rel}","templated":true}]}}