{"id":99,"date":"2020-02-04T22:18:54","date_gmt":"2020-02-04T22:18:54","guid":{"rendered":"http:\/\/www2.unifap.br\/neamzg\/?page_id=99"},"modified":"2021-10-12T22:35:04","modified_gmt":"2021-10-12T22:35:04","slug":"xi-congresso-brasileiro-de-agroecologia","status":"publish","type":"page","link":"http:\/\/www2.unifap.br\/neamzg\/xi-congresso-brasileiro-de-agroecologia\/","title":{"rendered":"XI Congresso Brasileiro de Agroecologia"},"content":{"rendered":"<p>04 a <span id=\"OBJ_PREFIX_DWT69_com_zimbra_date\" class=\"Object\" role=\"link\">07\/11\/2019<\/span> &#8211; Universidade Federal de Sergipe, Aracaju\/SE<\/p>\n<p style=\"font-weight: 400\"><u>Resumo 01<\/u><\/p>\n<p style=\"font-weight: 400\">T\u00edtulo: Seguran\u00e7a alimentar e medicina popular na Reserva Extrativista Rio Cajari, Amap\u00e1, Amaz\u00f4nia, Brasil<\/p>\n<p style=\"font-weight: 400\">Autores: RIBEIRO, Adivair Freitas; LE\u00c3O, Janilson Morais de; MORAES, Alcidete Flexa; PENHA, Willis Freitas; PAULA FILHO, Galdino Xavier.<\/p>\n<p style=\"font-weight: 400\">Resumo: A Reserva Extrativista Rio Cajari \u00e9 habitada por popula\u00e7\u00f5es tradicionais que desenvolvem seus sistemas de produ\u00e7\u00e3o baseados no agroextrativismo, tendo as florestas como fonte dos produtos que s\u00e3o demandados para alimenta\u00e7\u00e3o, medicina popular, ferramentas e utens\u00edlios para pesca e agricultura, e constru\u00e7\u00e3o de habita\u00e7\u00f5es. Por\u00e9m, nos \u00faltimos anos t\u00eam crescido os focos de queimadas e de desmatamento nesta regi\u00e3o, amea\u00e7ando muitas esp\u00e9cies nativas para as quais ainda n\u00e3o h\u00e1 informa\u00e7\u00f5es de manejo. Desta forma, o presente estudo teve o objetivo de coletar sementes de esp\u00e9cies nativas da Resex Rio Cajari para produzir mudas e posteriormente distribuir nas comunidades da regi\u00e3o. At\u00e9 o momento j\u00e1 foram coletadas e est\u00e3o sendo propagadas sementes de oito esp\u00e9cies nativas. Essa a\u00e7\u00e3o contribui com as estrat\u00e9gias da soberania e seguran\u00e7a alimentar destas popula\u00e7\u00f5es, visto que estas esp\u00e9cies, al\u00e9m de serem utilizadas nas comunidades, tamb\u00e9m t\u00eam seu excedente comercializado nas feiras urbanas do estado.<\/p>\n<p style=\"font-weight: 400\"><a href=\"http:\/\/www2.unifap.br\/neamzg\/files\/2020\/06\/Seguran\u00e7a-alimentar-e-medicina-popular-na-Reserva-Extrativista-Rio-Cajari-Amap\u00e1-Amaz\u00f4nia-Brasil.pdf\">P\u00f4ster<\/a>&nbsp;<\/p>\n<p style=\"font-weight: 400\"><u>Resumo 02<\/u><\/p>\n<p style=\"font-weight: 400\">T\u00edtulo: Identifica\u00e7\u00e3o de Plantas Aliment\u00edcias N\u00e3o Convencionais e Plantas Medicinais em tr\u00eas escolas da Reserva Extrativista Rio Cajari, Sul do Estado do Amap\u00e1<\/p>\n<p style=\"font-weight: 400\">Autores: MORAES, Alcidete Flexa; RIBEIRO, Adivair Freitas; JARDIM, Ranicley Sousa; VAZ, Joaz Braz\u00e3o; PAULA FILHO, Galdino Xavier<\/p>\n<p style=\"font-weight: 400\">Resumo: A Amaz\u00f4nia disp\u00f5e de elevada diversidade de esp\u00e9cies vegetais utilizadas como recursos aliment\u00edcios e fitoter\u00e1picos. Entretanto, nota-se que o conhecimento sobre o uso destes recursos v\u00eam diminuindo. Considerando estes aspectos, o presente trabalho teve como objetivo resgatar as esp\u00e9cies vegetais mais abundantes em tr\u00eas comunidades ribeirinhas da RESEX Rio Cajari, no Sul do Amap\u00e1. O projeto foi desenvolvido junto \u00e0 alunos do ensino fundamental e consistiu na realiza\u00e7\u00e3o de aulas expositivas sobre o benef\u00edcio das plantas, e turn\u00eas guiadas com os alunos nos entornos das escolas. As informa\u00e7\u00f5es obtidas est\u00e3o sendo organizadas em uma cartilha did\u00e1tica que servir\u00e1 de subsidio para compor as respectivas bibliotecas escolares.<\/p>\n<p style=\"font-weight: 400\"><a href=\"http:\/\/www2.unifap.br\/neamzg\/files\/2020\/06\/Identifica\u00e7\u00e3o-de-Plantas-Aliment\u00edcias-N\u00e3o-Convencionais-e-Plantas-Medicinais-em-tr\u00eas-escolas-da-Reserva-Extrativista-Rio-Cajari-Sul-do-Estado-do-Amap\u00e1.pdf\">P\u00f4ster<\/a><\/p>\n<p style=\"font-weight: 400\"><u>Resumo 03<\/u><\/p>\n<p style=\"font-weight: 400\">T\u00edtulo: Agroecologia e produ\u00e7\u00e3o org\u00e2nica no Territ\u00f3rio Sul do Estado do Amap\u00e1<\/p>\n<p style=\"font-weight: 400\">Autores: PENHA, Willis Freitas; CHUCRE, Sirlany Brand\u00e3o; SALGADO, Jess\u00e9 Valente; LE\u00c3O, Janilson Morais de; PAULA FILHO, Galdino Xavier.<\/p>\n<p style=\"font-weight: 400\">Resumo: O territ\u00f3rio Sul do Amap\u00e1 \u00e9 constitu\u00eddo por popula\u00e7\u00f5es tradicionais que desenvolvem seus sistemas de produ\u00e7\u00e3o em estreita simbiose com os recursos naturais, principalmente rios e florestas. Considerando estes aspectos, este trabalho relata as a\u00e7\u00f5es desenvolvidas pelo N\u00facleo de Estudo em Agroecologia e Produ\u00e7\u00e3o Org\u00e2nica da Universidade Federal do Amap\u00e1 \u2013&nbsp;<em>Campus&nbsp;<\/em>Mazag\u00e3o (NEA UNIFAP\/MZG), as quais dividem-se em dois eixos: Educa\u00e7\u00e3o socioambiental, visa a realiza\u00e7\u00e3o de cursos, palestras, diagn\u00f3sticos e capacita\u00e7\u00e3o, e Produ\u00e7\u00e3o vegetal e animal na perspectiva agroecol\u00f3gica, consiste na implanta\u00e7\u00e3o de viveiro para esp\u00e9cies medicinais, PANC e melit\u00f3filas; de banco de sementes crioulas e de sistema de cria\u00e7\u00e3o de frangos caipiras org\u00e2nicas. Al\u00e9m da cria\u00e7\u00e3o da Comiss\u00e3o de Produ\u00e7\u00e3o Org\u00e2nica do Estado do Amap\u00e1 (CPORG). Observa-se que h\u00e1 uma demanda consider\u00e1vel de produ\u00e7\u00e3o agroecol\u00f3gica e org\u00e2nica nesse territ\u00f3rio, mas necessita ser mais fomentada por meio de pesquisa cientifica e assessoria t\u00e9cnica.<\/p>\n<p><a href=\"http:\/\/www2.unifap.br\/neamzg\/files\/2020\/06\/Agroecologia-e-produ\u00e7\u00e3o-org\u00e2nica-no-Territ\u00f3rio-Sul-do-Estado-do-Amap\u00e1.pdf\">P\u00f4ster<\/a><\/p>\n","protected":false},"excerpt":{"rendered":"<p>04 a 07\/11\/2019 &#8211; Universidade Federal de Sergipe, Aracaju\/SE Resumo 01 T\u00edtulo: Seguran\u00e7a alimentar e medicina popular na Reserva Extrativista Rio Cajari, Amap\u00e1, Amaz\u00f4nia, Brasil Autores: RIBEIRO, Adivair Freitas; LE\u00c3O, Janilson Morais de; MORAES, Alcidete Flexa; PENHA, Willis Freitas; PAULA&hellip; <\/p>\n<p><a href=\"http:\/\/www2.unifap.br\/neamzg\/xi-congresso-brasileiro-de-agroecologia\/\" class=\"readmore-button\">Continue Reading<\/a><\/p>\n","protected":false},"author":2426,"featured_media":0,"parent":0,"menu_order":0,"comment_status":"closed","ping_status":"closed","template":"","meta":{"inline_featured_image":false,"ngg_post_thumbnail":0,"footnotes":""},"class_list":["post-99","page","type-page","status-publish","hentry"],"_links":{"self":[{"href":"http:\/\/www2.unifap.br\/neamzg\/wp-json\/wp\/v2\/pages\/99","targetHints":{"allow":["GET"]}}],"collection":[{"href":"http:\/\/www2.unifap.br\/neamzg\/wp-json\/wp\/v2\/pages"}],"about":[{"href":"http:\/\/www2.unifap.br\/neamzg\/wp-json\/wp\/v2\/types\/page"}],"author":[{"embeddable":true,"href":"http:\/\/www2.unifap.br\/neamzg\/wp-json\/wp\/v2\/users\/2426"}],"replies":[{"embeddable":true,"href":"http:\/\/www2.unifap.br\/neamzg\/wp-json\/wp\/v2\/comments?post=99"}],"version-history":[{"count":5,"href":"http:\/\/www2.unifap.br\/neamzg\/wp-json\/wp\/v2\/pages\/99\/revisions"}],"predecessor-version":[{"id":134,"href":"http:\/\/www2.unifap.br\/neamzg\/wp-json\/wp\/v2\/pages\/99\/revisions\/134"}],"wp:attachment":[{"href":"http:\/\/www2.unifap.br\/neamzg\/wp-json\/wp\/v2\/media?parent=99"}],"curies":[{"name":"wp","href":"https:\/\/api.w.org\/{rel}","templated":true}]}}