{"id":22,"date":"2009-11-27T11:21:43","date_gmt":"2009-11-27T14:21:43","guid":{"rendered":"http:\/\/pororoca.unifap.br\/nec\/?page_id=22"},"modified":"2009-11-27T11:21:43","modified_gmt":"2009-11-27T14:21:43","slug":"projetos","status":"publish","type":"page","link":"http:\/\/www2.unifap.br\/nec\/projetos\/","title":{"rendered":"Projetos"},"content":{"rendered":"<p><strong>O N\u00facleo de Educa\u00e7\u00e3o e Cultura da UNIFAP, desenvolve os seguintes projetos&#8230;<\/strong><\/p>\n","protected":false},"excerpt":{"rendered":"<p>O N\u00facleo de Educa\u00e7\u00e3o e Cultura da UNIFAP, desenvolve os seguintes projetos&#8230;<\/p>\n","protected":false},"author":1,"featured_media":0,"parent":0,"menu_order":0,"comment_status":"closed","ping_status":"closed","template":"","meta":{"inline_featured_image":false,"ngg_post_thumbnail":0,"footnotes":""},"class_list":["post-22","page","type-page","status-publish","hentry"],"_links":{"self":[{"href":"http:\/\/www2.unifap.br\/nec\/wp-json\/wp\/v2\/pages\/22","targetHints":{"allow":["GET"]}}],"collection":[{"href":"http:\/\/www2.unifap.br\/nec\/wp-json\/wp\/v2\/pages"}],"about":[{"href":"http:\/\/www2.unifap.br\/nec\/wp-json\/wp\/v2\/types\/page"}],"author":[{"embeddable":true,"href":"http:\/\/www2.unifap.br\/nec\/wp-json\/wp\/v2\/users\/1"}],"replies":[{"embeddable":true,"href":"http:\/\/www2.unifap.br\/nec\/wp-json\/wp\/v2\/comments?post=22"}],"version-history":[{"count":0,"href":"http:\/\/www2.unifap.br\/nec\/wp-json\/wp\/v2\/pages\/22\/revisions"}],"wp:attachment":[{"href":"http:\/\/www2.unifap.br\/nec\/wp-json\/wp\/v2\/media?parent=22"}],"curies":[{"name":"wp","href":"https:\/\/api.w.org\/{rel}","templated":true}]}}